{"id":9945,"date":"2025-08-06T14:43:00","date_gmt":"2025-08-06T14:43:00","guid":{"rendered":"https:\/\/canott.com\/product\/morku-aliejus-su-rozmarinu-ekstraktu-75-ml"},"modified":"2026-03-09T12:13:53","modified_gmt":"2026-03-09T12:13:53","slug":"morku-aliejus-su-rozmarinu-ekstraktu-75-ml","status":"publish","type":"product","link":"https:\/\/canott.com\/lt\/produktas\/morku-aliejus-su-rozmarinu-ekstraktu-75-ml","title":{"rendered":"Mork\u0173 aliejus su rozmarin\u0173 ekstraktu \u2013 75 ml"},"content":{"rendered":"<section>\n<h2>Apie produkt\u0105<\/h2>\n<p><strong>Magrada mork\u0173 aliejus su rozmarin\u0173 ekstraktu<\/strong> \u2013 tai 100 % nat\u016bralus veido ir k\u016bno aliejus, skirtas kasdienei odos prie\u017ei\u016brai. Minimalistin\u0117 formul\u0117 sujungia <strong>vitamin\u0173 gausias mork\u0173 savybes<\/strong> su raminamosiomis <strong>rozmarin\u0173 ir saul\u0117gr\u0105\u017e\u0173 s\u0117kl\u0173 aliejaus<\/strong> savyb\u0117mis. <\/p>\n<p>Aliejus padeda i\u0161ry\u0161kinti nat\u016braliai skaist\u0173, saul\u0117s nubu\u010diuotos odos atspalvio \u012fvaizd\u012f, kartu i\u0161laikydamas odos \u0161velnum\u0105 ir spindes\u012f.<strong> Mork\u0173 \u0161akn\u0173 ekstraktas<\/strong> padeda suteikti odai nat\u016bral\u0173 \u0161vyt\u0117jim\u0105, o <strong>rozmarin\u0173 ekstraktas<\/strong> pasi\u017eymi raminamosiomis ir antioksidacin\u0117mis savyb\u0117mis. Vitaminu E ir omega riebal\u0173 r\u016bg\u0161timis turtingas <strong>saul\u0117gr\u0105\u017e\u0173 s\u0117kl\u0173<\/strong> aliejus maitina, dr\u0117kina ir padeda palaikyti nat\u016brali\u0105 odos pusiausvyr\u0105.<\/p>\n<p><em>Lengvos tekst\u016bros, greitai \u012fsigeriantis ir \u0161velniai auksinio atspalvio aliejus palieka od\u0105 \u0161velni\u0105, sudr\u0117kint\u0105 ir nat\u016braliai spindin\u010di\u0105.<\/em><\/p>\n<h3>Pagrindin\u0117 nauda<\/h3>\n<ul>\n<li>Padeda i\u0161ry\u0161kinti nat\u016bral\u0173, saul\u0117s nubu\u010diuotos odos \u0161vyt\u0117jimo \u012fvaizd\u012f<\/li>\n<li>Maitina ir mink\u0161tina od\u0105 ekologi\u0161kais mork\u0173 ir saul\u0117gr\u0105\u017e\u0173 aliejais<\/li>\n<li>Padeda nuraminti jautri\u0105 od\u0105 rozmarin\u0173 ekstraktu<\/li>\n<li>100 % nat\u016bralios kilm\u0117s ingredientai<\/li>\n<li>Vegani\u0161kas, be kvapi\u0173j\u0173 med\u017eiag\u0173, rank\u0173 darbo, pagamintas Estijoje<\/li>\n<\/ul>\n<h3>Detal\u0117s<\/h3>\n<ul>\n<li><strong>T\u016bris<\/strong>: 75 ml<\/li>\n<li><strong>Odos tipas:<\/strong> Tinka vis\u0173 tip\u0173 odai, \u012fskaitant jautri\u0105.<\/li>\n<li><strong>Tekst\u016bra<\/strong>: lengvas, greitai \u012fsigeriantis aliejus<\/li>\n<li><strong>Kilm\u0117:<\/strong> Pagaminta Estijoje<\/li>\n<\/ul>\n<h3>Sud\u0117tis (INCI):<\/h3>\n<p>Helianthus Annuus (Sunflower) Seed Oil*, Daucus Carota Sativa (Carrot) Root Extract*, Rosmarinus Officinalis (Rosemary) Leaf Extract*.<br \/>* Ingredientas sertifikuotas pagal COSMOS Organic standart\u0105.<br \/>Pagaminta i\u0161 100 % nat\u016bralios kilm\u0117s ingredient\u0173.<\/p>\n<p><strong>Be sud\u0117tyje esan\u010di\u0173: <\/strong>paraben\u0173, sulfat\u0173 ir silikon\u0173.<br \/><strong>Vegani\u0161kas \u00b7 Netestuota su gyv\u016bnais \u00b7 Rank\u0173 darbo \u00b7 Trumpa ingredient\u0173 sud\u0117tis.<\/strong><\/p>\n<\/section>\n<h3>Apie prek\u0117s \u017eenkl\u0105<\/h3>\n<p><em>\u012ekurta Estijoje 2015 m.<\/em> motinos ir dukters \u2013 Kaire ir Lisannos \u2013 \u201e<strong>Magrada<\/strong>\u201c \u012fkv\u0117pimo semiasi i\u0161 nepaliestos Hiiumaa salos gamtos. Kiekviena formul\u0117 yra pagarba \u0161iaurieti\u0161kam tyrumui \u2013 nat\u016brali, tvari ir sukurta pabr\u0117\u017eti autenti\u0161k\u0105 gro\u017e\u012f. <\/p>\n<\/section>\n","protected":false},"excerpt":{"rendered":"<p><strong>Saul\u0117 buteliuke<\/strong>. <strong>Magrada mork\u0173 aliejus su rozmarin\u0173 ekstraktu <\/strong>maitina od\u0105 ir i\u0161ry\u0161kina jos nat\u016bral\u0173 \u0161vyt\u0117jim\u0105, pad\u0117damas sukurti nat\u016braliai saul\u0117s nubu\u010diuotos odos \u012fvaizd\u012f.<\/p>\n<p><em>Praturtintas ekologi\u0161kais mork\u0173, rozmarin\u0173 ir saul\u0117gr\u0105\u017e\u0173 aliejais \u2013 pagamintas i\u0161 100 % nat\u016bralios kilm\u0117s ingredient\u0173, vegani\u0161kas ir rank\u0173 darbo, suteikiantis odai skaistumo.<\/em><\/p>\n<p>.<\/p>\n","protected":false},"featured_media":5200,"comment_status":"open","ping_status":"closed","template":"","meta":[],"product_brand":[1956],"product_cat":[1595],"product_tag":[2002,2003,1988,2005,2004,2006],"class_list":{"0":"post-9945","1":"product","2":"type-product","3":"status-publish","4":"has-post-thumbnail","6":"product_brand-magrada-organic-cosmetics","7":"product_cat-kuno-prieziura","8":"product_tag-body-oil","9":"product_tag-carrot-oil","10":"product_tag-natural-skincare","11":"product_tag-organic-oil","12":"product_tag-rosemary-extract","13":"product_tag-vegan-cosmetics","15":"first","16":"instock","17":"shipping-taxable","18":"purchasable","19":"product-type-simple"},"_links":{"self":[{"href":"https:\/\/canott.com\/lt\/wp-json\/wp\/v2\/product\/9945","targetHints":{"allow":["GET"]}}],"collection":[{"href":"https:\/\/canott.com\/lt\/wp-json\/wp\/v2\/product"}],"about":[{"href":"https:\/\/canott.com\/lt\/wp-json\/wp\/v2\/types\/product"}],"replies":[{"embeddable":true,"href":"https:\/\/canott.com\/lt\/wp-json\/wp\/v2\/comments?post=9945"}],"wp:featuredmedia":[{"embeddable":true,"href":"https:\/\/canott.com\/lt\/wp-json\/wp\/v2\/media\/5200"}],"wp:attachment":[{"href":"https:\/\/canott.com\/lt\/wp-json\/wp\/v2\/media?parent=9945"}],"wp:term":[{"taxonomy":"product_brand","embeddable":true,"href":"https:\/\/canott.com\/lt\/wp-json\/wp\/v2\/product_brand?post=9945"},{"taxonomy":"product_cat","embeddable":true,"href":"https:\/\/canott.com\/lt\/wp-json\/wp\/v2\/product_cat?post=9945"},{"taxonomy":"product_tag","embeddable":true,"href":"https:\/\/canott.com\/lt\/wp-json\/wp\/v2\/product_tag?post=9945"}],"curies":[{"name":"wp","href":"https:\/\/api.w.org\/{rel}","templated":true}]}}