{"id":9939,"date":"2025-08-06T14:43:05","date_gmt":"2025-08-06T14:43:05","guid":{"rendered":"https:\/\/canott.com\/product\/levandu-kuno-aliejus-su-vitaminu-e-100-ml"},"modified":"2026-03-09T11:39:53","modified_gmt":"2026-03-09T11:39:53","slug":"levandu-kuno-aliejus-su-vitaminu-e-100-ml","status":"publish","type":"product","link":"https:\/\/canott.com\/lt\/produktas\/levandu-kuno-aliejus-su-vitaminu-e-100-ml","title":{"rendered":"Levand\u0173 k\u016bno aliejus su vitaminu E \u2013 100 ml"},"content":{"rendered":"<section>\n<h2>Apie produkt\u0105<\/h2>\n<p><strong>Levand\u0173 k\u016bno aliejus su vitaminu E<\/strong> kvie\u010dia pasinerti \u012f vakaro ritual\u0105, kupin\u0105 ramyb\u0117s ir pusiausvyros. \u0160is nat\u016bralus k\u016bno aliejus mink\u0161tina od\u0105 ir padeda atsipalaiduoti d\u0117l harmoningai suderint\u0173 ekologi\u0161k\u0173 augalini\u0173 aliej\u0173 ir eterini\u0173 aromat\u0173. <\/p>\n<p><strong>\u0160alto spaudimo dygmin\u0173 aliejus<\/strong> padeda atkurti ir palaikyti odos dr\u0117gm\u0119, o <strong>abrikos\u0173 kauliuk\u0173 aliejus<\/strong> suteikia vitamin\u0173 A, B, C ir E, padedan\u010di\u0173 palaikyti odos \u0161velnum\u0105 ir elastingum\u0105. Simondsij\u0173 aliejus padeda pagerinti odos tonuso ir atsparumo i\u0161vaizd\u0105 d\u0117l nat\u016bralaus <strong>vitamino E kiekio<\/strong>. Raminantis <strong>levand\u0173, greipfrut\u0173 ir kadagi\u0173 eterini\u0173<\/strong> aliej\u0173 derinys sukuria maloni\u0105 aromatin\u0119 patirt\u012f, padedan\u010di\u0105 atsipalaiduoti vakaro metu. <\/p>\n<p><em>\u012ekv\u0117ptas Provanso levand\u0173 lauk\u0173 ir rami\u0173 \u0161iaurieti\u0161k\u0173 vakar\u0173 \u2013 tai poj\u016b\u010di\u0173 kupina patirtis, suteikianti ramyb\u0117s odai ir poj\u016b\u010diams.<\/em><\/p>\n<h3>Pagrindin\u0117 nauda<\/h3>\n<ul>\n<li>Sukuria raminan\u010di\u0105 aromatin\u0119 patirt\u012f<\/li>\n<li>Maitina ir mink\u0161tina od\u0105<\/li>\n<li>Puikiai tinka atpalaiduojan\u010diam vakaro ritualui<\/li>\n<li>Sud\u0117tyje gausu vitamin\u0173 A ir E<\/li>\n<li>Vegani\u0161kas, ekologi\u0161kas produktas<\/li>\n<\/ul>\n<h3>Naudojimas<\/h3>\n<p>\u012emasa\u017euokite \u012f saus\u0105 arba \u0161iek tiek dr\u0117gn\u0105 od\u0105 po maudyni\u0173. Raminan\u010diai aromatinei patir\u010diai sukurti u\u017ela\u0161inkite kelis la\u0161us ant smilkini\u0173 arba kr\u016btin\u0117s srities prie\u0161 mieg\u0105. <\/p>\n<h3>Informacija apie produkt\u0105<\/h3>\n<ul>\n<li><strong>T\u016bris:<\/strong> 100 ml<\/li>\n<li><strong>Tekst\u016bra:<\/strong> Lengvos tekst\u016bros, greitai \u012fsigeriantis aliejus.<\/li>\n<li><strong>Odos tipas:<\/strong> Vis\u0173 tip\u0173 odai.<\/li>\n<li><strong>Kilm\u0117:<\/strong> Pagaminta Estijoje<\/li>\n<\/ul>\n<h3>Sud\u0117tis (INCI):<\/h3>\n<p>\n Carthamus Tinctorius (Safflower) Seed Oil*, Prunus Armeniaca (Apricot) Kernel Oil*,<br \/>\nSimmondsia Chinensis (Jojoba) Seed Oil*, Citrus Paradisi (Grapefruit) Peel Oil*,<br \/>\nLavandula Angustifolia (Lavender) Oil*, Juniperus Communis (Juniper) Fruit Oil,<br \/>\nTocopherol (Vitamin E), Linalool, Limonene.<br \/>* Ingredientai sertifikuoti pagal COSMOS Organic standart\u0105.<br \/>100 % ingredient\u0173 \u2013 nat\u016bralios kilm\u0117s.\n  <\/p>\n<p><strong> Be <\/strong>paraben\u0173, sulfat\u0173 ir silikon\u0173.<br \/>Vegani\u0161kas produktas \u00b7 Netestuota su gyv\u016bnais \u00b7 Rank\u0173 darbo \u00b7 Trumpa ingredient\u0173 sud\u0117tis.<\/p>\n<h3>Apie prek\u0117s \u017eenkl\u0105<\/h3>\n<p><em>Gim\u0119s Hiiumaa saloje Estijoje<\/em>, <strong>Magrada<\/strong> kuria nat\u016brali\u0105 odos prie\u017ei\u016bros kosmetik\u0105, kurioje susijungia mokslas ir \u0161iaurieti\u0161ka gamta \u2013 tyras minimalizmas ir veiksmingos formul\u0117s.<\/p>\n<\/section>\n","protected":false},"excerpt":{"rendered":"<p><strong>Vakaro ramyb\u0117 viename buteliuke<\/strong>.<strong> Levand\u0173 k\u016bno aliejus su vitaminu E<\/strong> maitina od\u0105 ir suteikia poj\u016b\u010diams ramyb\u0117s d\u0117l gryn\u0173 ekologi\u0161k\u0173 aliej\u0173 ir raminan\u010di\u0173 aromat\u0173.<\/p>\n<p><em>Vegani\u0161ka, ekologi\u0161ka ir rank\u0173 darbo kosmetika i\u0161 Estijos \u2013 \u012fkv\u0117pta tyliai ramios \u0160iaur\u0117s nakt\u0173 atmosferos.<\/em><\/p>\n","protected":false},"featured_media":6285,"comment_status":"open","ping_status":"closed","template":"","meta":[],"product_brand":[1956],"product_cat":[1595],"product_tag":[1998,1958,1663,1999,1957,1725,2001,1960,2000],"class_list":{"0":"post-9939","1":"product","2":"type-product","3":"status-publish","4":"has-post-thumbnail","6":"product_brand-magrada-organic-cosmetics","7":"product_cat-kuno-prieziura","8":"product_tag-aromatherapy","9":"product_tag-body-care","10":"product_tag-canott","11":"product_tag-lavender-body-oil","12":"product_tag-organic","13":"product_tag-ranku-darbo","14":"product_tag-relaxing-skincare","15":"product_tag-vegan","16":"product_tag-vitamin-e","18":"first","19":"instock","20":"shipping-taxable","21":"purchasable","22":"product-type-simple"},"_links":{"self":[{"href":"https:\/\/canott.com\/lt\/wp-json\/wp\/v2\/product\/9939","targetHints":{"allow":["GET"]}}],"collection":[{"href":"https:\/\/canott.com\/lt\/wp-json\/wp\/v2\/product"}],"about":[{"href":"https:\/\/canott.com\/lt\/wp-json\/wp\/v2\/types\/product"}],"replies":[{"embeddable":true,"href":"https:\/\/canott.com\/lt\/wp-json\/wp\/v2\/comments?post=9939"}],"wp:featuredmedia":[{"embeddable":true,"href":"https:\/\/canott.com\/lt\/wp-json\/wp\/v2\/media\/6285"}],"wp:attachment":[{"href":"https:\/\/canott.com\/lt\/wp-json\/wp\/v2\/media?parent=9939"}],"wp:term":[{"taxonomy":"product_brand","embeddable":true,"href":"https:\/\/canott.com\/lt\/wp-json\/wp\/v2\/product_brand?post=9939"},{"taxonomy":"product_cat","embeddable":true,"href":"https:\/\/canott.com\/lt\/wp-json\/wp\/v2\/product_cat?post=9939"},{"taxonomy":"product_tag","embeddable":true,"href":"https:\/\/canott.com\/lt\/wp-json\/wp\/v2\/product_tag?post=9939"}],"curies":[{"name":"wp","href":"https:\/\/api.w.org\/{rel}","templated":true}]}}