{"id":9931,"date":"2025-08-26T14:15:17","date_gmt":"2025-08-26T14:15:17","guid":{"rendered":"https:\/\/canott.com\/product\/stangrinantis-kuno-kremas-su-dumbliais-ir-augaliniais-ekstraktais-200-ml"},"modified":"2025-08-26T14:15:17","modified_gmt":"2025-08-26T14:15:17","slug":"stangrinantis-kuno-kremas-su-dumbliais-ir-augaliniais-ekstraktais-200-ml","status":"publish","type":"product","link":"https:\/\/canott.com\/lt\/produktas\/stangrinantis-kuno-kremas-su-dumbliais-ir-augaliniais-ekstraktais-200-ml","title":{"rendered":"Stangrinantis k\u016bno kremas su dumbliais ir augaliniais ekstraktais \u2013 200 ml"},"content":{"rendered":"<section>\n<h2>Apie produkt\u0105<\/h2>\n<p><strong>Stangrinantis k\u016bno kremas su dumbliais ir augaliniais ekstraktais<\/strong> \u012f kasdien\u0119 k\u016bno prie\u017ei\u016bros rutin\u0105 \u012fne\u0161a j\u016bros \u012fkv\u0117ptos gaivos. \u0160is maitinamasis kremas padeda pagerinti odos stangrumo ir tonuso i\u0161vaizd\u0105, kartu dr\u0117kindamas od\u0105 ir suteikdamas jai skaistumo d\u0117l kruop\u0161\u010diai subalansuoto j\u016bros mineral\u0173 ir augalini\u0173 veikli\u0173j\u0173 med\u017eiag\u0173 derinio. <\/p>\n<p><strong>Formul\u0117je derinami j\u016br\u017eoli\u0173, arklio ka\u0161tono, spanguoli\u0173, ginkmed\u017eio lap\u0173 ir alavij\u0173 ekstraktai<\/strong>, kurie padeda palaikyti odos mikrocirkuliacij\u0105, pagerinti odos stangrumo ir glotnumo i\u0161vaizd\u0105 bei suma\u017einti celiulito matomum\u0105. <strong>Sald\u017ei\u0173j\u0173 migdol\u0173 aliejus ir saul\u0117gr\u0105\u017e\u0173 s\u0117kl\u0173 aliejus <\/strong>padeda sustiprinti nat\u016bral\u0173 odos dr\u0117gm\u0117s barjer\u0105, o <strong>vitaminas E <\/strong>ir antioksidantai padeda apsaugoti od\u0105 nuo aplinkos veiksni\u0173. Lengvos tekst\u016bros kremas greitai \u012fsigeria, palikdamas od\u0105 \u0161velni\u0105, elasting\u0105 ir aksomin\u0119. <\/p>\n<p><em>Subtilus mimozos ir \u017eem\u0117s nat\u0173 aromatas primena gaiv\u0173 j\u016bros or\u0105 \u2013 ram\u0173, harmonizuojant\u012f ir subtiliai prabang\u0173.<\/em><\/p>\n<h3>Pagrindin\u0117 nauda<\/h3>\n<ul>\n<li>Padeda pagerinti odos stangrumo ir tonuso i\u0161vaizd\u0105<\/li>\n<li>Dr\u0117kina od\u0105 ir padeda palaikyti jos elastingum\u0105<\/li>\n<li>Padeda palaikyti odos mikrocirkuliacij\u0105 ir suma\u017einti celiulito matomum\u0105<\/li>\n<li>Sud\u0117tyje gausu antioksidant\u0173 ir nat\u016brali\u0173 mineral\u0173<\/li>\n<li>Vegani\u0161kas \u00b7 ekologi\u0161kas \u00b7 rank\u0173 darbo gaminys, pagamintas Estijoje<\/li>\n<\/ul>\n<h3>Naudojimas<\/h3>\n<p>Tepkite ant \u0161varios odos \u0161velniais sukamaisiais judesiais, ypating\u0105 d\u0117mes\u012f skirdami vietoms, kuriose da\u017eniau pasirei\u0161kia celiulitas. Geriausiems rezultatams pasiekti naudokite kasdien po du\u0161o ar \u0161veitimo arba derinkite su tos pa\u010dios linijos<em> stangrinan\u010diu k\u016bno serumu su dumbliais<\/em>. <\/p>\n<h3>Detal\u0117s<\/h3>\n<ul>\n<li><strong>T\u016bris:<\/strong> 200 ml<\/li>\n<li><strong>Odos tipas:<\/strong> Vis\u0173 tip\u0173 odai, \u012fskaitant saus\u0105 ir jautri\u0105.<\/li>\n<li>Tekst\u016bra: Lengvos, aksomin\u0117s tekst\u016bros kremas.<\/li>\n<li><strong>Kilm\u0117:<\/strong> Pagaminta Estijoje<\/li>\n<\/ul>\n<h3>Sud\u0117tis (INCI):<\/h3>\n<p>Aqua, Prunus Amygdalus Dulcis (Sweet Almond) Oil, Glycerin, Parfum (Natural), Sodium Polyacrylate, Glyceryl Citrate\/Lactate\/Linoleate\/Oleate, Panthenol, Alcohol, Aloe Barbadensis (Aloe Vera) Extract, Lecithin, Ascorbyl Palmitate, Helianthus Annuus (Sunflower) Seed Oil, Tocopherol (Vitamin E), Vaccinium Macrocarpon (Cranberry) Fruit Extract*, Ginkgo Biloba (Leaf) Extract, Fucus Vesiculosus (Bladderwrack) Extract, Aesculus Hippocastanum (Horse Chestnut) Seed Extract*, Phenoxyethanol, Ethylhexylglycerin, Potassium Sorbate, Sodium Benzoate.<br \/>* Ingredientai sertifikuoti pagal COSMOS Organic standart\u0105.<br \/>96,45 % ingredient\u0173 \u2013 nat\u016bralios kilm\u0117s.<\/p>\n<p><strong> Be <\/strong>paraben\u0173, sulfat\u0173 ir silikon\u0173.<br \/>Vegani\u0161kas produktas \u00b7 Netestuota su gyv\u016bnais \u00b7 Rank\u0173 darbo \u00b7 Trumpa ingredient\u0173 sud\u0117tis.<\/p>\n<h3>Apie prek\u0117s \u017eenkl\u0105<\/h3>\n<p>Gim\u0119s Hiiumaa saloje, \u201eMagrada\u201c kuria veiksming\u0105 nat\u016brali\u0105 odos prie\u017ei\u016bros kosmetik\u0105, \u012fkv\u0117pt\u0105 Baltijos j\u016bros ir \u0161iaurieti\u0161ko tyrumo \u2013 vietos, kur mokslas ir gamta veikia harmonijoje.<\/p>\n<\/section>\n","protected":false},"excerpt":{"rendered":"<p><strong>\u0160velnus j\u016bros prisilietimas j\u016bs\u0173 odai<\/strong>. <strong>Stangrinantis k\u016bno kremas su dumbliais<\/strong> sujungia j\u016bros mineralus ir augalinius ekstraktus, padedan\u010dius pagerinti odos tonuso i\u0161vaizd\u0105, dr\u0117kinti ir suteikti odai \u0161velnumo.<\/p>\n<p><em>Vegani\u0161ka, ekologi\u0161ka ir rank\u0173 darbo kosmetika i\u0161 Estijos \u2013 \u012fkv\u0117pta rami\u0173 \u0160iaur\u0117s gamtos ritm\u0173.<\/em><\/p>\n","protected":false},"featured_media":5791,"comment_status":"open","ping_status":"closed","template":"","meta":[],"product_brand":[1956],"product_cat":[1595],"product_tag":[1996,1959,1958,1995,1988,1957,1997,1725,1960],"class_list":{"0":"post-9931","1":"product","2":"type-product","3":"status-publish","4":"has-post-thumbnail","6":"product_brand-magrada-organic-cosmetics","7":"product_cat-kuno-prieziura","8":"product_tag-algae","9":"product_tag-anti-cellulite","10":"product_tag-body-care","11":"product_tag-firming-body-cream","12":"product_tag-natural-skincare","13":"product_tag-organic","14":"product_tag-plant-extracts","15":"product_tag-ranku-darbo","16":"product_tag-vegan","18":"first","19":"instock","20":"shipping-taxable","21":"purchasable","22":"product-type-simple"},"_links":{"self":[{"href":"https:\/\/canott.com\/lt\/wp-json\/wp\/v2\/product\/9931","targetHints":{"allow":["GET"]}}],"collection":[{"href":"https:\/\/canott.com\/lt\/wp-json\/wp\/v2\/product"}],"about":[{"href":"https:\/\/canott.com\/lt\/wp-json\/wp\/v2\/types\/product"}],"replies":[{"embeddable":true,"href":"https:\/\/canott.com\/lt\/wp-json\/wp\/v2\/comments?post=9931"}],"wp:featuredmedia":[{"embeddable":true,"href":"https:\/\/canott.com\/lt\/wp-json\/wp\/v2\/media\/5791"}],"wp:attachment":[{"href":"https:\/\/canott.com\/lt\/wp-json\/wp\/v2\/media?parent=9931"}],"wp:term":[{"taxonomy":"product_brand","embeddable":true,"href":"https:\/\/canott.com\/lt\/wp-json\/wp\/v2\/product_brand?post=9931"},{"taxonomy":"product_cat","embeddable":true,"href":"https:\/\/canott.com\/lt\/wp-json\/wp\/v2\/product_cat?post=9931"},{"taxonomy":"product_tag","embeddable":true,"href":"https:\/\/canott.com\/lt\/wp-json\/wp\/v2\/product_tag?post=9931"}],"curies":[{"name":"wp","href":"https:\/\/api.w.org\/{rel}","templated":true}]}}