{"id":9924,"date":"2025-08-28T13:50:03","date_gmt":"2025-08-28T13:50:03","guid":{"rendered":"https:\/\/canott.com\/product\/stangrinamoji-kuno-kauke-su-terapiniu-purvu-200-ml"},"modified":"2026-03-07T11:06:55","modified_gmt":"2026-03-07T11:06:55","slug":"stangrinamoji-kuno-kauke-su-terapiniu-purvu-200-ml","status":"publish","type":"product","link":"https:\/\/canott.com\/lt\/produktas\/stangrinamoji-kuno-kauke-su-terapiniu-purvu-200-ml","title":{"rendered":"Stangrinamoji k\u016bno kauk\u0117 su terapiniu purvu \u2013 200 ml"},"content":{"rendered":"<section>\n<h2>Apie produkt\u0105<\/h2>\n<p><strong>Stangrinamoji k\u016bno kauk\u0117 su dumbliais ir terapiniu purvu <\/strong>sujungia senovin\u0119 j\u016bros gali\u0105 su Estijos gamtos gyvybingumu. \u0160i nat\u016brali k\u016bno prie\u017ei\u016bros priemon\u0117 su mineralais turtingu purvu, durp\u0117mis ir augaliniais ekstraktais padeda pagerinti odos stangrumo i\u0161vaizd\u0105 ir atgaivinti od\u0105. <\/p>\n<p>Patentuotas <strong>terapinio purvo ir durpi\u0173 <\/strong>mi\u0161inys turi bioaktyvi\u0173 jungini\u0173, pasi\u017eymin\u010di\u0173 raminamosiomis ir antioksidacin\u0117mis savyb\u0117mis. <strong>Ekologi\u0161kas spanguoli\u0173<\/strong> ekstraktas padeda pagerinti odos skaistumo i\u0161vaizd\u0105, o <strong>taukmed\u017eio sviestas<\/strong> intensyviai mink\u0161tina ir dr\u0117kina od\u0105. Rezultatas \u2013 lygesn\u0117, \u0161velnesn\u0117 ir skaistesn\u0117 oda po kiekvieno naudojimo. <\/p>\n<p><em>Turtingos tekst\u016bros kauk\u0117 \u0161velniai \u0161ildo od\u0105 jos nesausindama, suteikia jai mink\u0161tumo, elastingumo ir komforto poj\u016bt\u012f \u2013 tarsi SPA ritualas namuose.<\/em><\/p>\n<h3>Pagrindin\u0117 nauda<\/h3>\n<ul>\n<li>Padeda pagerinti odos stangrumo ir elastingumo i\u0161vaizd\u0105<\/li>\n<li>Padeda atgaivinti od\u0105 ir suteikti jai gyvybingumo.<\/li>\n<li>Dr\u0117kina ir mink\u0161tina od\u0105 taukmed\u017eio sviestu<\/li>\n<li>Sud\u0117tyje gausu nat\u016brali\u0173 mineral\u0173 ir antioksidant\u0173<\/li>\n<li>Vegani\u0161kas \u00b7 ekologi\u0161kas \u00b7 rank\u0173 darbo gaminys, pagamintas Estijoje<\/li>\n<\/ul>\n<h3>Naudojimas<\/h3>\n<p>Tepkite tolyg\u0173 sluoksn\u012f ant \u0161varios odos ir palikite veikti 20 minu\u010di\u0173. Intensyvesniam poveikiui galima u\u017edengti pl\u0117vele. Nuplaukite \u0161iltu vandeniu ir naudokite serum\u0105 arba k\u016bno krem\u0105 i\u0161 tos pa\u010dios linijos.<br \/>Naudokite 1\u20132 kartus per savait\u0119 kaip prie\u017ei\u016bros kurso dal\u012f.   <\/p>\n<h3>Detal\u0117s<\/h3>\n<ul>\n<li><strong>T\u016bris:<\/strong> 200 ml<\/li>\n<li><strong>Odos tipas:<\/strong> Tinka vis\u0173 tip\u0173 odai, \u012fskaitant jautri\u0105.<\/li>\n<li>Turtingos tekst\u016bros, mineralais praturtinta kauk\u0117.<\/li>\n<li>Pagaminta Estijoje, bendradarbiaujant su Estijos mokslininkais.<\/li>\n<\/ul>\n<h3>Sud\u0117tis (INCI):<\/h3>\n<p>Maris Limus (Peloid), Peat, Glycerin, Butyrospermum Parkii (Shea) Butter*, Aqua, Vaccinium Macrocarpon (Cranberry) Fruit Extract*, Phenoxyethanol, Ethylhexylglycerin, Citric Acid, Sodium Benzoate, Potassium Sorbate.<br \/>* Ingredientai sertifikuoti pagal COSMOS Organic standart\u0105.<br \/>99,38 % ingredient\u0173 \u2013 nat\u016bralios kilm\u0117s.<\/p>\n<p>Be: paraben\u0173, sulfat\u0173, silikon\u0173.<br \/><strong>Vegani\u0161kas produktas. Netestuota su gyv\u016bnais. Rank\u0173 darbo. Trumpa ingredient\u0173 sud\u0117tis.<\/strong><\/p>\n<h3>Apie prek\u0117s \u017eenkl\u0105<\/h3>\n<p><em>\u012ekurtas Hiiumaa saloje<\/em>, \u201e<strong>Magrada<\/strong>\u201c kuria nat\u016brali\u0105 ir veiksming\u0105 odos prie\u017ei\u016bros kosmetik\u0105, \u012fkv\u0117pt\u0105 Baltijos gamtos galios. Prek\u0117s \u017eenklas derina moksl\u0105, grynus ingredientus ir l\u0117tosios kosmetikos (slow beauty) principus.<\/p>\n<\/section>\n","protected":false},"excerpt":{"rendered":"<p><strong>Gamta veikia i\u0161 vidaus<\/strong>.<strong> Stangrinamoji k\u016bno kauk\u0117 su dumbliais <\/strong>sujungia mineralais turting\u0105 terapin\u012f purv\u0105 ir spanguoli\u0173 ekstrakt\u0105, pad\u0117dama pagerinti odos glotnum\u0105, tonus\u0105 ir bendr\u0105 i\u0161vaizd\u0105.<\/p>\n<p><em>Vegani\u0161ka, ekologi\u0161ka ir rank\u0173 darbo formul\u0117 \u2013 giliai valantis ir dr\u0117kinantis odos prie\u017ei\u016bros ritualas, \u012fkv\u0117ptas \u0161iaurieti\u0161kos ramyb\u0117s.<\/em><\/p>\n","protected":false},"featured_media":9921,"comment_status":"open","ping_status":"closed","template":"","meta":[],"product_brand":[1956],"product_cat":[1595],"product_tag":[1959,1958,1992,1988,1957,1994,1725,1993,1960],"class_list":{"0":"post-9924","1":"product","2":"type-product","3":"status-publish","4":"has-post-thumbnail","6":"product_brand-magrada-organic-cosmetics","7":"product_cat-kuno-prieziura","8":"product_tag-anti-cellulite","9":"product_tag-body-care","10":"product_tag-firming-body-mask","11":"product_tag-natural-skincare","12":"product_tag-organic","13":"product_tag-peat-extract","14":"product_tag-ranku-darbo","15":"product_tag-therapeutic-mud","16":"product_tag-vegan","18":"first","19":"instock","20":"shipping-taxable","21":"purchasable","22":"product-type-simple"},"_links":{"self":[{"href":"https:\/\/canott.com\/lt\/wp-json\/wp\/v2\/product\/9924","targetHints":{"allow":["GET"]}}],"collection":[{"href":"https:\/\/canott.com\/lt\/wp-json\/wp\/v2\/product"}],"about":[{"href":"https:\/\/canott.com\/lt\/wp-json\/wp\/v2\/types\/product"}],"replies":[{"embeddable":true,"href":"https:\/\/canott.com\/lt\/wp-json\/wp\/v2\/comments?post=9924"}],"wp:featuredmedia":[{"embeddable":true,"href":"https:\/\/canott.com\/lt\/wp-json\/wp\/v2\/media\/9921"}],"wp:attachment":[{"href":"https:\/\/canott.com\/lt\/wp-json\/wp\/v2\/media?parent=9924"}],"wp:term":[{"taxonomy":"product_brand","embeddable":true,"href":"https:\/\/canott.com\/lt\/wp-json\/wp\/v2\/product_brand?post=9924"},{"taxonomy":"product_cat","embeddable":true,"href":"https:\/\/canott.com\/lt\/wp-json\/wp\/v2\/product_cat?post=9924"},{"taxonomy":"product_tag","embeddable":true,"href":"https:\/\/canott.com\/lt\/wp-json\/wp\/v2\/product_tag?post=9924"}],"curies":[{"name":"wp","href":"https:\/\/api.w.org\/{rel}","templated":true}]}}