{"id":9919,"date":"2025-08-28T13:50:05","date_gmt":"2025-08-28T13:50:05","guid":{"rendered":"https:\/\/canott.com\/product\/stangrinantis-kuno-serumas-su-dumbliais-ir-augaliniais-ekstraktais-35-100-ml"},"modified":"2026-03-07T10:56:49","modified_gmt":"2026-03-07T10:56:49","slug":"stangrinantis-kuno-serumas-su-dumbliais-ir-augaliniais-ekstraktais-35-100-ml","status":"publish","type":"product","link":"https:\/\/canott.com\/lt\/produktas\/stangrinantis-kuno-serumas-su-dumbliais-ir-augaliniais-ekstraktais-35-100-ml","title":{"rendered":"Stangrinantis k\u016bno serumas su dumbliais ir augaliniais ekstraktais, 35 % \u2013 100 ml"},"content":{"rendered":"<section>\n<h2>Apie produkt\u0105<\/h2>\n<p><strong>Stangrinantis k\u016bno serumas su dumbliais ir augaliniais ekstraktais<\/strong> \u2013 tai nat\u016bralus stangrinamasis kompleksas, padedantis pagerinti odos stangrumo i\u0161vaizd\u0105 ir suma\u017einti celiulito matomum\u0105. Koncentruota, augaliniais ingredientais praturtinta formul\u0117 kasdien naudojant padeda palaikyti odos dr\u0117gm\u0119, glotnum\u0105 ir tolygesn\u012f odos ton\u0105. <\/p>\n<p><strong>Sud\u0117tyje esantis ekologi\u0161kas rugiag\u0117li\u0173 vanduo<\/strong> padeda atgaivinti od\u0105 ir suteikti jai skaistumo, o <strong>spanguoli\u0173 ekstraktas <\/strong>pasi\u017eymi antioksidacin\u0117mis savyb\u0117mis. <strong>Arklio ka\u0161tono ir ginkmed\u017eio<\/strong> ekstraktai padeda palaikyti odos mikrocirkuliacij\u0105 ir pagerinti odos stangrumo i\u0161vaizd\u0105, o <strong>j\u016br\u017eoli\u0173 <\/strong>ekstraktas papildo od\u0105 mineralais ir padeda j\u0105 atgaivinti, kad oda atrodyt\u0173 lygesn\u0117 ir elastingesn\u0117.<\/p>\n<p><em>Lengva, greitai \u012fsigerianti tekst\u016bra suteikia odai gaivumo poj\u016bt\u012f, j\u0105 sudr\u0117kina ir palieka \u0161velni\u0105 bei glotni\u0105 \u2013 puikiai tinka kasdienei prie\u017ei\u016brai ar tikslin\u0117ms stangrinamosioms proced\u016broms.<\/em><\/p>\n<h3>Pagrindin\u0117 nauda<\/h3>\n<ul>\n<li>Padeda pagerinti odos stangrumo ir elastingumo i\u0161vaizd\u0105<\/li>\n<li>Padeda suma\u017einti celiulito i\u0161vaizd\u0105<\/li>\n<li>Dr\u0117kina ir maitina od\u0105 dumbliais bei augaliniais ekstraktais<\/li>\n<li>Greitai \u012fsigeria ir tinka vis\u0173 tip\u0173 odai<\/li>\n<li>Vegani\u0161kas, ekologi\u0161kas, rank\u0173 darbo produktas<\/li>\n<\/ul>\n<h3>Naudojimas<\/h3>\n<p>Tepkite du kartus per dien\u0105 \u2013 ryte ir vakare \u2013 ant toki\u0173 k\u016bno viet\u0173 kaip rankos, pilvas, klubai, s\u0117dmenys, \u0161launys ir keliai. Siekiant geresni\u0173 rezultat\u0173, naudokite kartu su tos pa\u010dios linijos k\u016bno kremu. Rekomenduojama naudoti reguliariai kaip odos prie\u017ei\u016bros rutinos dal\u012f.  <\/p>\n<h3>Detal\u0117s<\/h3>\n<ul>\n<li><strong>Talpa:<\/strong> 100 ml<\/li>\n<li><strong>Odos tipas:<\/strong> Tinka vis\u0173 tip\u0173 odai, \u012fskaitant jautri\u0105.<\/li>\n<li><strong>Tekst\u016bra:<\/strong> Lengvos tekst\u016bros gelinis serumas.<\/li>\n<li><strong>Kilm\u0117:<\/strong> Pagaminta Estijoje<\/li>\n<\/ul>\n<\/section>\n<h3>Sud\u0117tis (INCI):<\/h3>\n<p>Centaurea Cyanus (Cornflower) Flower Water*, Aqua, Glycerin, Polysorbate 20, Alcohol, Aesculus Hippocastanum (Horse Chestnut) Seed Extract*, Xanthan Gum, Vaccinium Macrocarpon (Cranberry) Fruit Extract*, Ginkgo Biloba (Maidenhair Tree) Leaf Extract, Fucus Vesiculosus (Bladderwrack) Extract, Parfum (Natural), Phenoxyethanol, Ethylhexylglycerin, Citric Acid, Potassium Sorbate, Sodium Benzoate.<br \/>\u204e Ingredientai sertifikuoti pagal COSMOS Organic standart\u0105.<br \/>96 % ingredient\u0173 \u2013 nat\u016bralios kilm\u0117s.<\/p>\n<p>Be: paraben\u0173, sulfat\u0173, silikon\u0173.<br \/><strong>Vegani\u0161kas produktas. Netestuota su gyv\u016bnais. Rank\u0173 darbo. Trumpa ingredient\u0173 sud\u0117tis.<\/strong><\/p>\n<h3>Apie prek\u0117s \u017eenkl\u0105<\/h3>\n<p>\u012ekv\u0117pta Hiiumaa salos gamtos, \u201e<em>Magrada<\/em>\u201c kuria apdovanojimus pelniusi\u0105 ekologi\u0161k\u0105 kosmetik\u0105 i\u0161 gryn\u0173 augalini\u0173 ingredient\u0173. Minimalistin\u0117s formul\u0117s sukurtos atkurti odos pusiausvyr\u0105, suteikti jai komforto ir nat\u016bralaus \u0161vyt\u0117jimo.<\/p>\n<\/section>\n","protected":false},"excerpt":{"rendered":"<p><strong>Stangrinantis k\u016bno serumas su dumbliais ir augaliniais ekstraktais<\/strong> suteikia odai energijos, padeda pagerinti jos stangrum\u0105 ir skaistum\u0105 kiekvien\u0105 kart\u0105 naudojant.<\/p>\n<p><em>Praturtintas dumbliais, spanguoli\u0173 ir ginkmed\u017eio ekstraktais, \u0161is lengvas, vegani\u0161kas serumas dr\u0117kina od\u0105, suteikia jai elastingumo ir padeda pagerinti jos i\u0161vaizd\u0105.<\/em><\/p>\n","protected":false},"featured_media":9723,"comment_status":"open","ping_status":"closed","template":"","meta":[],"product_brand":[1956],"product_cat":[1595],"product_tag":[1990,1959,1958,1991,1989,1988,1957,1725,1960],"class_list":{"0":"post-9919","1":"product","2":"type-product","3":"status-publish","4":"has-post-thumbnail","6":"product_brand-magrada-organic-cosmetics","7":"product_cat-kuno-prieziura","8":"product_tag-algae-extract","9":"product_tag-anti-cellulite","10":"product_tag-body-care","11":"product_tag-body-firming","12":"product_tag-firming-serum","13":"product_tag-natural-skincare","14":"product_tag-organic","15":"product_tag-ranku-darbo","16":"product_tag-vegan","18":"first","19":"instock","20":"shipping-taxable","21":"purchasable","22":"product-type-simple"},"_links":{"self":[{"href":"https:\/\/canott.com\/lt\/wp-json\/wp\/v2\/product\/9919","targetHints":{"allow":["GET"]}}],"collection":[{"href":"https:\/\/canott.com\/lt\/wp-json\/wp\/v2\/product"}],"about":[{"href":"https:\/\/canott.com\/lt\/wp-json\/wp\/v2\/types\/product"}],"replies":[{"embeddable":true,"href":"https:\/\/canott.com\/lt\/wp-json\/wp\/v2\/comments?post=9919"}],"wp:featuredmedia":[{"embeddable":true,"href":"https:\/\/canott.com\/lt\/wp-json\/wp\/v2\/media\/9723"}],"wp:attachment":[{"href":"https:\/\/canott.com\/lt\/wp-json\/wp\/v2\/media?parent=9919"}],"wp:term":[{"taxonomy":"product_brand","embeddable":true,"href":"https:\/\/canott.com\/lt\/wp-json\/wp\/v2\/product_brand?post=9919"},{"taxonomy":"product_cat","embeddable":true,"href":"https:\/\/canott.com\/lt\/wp-json\/wp\/v2\/product_cat?post=9919"},{"taxonomy":"product_tag","embeddable":true,"href":"https:\/\/canott.com\/lt\/wp-json\/wp\/v2\/product_tag?post=9919"}],"curies":[{"name":"wp","href":"https:\/\/api.w.org\/{rel}","templated":true}]}}