{"id":9722,"date":"2025-08-28T13:50:11","date_gmt":"2025-08-28T13:50:11","guid":{"rendered":"https:\/\/canott.com\/product\/stangrinamasis-kuno-rinkinys"},"modified":"2026-03-07T11:01:08","modified_gmt":"2026-03-07T11:01:08","slug":"stangrinamasis-kuno-rinkinys","status":"publish","type":"product","link":"https:\/\/canott.com\/lt\/produktas\/stangrinamasis-kuno-rinkinys","title":{"rendered":"Stangrinamasis k\u016bno rinkinys"},"content":{"rendered":"<section>\n<h2>Apie produkt\u0105<\/h2>\n<p><strong>\u201eMagrada\u201c stangrinamasis k\u016bno rinkinys<\/strong> \u2013 tai i\u0161samus nat\u016bralios k\u016bno prie\u017ei\u016bros ritualas, skirtas odai tonizuoti, stangrinti ir atgaivinti. \u012ekv\u0117ptas \u0160iaur\u0117s j\u016bros energijos, \u0161is trij\u0173 \u017eingsni\u0173 derinys padeda suma\u017einti celiulito po\u017eymius, i\u0161lyginti odos tekst\u016br\u0105 ir pagerinti jos elastingum\u0105, suteikiant jai stangresn\u0119 ir sveikiau atrodan\u010di\u0105 i\u0161vaizd\u0105. <\/p>\n<p>Rinkin\u012f sudaro:<\/p>\n<ul>\n<li><strong>1. Stangrinamoji k\u016bno kauk\u0117 su terapiniu purvu \u2013 200 ml <\/strong>\u2013 mineralais turtinga k\u016bno kauk\u0117 su terapiniu purvu, durp\u0117mis ir spanguoli\u0173 ekstraktu, padedanti glotninti ir atgaivinti od\u0105 bei palaikyti nat\u016brali\u0105 jos pusiausvyr\u0105.<\/li>\n<li><strong>2. Stangrinantis k\u016bno serumas (35 %) \u2013 100 ml <\/strong>\u2013 koncentruota arklio ka\u0161tono, ginkmed\u017eio lap\u0173, spanguoli\u0173 ir j\u016br\u017eoli\u0173 ekstrakt\u0173 formul\u0117, padedanti pagerinti odos stangrumo ir glotnumo i\u0161vaizd\u0105.<\/li>\n<li><strong>3. Stangrinantis k\u016bno kremas su dumbliais \u2013 200 ml <\/strong>\u2013 dr\u0117kina ir mink\u0161tina od\u0105 sald\u017ei\u0173j\u0173 migdol\u0173 aliejumi, vitaminu E ir alavij\u0173 ekstraktu, suteikdamas odai \u0161velnumo ir elastingumo poj\u016bt\u012f.<\/li>\n<\/ul>\n<p><em>Nat\u016brali\u0173 veikli\u0173j\u0173 med\u017eiag\u0173 ir j\u016bros mineral\u0173 sinergija paver\u010dia k\u016bno prie\u017ei\u016br\u0105 s\u0105moningu, poj\u016b\u010dius \u017eadinan\u010diu ritualu \u2013 ramyb\u0117s akimirka, \u012fkv\u0117pta tyros \u0160iaur\u0117s j\u016bros gamtos.<\/em><\/p>\n<h3>Pagrindin\u0117 nauda<\/h3>\n<ul>\n<li>Padeda gerinti odos i\u0161vaizd\u0105, esant celiulitui<\/li>\n<li>Tonizuoja ir stangrina od\u0105<\/li>\n<li>Gerina odos elastingum\u0105 ir dr\u0117gm\u0117s balans\u0105<\/li>\n<li>Skatina mikrocirkuliacij\u0105 ir palaiko odos \u0161varos poj\u016bt\u012f<\/li>\n<li>Vegani\u0161kas \u00b7 ekologi\u0161kas \u00b7 rank\u0173 darbo gaminys, pagamintas Estijoje<\/li>\n<\/ul>\n<h3>Naudojimas<\/h3>\n<ol>\n<li><strong>Kauk\u0117:<\/strong> Tepkite tolygiai ant \u0161varios odos ir palikite 20 minu\u010di\u0173. Intensyvesniam poveikiui u\u017edenkite pl\u0117vele. Nuplaukite ir t\u0119skite prie\u017ei\u016br\u0105 serumu bei kremu.  <\/li>\n<li><strong>Serumas:<\/strong> Tepkite du kartus per dien\u0105 ant rank\u0173, pilvo, klub\u0173, \u0161laun\u0173 ir keli\u0173 sri\u010di\u0173. \u0160velniai \u012fmasa\u017euokite, kol susigers. <\/li>\n<li><strong>Kremas<\/strong>:Tepkite du kartus per dien\u0105 toms pa\u010dioms k\u016bno vietoms, siekiant palaikyti dr\u0117gm\u0119 ir odos stangrum\u0105.<\/li>\n<\/ol>\n<p>Optimaliam rezultatui pasiekti naudokite vis\u0105 ritual\u0105 kursu \u2013 kelias savaites i\u0161 eil\u0117s.<\/p>\n<h3>Sud\u0117tis (INCI):<\/h3>\n<p><strong>Kauk\u0117:<\/strong> Maris Limus (Peloid), Peat, Glycerin, Butyrospermum Parkii (Shea) Butter*, Aqua, Vaccinium Macrocarpon (Cranberry) Fruit Extract*, Phenoxyethanol, Ethylhexylglycerin, Citric Acid, Sodium Benzoate, Potassium Sorbate<br \/><strong>Serumas:<\/strong> Centaurea Cyanus (Cornflower) Flower Water*, Aqua, Glycerin, Polysorbate 20, Alcohol, Aesculus Hippocastanum (Horse Chestnut) Seed Extract*, Xanthan Gum, Vaccinium Macrocarpon (Cranberry) Fruit Extract*, Ginkgo Biloba Leaf Extract, Fucus Vesiculosus Extract, Parfum (Natural), Phenoxyethanol, Ethylhexylglycerin, Citric Acid, Potassium Sorbate, Sodium Benzoate<br \/><strong>Kremas:<\/strong> Aqua, Prunus Amygdalus Dulcis (Sweet Almond) Oil, Glycerin, Parfum (Natural), Sodium Polyacrylate, Glyceryl Citrate\/Lactate\/Linoleate\/Oleate, Panthenol, Alcohol, Aloe Barbadensis (Aloe Vera) Extract, Lecithin, Ascorbyl Palmitate, Helianthus Annuus (Sunflower) Seed Oil, Tocopherol (Vitamin E), Vaccinium Macrocarpon (Cranberry) Fruit Extract*, Ginkgo Biloba Leaf Extract, Fucus Vesiculosus Extract, Aesculus Hippocastanum (Horse Chestnut) Seed Extract*, Phenoxyethanol, Ethylhexylglycerin, Potassium Sorbate, Sodium Benzoate.<br \/>*COSMOS Certified Organic Ingredients.<\/p>\n<p>Be: paraben\u0173, sulfat\u0173, silikon\u0173.<br \/><strong>Vegani\u0161kas produktas. Netestuota su gyv\u016bnais. Rank\u0173 darbo. Trumpa ingredient\u0173 sud\u0117tis.<\/strong><\/p>\n<h3>Apie prek\u0117s \u017eenkl\u0105<\/h3>\n<p><em>Gimusi Hiiumaa saloje<\/em>, \u201e<strong>Magrada<\/strong>\u201c sujungia mokslin\u012f tikslum\u0105 ir Baltijos gamtos gali\u0105, kurdama odos prie\u017ei\u016bros priemones, kurios pasi\u017eymi tyrumu, pusiausvyra ir laikui nepavald\u017eiu charakteriu \u2013 atspindin\u010diu rami\u0105 j\u016bros stipryb\u0119.<\/p>\n<\/section>\n","protected":false},"excerpt":{"rendered":"<p><strong>Ritualas, gim\u0119s i\u0161 j\u016bros<\/strong>.<strong> \u201eMagrada\u201c stangrinamasis k\u016bno rinkinys<\/strong> sujungia dumblius, augal\u0173 ekstraktus ir mineralus \u012f veiksming\u0105 3 \u017eingsni\u0173 rutin\u0105, kuri tonizuoja, stangrina ir glotnina od\u0105.<\/p>\n<p><em>Vegani\u0161kas, ekologi\u0161kas ir rank\u0173 darbo, pagamintas Estijoje \u2013 \u012fkv\u0117ptas ramaus \u0161iaurieti\u0161ko sav\u0119s puosel\u0117jimo ritmo.<\/em><\/p>\n","protected":false},"featured_media":9719,"comment_status":"open","ping_status":"closed","template":"","meta":[],"product_brand":[1956],"product_cat":[1617,1595],"product_tag":[1962,1959,1958,1961,1963,1957,1725,1960],"class_list":{"0":"post-9722","1":"product","2":"type-product","3":"status-publish","4":"has-post-thumbnail","6":"product_brand-magrada-organic-cosmetics","7":"product_cat-dovanos-jai","8":"product_cat-kuno-prieziura","9":"product_tag-algae-skincare","10":"product_tag-anti-cellulite","11":"product_tag-body-care","12":"product_tag-firming-body-set","13":"product_tag-natural-ritual","14":"product_tag-organic","15":"product_tag-ranku-darbo","16":"product_tag-vegan","18":"first","19":"instock","20":"shipping-taxable","21":"purchasable","22":"product-type-simple"},"_links":{"self":[{"href":"https:\/\/canott.com\/lt\/wp-json\/wp\/v2\/product\/9722","targetHints":{"allow":["GET"]}}],"collection":[{"href":"https:\/\/canott.com\/lt\/wp-json\/wp\/v2\/product"}],"about":[{"href":"https:\/\/canott.com\/lt\/wp-json\/wp\/v2\/types\/product"}],"replies":[{"embeddable":true,"href":"https:\/\/canott.com\/lt\/wp-json\/wp\/v2\/comments?post=9722"}],"wp:featuredmedia":[{"embeddable":true,"href":"https:\/\/canott.com\/lt\/wp-json\/wp\/v2\/media\/9719"}],"wp:attachment":[{"href":"https:\/\/canott.com\/lt\/wp-json\/wp\/v2\/media?parent=9722"}],"wp:term":[{"taxonomy":"product_brand","embeddable":true,"href":"https:\/\/canott.com\/lt\/wp-json\/wp\/v2\/product_brand?post=9722"},{"taxonomy":"product_cat","embeddable":true,"href":"https:\/\/canott.com\/lt\/wp-json\/wp\/v2\/product_cat?post=9722"},{"taxonomy":"product_tag","embeddable":true,"href":"https:\/\/canott.com\/lt\/wp-json\/wp\/v2\/product_tag?post=9722"}],"curies":[{"name":"wp","href":"https:\/\/api.w.org\/{rel}","templated":true}]}}