{"id":9585,"date":"2025-05-26T07:28:51","date_gmt":"2025-05-26T07:28:51","guid":{"rendered":"https:\/\/canott.com\/product\/silkmedzio-silko-pagalves-uzvalkalas-su-uztrauktuku-22-momme-50-x-60-cm"},"modified":"2025-05-26T07:28:51","modified_gmt":"2025-05-26T07:28:51","slug":"silkmedzio-silko-pagalves-uzvalkalas-su-uztrauktuku-22-momme-50-x-60-cm","status":"publish","type":"product","link":"https:\/\/canott.com\/lt\/produktas\/silkmedzio-silko-pagalves-uzvalkalas-su-uztrauktuku-22-momme-50-x-60-cm","title":{"rendered":"<br>\u0160ilkmed\u017eio \u0161ilko pagalv\u0117s u\u017evalkalas su u\u017etrauktuku, 22 momme, 50 \u00d7 60 cm"},"content":{"rendered":"<section>\n<h2>Apie produkt\u0105<\/h2>\n<p><strong>\u201eMoonsilk\u201c \u0161ilkmed\u017eio \u0161ilko pagalv\u0117s u\u017evalkalas<\/strong> suteikia neprilygstam\u0105 \u0161velnum\u0105 ir prabang\u0173 miego poj\u016bt\u012f. Pagamintas i\u0161<strong> 100 % nat\u016bralaus 22 momme \u0161ilkmed\u017eio \u0161ilko<\/strong>, jis pasi\u017eymi i\u0161skirtiniu tankiu, glotnumu ir ilgaam\u017ei\u0161kumu \u2013 auk\u0161tesn\u0117s kokyb\u0117s nei daugelis rinkoje si\u016blom\u0173 16\u201319 momme \u0161ilko gamini\u0173. <\/p>\n<p>Kiekvienas u\u017evalkalas yra kruop\u0161\u010diai rankomis si\u016btas, su subtiliu u\u017etrauktuku, kuris u\u017etikrina tiek elegancij\u0105, tiek prakti\u0161kum\u0105. Nat\u016bralus \u0161ilko blizgesys ir \u0161velni tekst\u016bra ne tik papuo\u0161 j\u016bs\u0173 patalyn\u0119, bet ir pad\u0117s puosel\u0117ti odos bei plauk\u0173 sveikat\u0105. <\/p>\n<p>Nat\u016braliai glotnus \u0161ilko pavir\u0161ius ma\u017eina trint\u012f, tod\u0117l padeda suma\u017einti plauk\u0173 l\u016b\u017ein\u0117jim\u0105, \u0161iau\u0161im\u0105si ir miego metu susidaran\u010dias odos rauk\u0161les. Audinys yra hipoalerginis, <strong>sertifikuotas pagal OEKO-TEX\u00ae i<\/strong>r be kenksming\u0173 med\u017eiag\u0173 \u2013 puikus pasirinkimas jautriai odai ir alergi\u0161kiems \u017emon\u0117ms. <\/p>\n<p>D\u0117l <strong>nat\u016brali\u0173 termoreguliacini\u0173 savybi\u0173<\/strong> \u0161ilkmed\u017eio \u0161ilkas vasar\u0105 maloniai v\u0117sina, o \u017eiem\u0105 suteikia jaukios \u0161ilumos, taip u\u017etikrindamas gilesn\u012f ir sveikesn\u012f mieg\u0105.<\/p>\n<p><em>Laikui nepavaldi elegancija ir nat\u016brali gerov\u0117 \u2013 su \u201eMoonsilk\u201c.<\/em><\/p>\n<h3>Detal\u0117s<\/h3>\n<ul>\n<li><strong>Sud\u0117tis<\/strong>: 100 % nat\u016bralus \u0161ilkmed\u017eio \u0161ilkas<\/li>\n<li><strong>\u0160ilko tankis<\/strong>: 22 momme (auk\u0161to tankio audinys)<\/li>\n<li><strong>Sertifikatas<\/strong>: OEKO-TEX\u00ae Standard 100<\/li>\n<li><strong>Dydis:<\/strong> 50 \u00d7 60 cm<\/li>\n<li><strong>U\u017esegimas<\/strong>: pasl\u0117ptas u\u017etrauktukas<\/li>\n<li><strong>Savyb\u0117s: Hipoalerginis, laidus orui, pasi\u017eymi termoreguliacin\u0117mis savyb\u0117mis, \u0161velnus plaukams ir odai.<\/strong><\/li>\n<li><strong>Prie\u017ei\u016bra:<\/strong> Skalbti rankomis arba skalbimo ma\u0161inoje \u0161velniu re\u017eimu (ne auk\u0161tesn\u0117je kaip 30 \u00b0C temperat\u016broje), naudojant \u0161ilkui skirt\u0105 skalbikl\u012f. Ned\u017eiovinti d\u017eiovykl\u0117je. Jei reikia, lyginti i\u0161vertus \u012f i\u0161virk\u0161\u010di\u0105j\u0105 pus\u0119 \u017eemoje temperat\u016broje.<\/li>\n<li><strong>Kilm\u0117<\/strong>: Rank\u0173 darbo gaminys i\u0161 auk\u0161\u010diausios kokyb\u0117s \u0161ilkmed\u017eio \u0161ilko.<\/li>\n<\/ul>\n<h3>Apie prek\u0117s \u017eenkl\u0105<\/h3>\n<p>\u201e<strong>Moonsilk<\/strong>\u201c kuria auk\u0161tos kokyb\u0117s patalyn\u0119 i\u0161 <em>OEKO-TEX\u00ae<\/em> sertifikuoto \u0161ilkmed\u017eio \u0161ilko. Kiekvienas gaminys sukurtas derinant nat\u016brali\u0105 elegancij\u0105, ilgalaik\u0119 kokyb\u0119 ir ramyb\u0117s poj\u016bt\u012f j\u016bs\u0173 kasdieniam poilsiui. <\/p>\n<\/section>\n","protected":false},"excerpt":{"rendered":"<p><strong>Pabuskite prabangoje<\/strong>. <strong>\u201eMoonsilk\u201c \u0161ilkmed\u017eio \u0161ilko pagalv\u0117s u\u017evalkalas <\/strong>pagamintas i\u0161 1<em>00 % nat\u016bralaus 22 momme \u0161ilko<\/em> \u2013 glotnaus, hipoalerginio ir \u0161velnaus j\u016bs\u0173 odai bei plaukams. Sukurtas su subtiliu u\u017etrauktuku ir eleganti\u0161ka apdaila, jis u\u017etikrina ram\u0173, atgaivinant\u012f ir spindesio suteikiant\u012f mieg\u0105. <\/p>\n<p><em>OEKO-TEX\u00ae sertifikuota kokyb\u0117. Rank\u0173 darbo komfortas kiekvienoje detal\u0117je. <\/em><\/p>\n","protected":false},"featured_media":3084,"comment_status":"open","ping_status":"closed","template":"","meta":[],"product_brand":[1863],"product_cat":[1594],"product_tag":[1867,1870,1875,1873,1874,1864,1868,1865,1869],"class_list":{"0":"post-9585","1":"product","2":"type-product","3":"status-publish","4":"has-post-thumbnail","6":"product_brand-moonsilk","7":"product_cat-patalyne","8":"product_tag-22-momme","9":"product_tag-hair-care","10":"product_tag-handcrafted-silk","11":"product_tag-hypoallergenic-bedding","12":"product_tag-luxury-sleep","13":"product_tag-mulberry-silk","14":"product_tag-oeko-tex","15":"product_tag-silk-pillowcase","16":"product_tag-skin-care","18":"first","19":"instock","20":"shipping-taxable","21":"purchasable","22":"product-type-variable"},"_links":{"self":[{"href":"https:\/\/canott.com\/lt\/wp-json\/wp\/v2\/product\/9585","targetHints":{"allow":["GET"]}}],"collection":[{"href":"https:\/\/canott.com\/lt\/wp-json\/wp\/v2\/product"}],"about":[{"href":"https:\/\/canott.com\/lt\/wp-json\/wp\/v2\/types\/product"}],"replies":[{"embeddable":true,"href":"https:\/\/canott.com\/lt\/wp-json\/wp\/v2\/comments?post=9585"}],"wp:featuredmedia":[{"embeddable":true,"href":"https:\/\/canott.com\/lt\/wp-json\/wp\/v2\/media\/3084"}],"wp:attachment":[{"href":"https:\/\/canott.com\/lt\/wp-json\/wp\/v2\/media?parent=9585"}],"wp:term":[{"taxonomy":"product_brand","embeddable":true,"href":"https:\/\/canott.com\/lt\/wp-json\/wp\/v2\/product_brand?post=9585"},{"taxonomy":"product_cat","embeddable":true,"href":"https:\/\/canott.com\/lt\/wp-json\/wp\/v2\/product_cat?post=9585"},{"taxonomy":"product_tag","embeddable":true,"href":"https:\/\/canott.com\/lt\/wp-json\/wp\/v2\/product_tag?post=9585"}],"curies":[{"name":"wp","href":"https:\/\/api.w.org\/{rel}","templated":true}]}}