{"id":9553,"date":"2025-05-26T07:28:53","date_gmt":"2025-05-26T07:28:53","guid":{"rendered":"https:\/\/canott.com\/product\/silkmedzio-silko-pagalves-uzvalkalas-su-uztrauktuku-22-momme-50-x-70-cm"},"modified":"2025-05-26T07:28:53","modified_gmt":"2025-05-26T07:28:53","slug":"silkmedzio-silko-pagalves-uzvalkalas-su-uztrauktuku-22-momme-50-x-70-cm","status":"publish","type":"product","link":"https:\/\/canott.com\/lt\/produktas\/silkmedzio-silko-pagalves-uzvalkalas-su-uztrauktuku-22-momme-50-x-70-cm","title":{"rendered":"\u0160ilkmed\u017eio \u0161ilko pagalv\u0117s u\u017evalkalas su u\u017etrauktuku, 22 momme, 50 \u00d7 70 cm"},"content":{"rendered":"<section>\n<h2>Apie produkt\u0105<\/h2>\n<p><strong>\u201eMoonsilk\u201c \u0161ilkmed\u017eio \u0161ilko pagalv\u0117s u\u017evalkalas<\/strong> pasi\u017eymi neprilygstamu \u0161velnumu ir i\u0161skirtine kokybe. Pagamintas i\u0161 <strong>100 % nat\u016bralaus 22 momme \u0161ilkmed\u017eio \u0161ilko<\/strong>, jis yra tankesnis, lygesnis ir prabangesnis nei \u012fprasti 16\u201319 momme \u0161ilko u\u017evalkalai. <\/p>\n<p>Kiekvienas u\u017evalkalas yra rankomis si\u016btas ir turi subtil\u0173 pasl\u0117pt\u0105 u\u017etrauktuk\u0105, suteikiant\u012f esteti\u0161k\u0105 ir rafinuot\u0105 i\u0161vaizd\u0105. Nat\u016bralus \u0161ilkmed\u017eio \u0161ilko blizgesys ir glotni tekst\u016bra ne tik papuo\u0161 j\u016bs\u0173 patalyn\u0119, bet ir pad\u0117s puosel\u0117ti <strong>odos bei plauk\u0173<\/strong> sveikat\u0105. <\/p>\n<p>Nat\u016braliai glotnus \u0161ilko pavir\u0161ius ma\u017eina trint\u012f, tod\u0117l padeda <strong>suma\u017einti plauk\u0173 \u0161iau\u0161im\u0105si, l\u016b\u017ein\u0117jim\u0105 bei miego metu atsirandan\u010dias odos rauk\u0161les<\/strong>. Audinys yra hipoalerginis,<strong> sertifikuotas pagal OEKO-TEX\u00ae Standard 100<\/strong> ir be kenksming\u0173 med\u017eiag\u0173, tod\u0117l saugus net jautriai odai. <\/p>\n<p>D\u0117l nat\u016brali\u0173 termoreguliacini\u0173 savybi\u0173 \u0161ilkmed\u017eio \u0161ilkas vasar\u0105 maloniai v\u0117sina, o \u017eiem\u0105 suteikia \u0161ilumos \u2013 taip u\u017etikrindamas kokybi\u0161k\u0105 ir atstatant\u012f mieg\u0105 visus metus.<\/p>\n<p><em>Patirkite laikui nepavald\u017ei\u0105 elegancij\u0105 ir ger\u0105 savijaut\u0105 su \u201eMoonsilk\u201c.<\/em><\/p>\n<h3>Detal\u0117s<\/h3>\n<ul>\n<li><strong>Sud\u0117tis<\/strong>: 100 % nat\u016bralus \u0161ilkmed\u017eio \u0161ilkas<\/li>\n<li><strong>\u0160ilko tankis<\/strong>: 22 momme (auk\u0161to tankio audinys)<\/li>\n<li><strong>Sertifikatas<\/strong>: OEKO-TEX\u00ae Standard 100<\/li>\n<li><strong>Dydis<\/strong>: 50 \u00d7 70 cm<\/li>\n<li><strong>U\u017esegimas<\/strong>: pasl\u0117ptas u\u017etrauktukas<\/li>\n<li><strong>Hipoalerginis<\/strong>, laidus orui, pasi\u017eymi termoreguliacin\u0117mis savyb\u0117mis, \u0161velnus odai ir plaukams.<\/li>\n<li><strong>Prie\u017ei\u016bra:<\/strong> Skalbti rankomis arba skalbimo ma\u0161inoje \u0161velniu re\u017eimu (ne auk\u0161tesn\u0117je kaip 30 \u00b0C temperat\u016broje), naudojant \u0161ilkui skirt\u0105 skalbikl\u012f. Ned\u017eiovinti d\u017eiovykl\u0117je. Jei reikia, lyginti i\u0161vertus \u012f i\u0161virk\u0161\u010di\u0105j\u0105 pus\u0119 \u017eemoje temperat\u016broje.<\/li>\n<li><strong>Kilm\u0117<\/strong>: Rank\u0173 darbo gaminys i\u0161 auk\u0161\u010diausios kokyb\u0117s \u0161ilkmed\u017eio \u0161ilko.<\/li>\n<\/ul>\n<h3>Apie prek\u0117s \u017eenkl\u0105<\/h3>\n<p>\u201e<strong>Moonsilk<\/strong>\u201c kuria auk\u0161tos kokyb\u0117s patalyn\u0119 i\u0161<em> OEKO-TEX\u00ae sertifikuoto \u0161ilkmed\u017eio \u0161il<\/em>ko. Kiekvienas gaminys sujungia nat\u016brali\u0105 prabang\u0105, ilgaam\u017ei\u0161kum\u0105 ir ramyb\u0117s poj\u016bt\u012f, u\u017etikrinant\u012f kokybi\u0161k\u0105 poils\u012f. <\/p>\n<\/section>\n","protected":false},"excerpt":{"rendered":"<p><strong>Pabuskite prabangoje<\/strong>. <strong>\u201eMoonsilk\u201c \u0161ilkmed\u017eio \u0161ilko pagalv\u0117s u\u017evalkalas<\/strong> pagamintas i\u0161 <em>100 % nat\u016bralaus 22 momme \u0161ilko <\/em>\u2013 glotnaus, hipoalerginio ir \u0161velnaus j\u016bs\u0173 odai bei plaukams. Sukurtas su pasl\u0117ptu u\u017etrauktuku, suteikian\u010diu komfort\u0105 ir elegancij\u0105, jis u\u017etikrina gil\u0173 ir atgaivinant\u012f mieg\u0105. <\/p>\n<p><em>OEKO-TEX\u00ae sertifikuota kokyb\u0117. Rank\u0173 darbo prabanga spindin\u010diam ir sveikam poilsiui. <\/em><\/p>\n","protected":false},"featured_media":3112,"comment_status":"open","ping_status":"closed","template":"","meta":[],"product_brand":[1863],"product_cat":[1594,1622],"product_tag":[1867,1870,1866,1871,1864,1868,1865,1872,1869],"class_list":{"0":"post-9553","1":"product","2":"type-product","3":"status-publish","4":"has-post-thumbnail","6":"product_brand-moonsilk","7":"product_cat-patalyne","8":"product_cat-perkamiausi","9":"product_tag-22-momme","10":"product_tag-hair-care","11":"product_tag-hypoallergenic","12":"product_tag-luxury-bedding","13":"product_tag-mulberry-silk","14":"product_tag-oeko-tex","15":"product_tag-silk-pillowcase","16":"product_tag-silk-sleep","17":"product_tag-skin-care","19":"first","20":"instock","21":"shipping-taxable","22":"purchasable","23":"product-type-variable"},"_links":{"self":[{"href":"https:\/\/canott.com\/lt\/wp-json\/wp\/v2\/product\/9553","targetHints":{"allow":["GET"]}}],"collection":[{"href":"https:\/\/canott.com\/lt\/wp-json\/wp\/v2\/product"}],"about":[{"href":"https:\/\/canott.com\/lt\/wp-json\/wp\/v2\/types\/product"}],"replies":[{"embeddable":true,"href":"https:\/\/canott.com\/lt\/wp-json\/wp\/v2\/comments?post=9553"}],"wp:featuredmedia":[{"embeddable":true,"href":"https:\/\/canott.com\/lt\/wp-json\/wp\/v2\/media\/3112"}],"wp:attachment":[{"href":"https:\/\/canott.com\/lt\/wp-json\/wp\/v2\/media?parent=9553"}],"wp:term":[{"taxonomy":"product_brand","embeddable":true,"href":"https:\/\/canott.com\/lt\/wp-json\/wp\/v2\/product_brand?post=9553"},{"taxonomy":"product_cat","embeddable":true,"href":"https:\/\/canott.com\/lt\/wp-json\/wp\/v2\/product_cat?post=9553"},{"taxonomy":"product_tag","embeddable":true,"href":"https:\/\/canott.com\/lt\/wp-json\/wp\/v2\/product_tag?post=9553"}],"curies":[{"name":"wp","href":"https:\/\/api.w.org\/{rel}","templated":true}]}}