{"id":9468,"date":"2025-05-27T15:38:52","date_gmt":"2025-05-27T15:38:52","guid":{"rendered":"https:\/\/canott.com\/product\/didelis-lininis-ranksluostis-fakturine-balta"},"modified":"2025-05-27T15:38:52","modified_gmt":"2025-05-27T15:38:52","slug":"didelis-lininis-ranksluostis-fakturine-balta","status":"publish","type":"product","link":"https:\/\/canott.com\/lt\/produktas\/didelis-lininis-ranksluostis-fakturine-balta","title":{"rendered":"Didelis lininis rank\u0161luostis \u2013 fakt\u016brin\u0117 balta"},"content":{"rendered":"<section>\n<h2>Apie produkt\u0105<\/h2>\n<p><strong>KOOSdisain didelis lininis rank\u0161luostis<\/strong> \u2013 fakt\u016brin\u0117 balta \u2013 \u012fk\u016bnija nat\u016bral\u0173 gro\u017e\u012f ir ilgaam\u017e\u0119 kokyb\u0119. Sukurtas \u0160iaur\u0117s Europoje, jis pagamintas i\u0161 100 % i\u0161 anksto i\u0161skalbtos lino med\u017eiagos, kuri efektyviai sugeria dr\u0117gm\u0119, greitai d\u017ei\u016bsta ir yra maloniai v\u0117si bei mink\u0161ta odai. <\/p>\n<p>Fakt\u016brinis audimas suteikia subtilios taktilin\u0117s gelm\u0117s, i\u0161laikant \u0161viesi\u0105 ir minimalistin\u0119 estetik\u0105. Linas yra nat\u016braliai patvarus ir laidus orui, tod\u0117l tai puikus, aplinkai draugi\u0161kas pasirinkimas voniai, saunai ar SPA. <\/p>\n<p>Audinys i\u0161 anksto i\u0161skalbtas, kad u\u017etikrint\u0173 stabilum\u0105 \u2013 po skalbimo nesusitrauks ir nepraras formos. Laikui b\u0117gant linas tampa vis mink\u0161tesnis ir rafinuotesnis, atspind\u0117damas KOOSdisain \u012fsipareigojim\u0105 l\u0117tam, tvariam gyvenimo b\u016bdui. <\/p>\n<h3>Detal\u0117s<\/h3>\n<p>  <strong>Produkto detal\u0117s:<\/strong><\/p>\n<ul>\n<li><strong>Med\u017eiaga:<\/strong> 100 % i\u0161anksto i\u0161skalbtas linas<\/li>\n<li><strong>Spalva ir tekst\u016bra<\/strong>: balta, fakt\u016brinis audimas<\/li>\n<li><strong>Dydis<\/strong>: 80 \u00d7 148 cm<\/li>\n<li><strong>Kilpel\u0117<\/strong>: medvilnin\u0117, 12 cm ilgio<\/li>\n<li><strong>Prie\u017ei\u016bra<\/strong>: skalbti atskirai 40 \u00b0C temperat\u016broje \u0161velniu re\u017eimu; ned\u017eiovinti d\u017eiovykl\u0117je; vengti mink\u0161tikli\u0173 ir balikli\u0173; suformuoti ir d\u017eiovinti pakabinus; lyginti nereikia.<\/li>\n<li><strong>Prek\u0117s \u017eenklas:<\/strong> KOOSdisain (Estija)<\/li>\n<\/ul>\n<p><strong>Kod\u0117l linas? :<\/strong><br \/>Linas yra vienas ekologi\u0161kiausi\u0173 ir patvariausi\u0173 nat\u016brali\u0173 pluo\u0161t\u0173. Su kiekvienu skalbimu jis tampa vis mink\u0161tesnis ir malonesnis, tod\u0117l tai tvarus pasirinkimas kasdieniam komfortui ir gerovei. <\/p>\n<h3>Apie prek\u0117s \u017eenkl\u0105<\/h3>\n<p><strong>KOOSdisain <\/strong>\u2013 \u0161iaurieti\u0161kas nam\u0173 tekstil\u0117s ir dizaino prek\u0117s \u017eenklas, derinantis <em>tradicines med\u017eiagas su moderniu dizainu ir minimalia atliek\u0173 filosofija<\/em>. Naudodami nat\u016bralius, biologi\u0161kai skaid\u017eius audinius ir perdirbt\u0105 od\u0105, jie kuria prakti\u0161kus, bet stilingus gaminius tvariam gyvenimo b\u016bdui. <\/p>\n<\/section>\n","protected":false},"excerpt":{"rendered":"<p><strong>Tyra, paprasta ir laikui nepavaldi<\/strong>. Didelis lininis rank\u0161luostis \u2013 fakt\u016brin\u0117 balta \u2013 pagamintas i\u0161 <em>100 % i\u0161 anksto i\u0161skalbtos lino med\u017eiagos,<\/em> vertinamos d\u0117l mink\u0161tumo, sugeriamumo ir greito d\u017ei\u016bvimo savybi\u0173.<\/p>\n<p>Eleganti\u0161kas savo paprastumu, jis suteikia ram\u0173 \u0161iaurieti\u0161k\u0105 akcent\u0105 j\u016bs\u0173 vonios, saunos ar SPA ritualams.<\/p>\n<p><em>Patvarus, ekologi\u0161kas ir sukurtas su kiekvienu skalbimu tapti vis mink\u0161tesnis.<\/em><\/p>\n","protected":false},"featured_media":3693,"comment_status":"open","ping_status":"closed","template":"","meta":[],"product_brand":[1799],"product_cat":[1619,1596],"product_tag":[1835,1793,1792,1833,1725,1826,1653,1822,1726,1836],"class_list":{"0":"post-9468","1":"product","2":"type-product","3":"status-publish","4":"has-post-thumbnail","6":"product_brand-koosdisain","7":"product_cat-dovanos-namams","8":"product_cat-ranksluosciai","9":"product_tag-balta","10":"product_tag-linas","11":"product_tag-naturalus-audinys","12":"product_tag-ranksluostis","13":"product_tag-ranku-darbo","14":"product_tag-sauna","15":"product_tag-skandinaviskas-dizainas","16":"product_tag-teksturuotas","17":"product_tag-tvarus","18":"product_tag-vonia","20":"first","21":"instock","22":"shipping-taxable","23":"purchasable","24":"product-type-simple"},"_links":{"self":[{"href":"https:\/\/canott.com\/lt\/wp-json\/wp\/v2\/product\/9468","targetHints":{"allow":["GET"]}}],"collection":[{"href":"https:\/\/canott.com\/lt\/wp-json\/wp\/v2\/product"}],"about":[{"href":"https:\/\/canott.com\/lt\/wp-json\/wp\/v2\/types\/product"}],"replies":[{"embeddable":true,"href":"https:\/\/canott.com\/lt\/wp-json\/wp\/v2\/comments?post=9468"}],"wp:featuredmedia":[{"embeddable":true,"href":"https:\/\/canott.com\/lt\/wp-json\/wp\/v2\/media\/3693"}],"wp:attachment":[{"href":"https:\/\/canott.com\/lt\/wp-json\/wp\/v2\/media?parent=9468"}],"wp:term":[{"taxonomy":"product_brand","embeddable":true,"href":"https:\/\/canott.com\/lt\/wp-json\/wp\/v2\/product_brand?post=9468"},{"taxonomy":"product_cat","embeddable":true,"href":"https:\/\/canott.com\/lt\/wp-json\/wp\/v2\/product_cat?post=9468"},{"taxonomy":"product_tag","embeddable":true,"href":"https:\/\/canott.com\/lt\/wp-json\/wp\/v2\/product_tag?post=9468"}],"curies":[{"name":"wp","href":"https:\/\/api.w.org\/{rel}","templated":true}]}}