{"id":9400,"date":"2025-05-24T20:35:58","date_gmt":"2025-05-24T20:35:58","guid":{"rendered":"https:\/\/canott.com\/product\/klasikine-linine-prijuoste"},"modified":"2025-05-24T20:35:58","modified_gmt":"2025-05-24T20:35:58","slug":"klasikine-linine-prijuoste","status":"publish","type":"product","link":"https:\/\/canott.com\/lt\/produktas\/klasikine-linine-prijuoste","title":{"rendered":"Klasikin\u0117 linin\u0117 prijuost\u0117"},"content":{"rendered":"<section>\n<h2>Apie produkt\u0105<\/h2>\n<p>\u201e<strong>NUSS Classic Linen Apron<\/strong>\u201c \u012fk\u016bnija paprasto, funkcionalaus dizaino esm\u0119. Kruop\u0161\u010diai rankomis pagaminta i\u0161 <em>100 % storo lino (180 g\/m\u00b2)<\/em>, ji pasi\u017eymi ilgaam\u017ei\u0161kumu ir nat\u016braliu, orui laid\u017eiu poj\u016b\u010diu. Laikui b\u0117gant, audinys nuostabiai sumink\u0161t\u0117ja, \u012fgaudamas gyvybing\u0105 tekst\u016br\u0105, kuri\u0105 gali suteikti tik grynas linas.  <\/p>\n<p>Sukurta tiek vyrams, tiek moterims, \u0161i prijuost\u0117 pasi\u017eymi <strong>patogiu unisex kirpimu<\/strong> ir minimalistiniu siluetu, tinkan\u010diu bet kokiems namams ar darbo erdvei. Idealiai tinka virtuvei, sodui ar studijai \u2013 tai universalus gaminys, atspindintis prakti\u0161kumo ir ramios elegancijos pusiausvyr\u0105. <\/p>\n<p>Kiekviena prijuost\u0117 yra <strong>rank\u0173 darbo, pagaminta Latvijoje<\/strong>, naudojant nat\u016bral\u0173 OEKO-TEX\u00ae sertifikuot\u0105 lin\u0105 \u2013 tai NUSS atsidavimo tvarioms med\u017eiagoms ir nesenstan\u010diam meistri\u0161kumui \u017eenklas.<\/p>\n<h3>Detal\u0117s<\/h3>\n<ul>\n<li><strong>Med\u017eiaga:<\/strong> 100 % nat\u016bralus linas, 180 g\/m\u00b2 (OEKO-TEX\u00ae sertifikuotas)<\/li>\n<li><strong>Spalva ir stilius:<\/strong> Klasikinis dizainas; galimi \u017eem\u0117s tonai<\/li>\n<li><strong>Kirpimas:<\/strong> Unisex; vienas dydis<\/li>\n<li><strong>I\u0161matavimai:<\/strong> 90 \u00d7 80 cm<\/li>\n<li><strong>Savyb\u0117s:<\/strong> Orui laidi linin\u0117 med\u017eiaga; patvarus audimas; lengva d\u0117v\u0117ti<\/li>\n<li><strong>Prek\u0117s \u017eenklas:<\/strong> NUSS (Latvija)<\/li>\n<\/ul>\n<h3>Apie prek\u0117s \u017eenkl\u0105<\/h3>\n<p>NUSS \u2013 Latvijos prek\u0117s \u017eenklas, kuriantis laikui nepavald\u017ei\u0105 nam\u0173 tekstil\u0119 i\u0161 nat\u016bralaus, <em>OEKO-TEX\u00ae sertifikuoto lino ir medviln\u0117s.<\/em> Kiekvienas gaminys kruop\u0161\u010diai siuvamas rankomis, derinant klasikin\u0119 elegancij\u0105 su \u0161iuolaikiniu paprastumu kasdieniam komfortui. <\/p>\n<\/section>\n","protected":false},"excerpt":{"rendered":"<p><strong>Esminis paprastumas kasdieniam gyvenimui<\/strong>. <strong>NUSS klasikin\u0117 linin\u0117 prijuost\u0117<\/strong> sujungia laikui nepavald\u0173 dizain\u0105 ir prakti\u0161kum\u0105. Pagaminta i\u0161 <em>storo nat\u016bralaus lino (180 g\/m\u00b2)<\/em>, ji yra patvari, kv\u0117puojanti ir su kiekvienu skalbimu tampa vis mink\u0161tesn\u0117. <\/p>\n<p>Unisex modelis, lengvai d\u0117vimas ir patogus, suteikia komforto bei elegancijos gaminant maist\u0105, dirbant sode ar u\u017esiimant k\u016brybine veikla. Galima rinktis i\u0161 rami\u0173, \u017eem\u0117s atspalvi\u0173.<\/p>\n<p><em>Rank\u0173 darbo Latvijoje i\u0161 OEKO-TEX\u00ae sertifikuoto lino.<\/em><\/p>\n","protected":false},"featured_media":2716,"comment_status":"open","ping_status":"closed","template":"","meta":[],"product_brand":[1791],"product_cat":[1627],"product_tag":[1796,1793,1792,1795,1728,1725,1794,1724],"class_list":{"0":"post-9400","1":"product","2":"type-product","3":"status-publish","4":"has-post-thumbnail","6":"product_brand-nuss","7":"product_cat-prijuostes","8":"product_tag-latvija","9":"product_tag-linas","10":"product_tag-naturalus-audinys","11":"product_tag-nuss","12":"product_tag-prijuoste","13":"product_tag-ranku-darbo","14":"product_tag-tvari-tekstile","15":"product_tag-unisex","17":"first","18":"instock","19":"shipping-taxable","20":"purchasable","21":"product-type-variable"},"_links":{"self":[{"href":"https:\/\/canott.com\/lt\/wp-json\/wp\/v2\/product\/9400","targetHints":{"allow":["GET"]}}],"collection":[{"href":"https:\/\/canott.com\/lt\/wp-json\/wp\/v2\/product"}],"about":[{"href":"https:\/\/canott.com\/lt\/wp-json\/wp\/v2\/types\/product"}],"replies":[{"embeddable":true,"href":"https:\/\/canott.com\/lt\/wp-json\/wp\/v2\/comments?post=9400"}],"wp:featuredmedia":[{"embeddable":true,"href":"https:\/\/canott.com\/lt\/wp-json\/wp\/v2\/media\/2716"}],"wp:attachment":[{"href":"https:\/\/canott.com\/lt\/wp-json\/wp\/v2\/media?parent=9400"}],"wp:term":[{"taxonomy":"product_brand","embeddable":true,"href":"https:\/\/canott.com\/lt\/wp-json\/wp\/v2\/product_brand?post=9400"},{"taxonomy":"product_cat","embeddable":true,"href":"https:\/\/canott.com\/lt\/wp-json\/wp\/v2\/product_cat?post=9400"},{"taxonomy":"product_tag","embeddable":true,"href":"https:\/\/canott.com\/lt\/wp-json\/wp\/v2\/product_tag?post=9400"}],"curies":[{"name":"wp","href":"https:\/\/api.w.org\/{rel}","templated":true}]}}