{"id":9292,"date":"2025-05-13T13:14:38","date_gmt":"2025-05-13T13:14:38","guid":{"rendered":"https:\/\/canott.com\/product\/la-cafetiere-pisa-kavos-aparatas-1-litras-sidabrine"},"modified":"2026-03-18T08:14:37","modified_gmt":"2026-03-18T08:14:37","slug":"la-cafetiere-pisa-kavos-aparatas-1-litras-sidabrine","status":"publish","type":"product","link":"https:\/\/canott.com\/lt\/produktas\/la-cafetiere-pisa-kavos-aparatas-1-litras-sidabrine","title":{"rendered":"La Cafeti\u00e8re Pisa kavos aparatas \u2013 1 litras, sidabrin\u0117"},"content":{"rendered":"<section>\n<h2>Apie produkt\u0105<\/h2>\n<p><strong>\ud83c\udfc6 Presti\u017eini\u0173 \u201eExcellence in Housewares Awards 2022\u201c apdovanojim\u0173 laim\u0117tojas<\/strong>, <strong>\u201eLa Cafeti\u00e8re Pisa\u201c kavos aparatas<\/strong> \u012fkv\u0117ptas eleganti\u0161kojo Italijos miesto Pizos. Sukurtas i\u0161skirtiniam kavos ruo\u0161imui, jis derina rafinuot\u0105 estetik\u0105 su kasdieniu funkcionalumu. <\/p>\n<p>Nor\u0117dami paruo\u0161ti kav\u0105, tiesiog paspauskite st\u016bmokl\u012f \u017eemyn \u2013 smulkus tinklelis sulaikys kavos tir\u0161\u010dius, o \u0161velni\u0105, sodri\u0105 esencij\u0105 praleis. 180\u00b0 besisukantis dangtis padeda i\u0161saugoti \u0161ilum\u0105 ir aromat\u0105, o \u0161altas rankena u\u017etikrina patog\u0173 ir tvirt\u0105 laikym\u0105. <\/p>\n<p>Pagamintas i\u0161 auk\u0161tos kokyb\u0117s <em>ner\u016bdijan\u010dio plieno<\/em> ir <em>borosilikatinio stiklo<\/em>, \u0161is kavos aparatas yra atsparus r\u016bdims, ilgaam\u017eis ir lengvai valomas. Jo lengva, bet tvirta konstrukcija leid\u017eia be vargo pilstyti, o auk\u0161tai temperat\u016brai atsparus stiklinis indas u\u017etikrina ilgalaik\u012f veikim\u0105. <\/p>\n<h3>Detal\u0117s<\/h3>\n<ul>\n<li><strong>Talpa:<\/strong> 1 l<\/li>\n<li><strong>Matmenys:<\/strong> 10 \u00d7 15,5 \u00d7 21 cm<\/li>\n<li><strong>Spalva:<\/strong> sidabrin\u0117<\/li>\n<li><strong>Med\u017eiaga:<\/strong> ner\u016bdijantis plienas, borosilikatinis stiklas<\/li>\n<li><strong>Savyb\u0117s:<\/strong> besisukantis dangtis, \u0161alta rankena, smulkus tinklelis<\/li>\n<li><strong>Prie\u017ei\u016bra<\/strong>: Galima plauti indaplov\u0117je; vengti staigi\u0173 temperat\u016bros poky\u010di\u0173.<\/li>\n<\/ul>\n<h3>Apie prek\u0117s \u017eenkl\u0105<\/h3>\n<p>Beveik penkis de\u0161imtme\u010dius <strong>\u201eLa Cafeti\u00e8re\u201c<\/strong> i\u0161 naujo apibr\u0117\u017eia kavos ir arbatos ritualus, derindama apgalvot\u0105 dizain\u0105 ir ilgaam\u017e\u0119 meistryst\u0119. Gim\u0119s i\u0161 aistros kokybei ir paprastumui, \u0161is prek\u0117s \u017eenklas sujungia laikui nepavald\u0173 europieti\u0161k\u0105 stili\u0173 su \u0161iuolaikiniu funkcionalumu. Kiekvienas gaminys kuriamas tam, kad b\u016bt\u0173 vertinamas \u2013 jame dera rafinuotos med\u017eiagos, apgalvotos detal\u0117s ir subtili elegancija, pakyl\u0117janti kasdienes akimirkas.  <\/p>\n<\/section>\n","protected":false},"excerpt":{"rendered":"<p><strong>\ud83c\udfc6 Excellence in Housewares Awards 2022 laureatas \u2013 \u201eLa Cafeti\u00e8re Pisa\u201c kavinukas <\/strong>sujungia<strong> itali\u0161k\u0105 \u012fkv\u0117pim\u0105 ir precizi\u0161k\u0105 kavos ruo\u0161im\u0105<\/strong>. Pagamintas i\u0161 ner\u016bdijan\u010dio plieno ir <em>borosilikatinio stiklo<\/em>, jis u\u017etikrina tiek elegancij\u0105, tiek na\u0161um\u0105 kasdieniams kavos ritualams. <\/p>\n<p>Su 180\u00b0 pasukamu dangteliu, ne\u012fkaistan\u010dia rankena ir smulkaus tinklelio filtru jis u\u017etikrina tolyg\u0173 skonio i\u0161gavim\u0105 ir lengv\u0105 pylim\u0105 \u2013 sodriai, aromatingai kavai namuose.<\/p>\n<p><em>Apdovanojimus peln\u0119s dizainas laikui nepavald\u017eiam kavos malonumui.<\/em><\/p>\n","protected":false},"featured_media":9288,"comment_status":"open","ping_status":"closed","template":"","meta":[],"product_brand":[1757],"product_cat":[1621,1630],"product_tag":[1789,1785,1759,1758,1760,1772,1790],"class_list":{"0":"post-9292","1":"product","2":"type-product","3":"status-publish","4":"has-post-thumbnail","6":"product_brand-la-cafetiere","7":"product_cat-apdovanoti-gaminiai","8":"product_cat-indai-kavai-ir-arbatai","9":"product_tag-apdovanojimus-pelnes-dizainas","10":"product_tag-borosilikatinis-stiklas","11":"product_tag-kavos-virimo-aparatas","12":"product_tag-la-cafetiere","13":"product_tag-nerudijantis-plienas","14":"product_tag-prancuziskas-kavinukas","15":"product_tag-sidabrinis-kavinukas","17":"first","18":"instock","19":"shipping-taxable","20":"purchasable","21":"product-type-simple"},"_links":{"self":[{"href":"https:\/\/canott.com\/lt\/wp-json\/wp\/v2\/product\/9292","targetHints":{"allow":["GET"]}}],"collection":[{"href":"https:\/\/canott.com\/lt\/wp-json\/wp\/v2\/product"}],"about":[{"href":"https:\/\/canott.com\/lt\/wp-json\/wp\/v2\/types\/product"}],"replies":[{"embeddable":true,"href":"https:\/\/canott.com\/lt\/wp-json\/wp\/v2\/comments?post=9292"}],"wp:featuredmedia":[{"embeddable":true,"href":"https:\/\/canott.com\/lt\/wp-json\/wp\/v2\/media\/9288"}],"wp:attachment":[{"href":"https:\/\/canott.com\/lt\/wp-json\/wp\/v2\/media?parent=9292"}],"wp:term":[{"taxonomy":"product_brand","embeddable":true,"href":"https:\/\/canott.com\/lt\/wp-json\/wp\/v2\/product_brand?post=9292"},{"taxonomy":"product_cat","embeddable":true,"href":"https:\/\/canott.com\/lt\/wp-json\/wp\/v2\/product_cat?post=9292"},{"taxonomy":"product_tag","embeddable":true,"href":"https:\/\/canott.com\/lt\/wp-json\/wp\/v2\/product_tag?post=9292"}],"curies":[{"name":"wp","href":"https:\/\/api.w.org\/{rel}","templated":true}]}}