{"id":9278,"date":"2025-05-22T17:33:51","date_gmt":"2025-05-22T17:33:51","guid":{"rendered":"https:\/\/canott.com\/product\/melynas-arbatinukas-gyro-125-litro"},"modified":"2025-05-22T17:33:51","modified_gmt":"2025-05-22T17:33:51","slug":"melynas-arbatinukas-gyro-125-litro","status":"publish","type":"product","link":"https:\/\/canott.com\/lt\/produktas\/melynas-arbatinukas-gyro-125-litro","title":{"rendered":"M\u0117lynas arbatinukas \u201eGyro\u201c, 1,25 litro"},"content":{"rendered":"<section>\n<h2>Apie produkt\u0105<\/h2>\n<p>Atraskite arbatos ruo\u0161imo malonum\u0105 su <strong>\u201eLa Cafeti\u00e8re Gyro\u201c stikliniu arbatinuku<\/strong> \u2014 sukurtu patogiam naudojimui ir eleganti\u0161kam pateikimui. Pagamintas i\u0161 <em>borosilikatinio stiklo<\/em>, \u0161is eleganti\u0161kas arbatinukas turi naujovi\u0161k\u0105 sietel\u012f, leid\u017eiant\u012f skoniams atsiskleisti nat\u016braliai ir gra\u017eiai. <\/p>\n<p>\u012ed\u0117kite m\u0117gstamos birios arbatos, vaisi\u0173 ar \u017eoleli\u0173 mi\u0161ini\u0173, tada u\u017epilkite kar\u0161tu vandeniu ir m\u0117gaukit\u0117s \u0161velniu sukimu, kuris tolygiai paskirsto u\u017epil\u0105. Kiekvienas u\u017epylimas atskleid\u017eia ai\u0161k\u0173 aromat\u0105, gilum\u0105 ir \u0161ilum\u0105 \u2014 paprast\u0105 akimirk\u0105 paversdamas ramiu ritualu. <\/p>\n<h3>Detal\u0117s<\/h3>\n<ul>\n<li><strong>Talpa:<\/strong> 1,25 L<\/li>\n<li><strong>Spalva:<\/strong> M\u0117lyna, skaidri<\/li>\n<li><strong>Med\u017eiaga:<\/strong> Borosilikatinis stiklas<\/li>\n<li><strong>Komplekte:<\/strong> Ner\u016bdijan\u010dio plieno sietelis<\/li>\n<li><strong>Arbatinuko dydis:<\/strong> 4 puodeliai<\/li>\n<li><strong>Prie\u017ei\u016bra<\/strong>: galima plauti indaplov\u0117je; vengti staigi\u0173 temperat\u016bros poky\u010di\u0173.<\/li>\n<\/ul>\n<h3>Apie prek\u0117s \u017eenkl\u0105<\/h3>\n<p>Beveik penkis de\u0161imtme\u010dius <strong>\u201eLa Cafeti\u00e8re\u201c<\/strong> i\u0161 naujo apibr\u0117\u017eia kavos ir arbatos ritualus, derindama apgalvot\u0105 dizain\u0105 ir ilgaam\u017e\u0119 meistryst\u0119. Gim\u0119s i\u0161 aistros kokybei ir paprastumui, \u0161is prek\u0117s \u017eenklas sujungia laikui nepavald\u0173 europieti\u0161k\u0105 stili\u0173 su \u0161iuolaikiniu funkcionalumu. Kiekvienas gaminys kuriamas tam, kad b\u016bt\u0173 vertinamas \u2013 jame dera rafinuotos med\u017eiagos, apgalvotos detal\u0117s ir subtili elegancija, pakyl\u0117janti kasdienes akimirkas.  <\/p>\n<\/section>\n","protected":false},"excerpt":{"rendered":"<p><strong>Eleganti\u0161kas ir prakti\u0161kas<\/strong>, <strong>\u201eLa Cafeti\u00e8re Gyro\u201c stiklinis arbatinukas su sieteliu<\/strong> derina apgalvot\u0105 dizain\u0105 su kasdieniu funkcionalumu. Pagamintas i\u0161 patvaraus <em>borosilikatinio stiklo<\/em>, skaidrios ir m\u0117lynos spalvos, jis puikiai tinka tiems, kurie vertina gro\u017e\u012f ir paprastum\u0105. <\/p>\n<p>Idealiai tinka <strong>biriai arbatai, vaisi\u0173 ar \u017eoleli\u0173 u\u017epilams<\/strong> \u2014 jo skland\u017eiai besisukantis sietelis atskleid\u017eia subalansuot\u0105 skon\u012f ir aromat\u0105 kiekviename u\u017epyle.<\/p>\n<p><em>Modernus dizainas s\u0105moningiems arbatos ritualams.<\/em><\/p>\n","protected":false},"featured_media":1760,"comment_status":"open","ping_status":"closed","template":"","meta":[],"product_brand":[1757],"product_cat":[1630],"product_tag":[1784,1786,1785,1758,1787,1783],"class_list":{"0":"post-9278","1":"product","2":"type-product","3":"status-publish","4":"has-post-thumbnail","6":"product_brand-la-cafetiere","7":"product_cat-indai-kavai-ir-arbatai","8":"product_tag-arbatinukas-su-sieteliu","9":"product_tag-arbatos-reikmenys","10":"product_tag-borosilikatinis-stiklas","11":"product_tag-la-cafetiere","12":"product_tag-melynas-arbatinukas","13":"product_tag-stiklinis-arbatinukas","15":"first","16":"instock","17":"shipping-taxable","18":"purchasable","19":"product-type-simple"},"_links":{"self":[{"href":"https:\/\/canott.com\/lt\/wp-json\/wp\/v2\/product\/9278","targetHints":{"allow":["GET"]}}],"collection":[{"href":"https:\/\/canott.com\/lt\/wp-json\/wp\/v2\/product"}],"about":[{"href":"https:\/\/canott.com\/lt\/wp-json\/wp\/v2\/types\/product"}],"replies":[{"embeddable":true,"href":"https:\/\/canott.com\/lt\/wp-json\/wp\/v2\/comments?post=9278"}],"wp:featuredmedia":[{"embeddable":true,"href":"https:\/\/canott.com\/lt\/wp-json\/wp\/v2\/media\/1760"}],"wp:attachment":[{"href":"https:\/\/canott.com\/lt\/wp-json\/wp\/v2\/media?parent=9278"}],"wp:term":[{"taxonomy":"product_brand","embeddable":true,"href":"https:\/\/canott.com\/lt\/wp-json\/wp\/v2\/product_brand?post=9278"},{"taxonomy":"product_cat","embeddable":true,"href":"https:\/\/canott.com\/lt\/wp-json\/wp\/v2\/product_cat?post=9278"},{"taxonomy":"product_tag","embeddable":true,"href":"https:\/\/canott.com\/lt\/wp-json\/wp\/v2\/product_tag?post=9278"}],"curies":[{"name":"wp","href":"https:\/\/api.w.org\/{rel}","templated":true}]}}