{"id":9253,"date":"2025-05-27T15:38:47","date_gmt":"2025-05-27T15:38:47","guid":{"rendered":"https:\/\/canott.com\/product\/la-cafetiere-poliruoto-nerudijancio-plieno-ir-vario-virykles-kavinukas-300-ml"},"modified":"2025-05-27T15:38:47","modified_gmt":"2025-05-27T15:38:47","slug":"la-cafetiere-poliruoto-nerudijancio-plieno-ir-vario-virykles-kavinukas-300-ml","status":"publish","type":"product","link":"https:\/\/canott.com\/lt\/produktas\/la-cafetiere-poliruoto-nerudijancio-plieno-ir-vario-virykles-kavinukas-300-ml","title":{"rendered":"La Cafeti\u00e8re poliruoto ner\u016bdijan\u010dio plieno ir vario virykl\u0117s kavinukas \u2013 300 ml"},"content":{"rendered":"<section>\n<h2>Apie produkt\u0105<\/h2>\n<p>\u012ene\u0161kite itali\u0161ko meistri\u0161kumo \u012f savo virtuv\u0119 su <strong>La Cafeti\u00e8re poliruoto ner\u016bdijan\u010dio plieno ir vario virykl\u0117s kavinuku<\/strong>. Sukurtas i\u0161skirtiniam patvarumui ir tolygiam \u0161ilumos paskirstymui, jis kiekvien\u0105 kart\u0105 paruo\u0161ia \u0161veln\u0173, aromating\u0105 espres\u0105. <\/p>\n<p>Pagamintas i\u0161 <em>auk\u0161\u010diausios kokyb\u0117s ner\u016bdijan\u010dio plieno<\/em> su <strong>poliruotu vario apdaila<\/strong>, \u0161is viryklinis kavos aparatas derina nesenstant\u012f gro\u017e\u012f su prakti\u0161kumu. Tvirta konstrukcija u\u017etikrina suderinamum\u0105 su <strong>visais \u0161ilumos \u0161altiniais, \u012fskaitant indukcij\u0105<\/strong>, o ergonomi\u0161ka rankena suteikia patogum\u0105 ir kontrol\u0119 pilant. <\/p>\n<p>Pateikiamas eleganti\u0161koje pakuot\u0117je \u2013 tai taip pat puiki dovana tikr\u0173 kavos m\u0117g\u0117j\u0173 \u2013 \u0161ven\u010dianti tradicij\u0105 ir stili\u0173 kiekvienoje detal\u0117je.<\/p>\n<h3>Detal\u0117s<\/h3>\n<ul>\n<li><strong>Talpa:<\/strong> 300 ml<\/li>\n<li><strong>Spalva:<\/strong> vario, sidabro<\/li>\n<li><strong>Med\u017eiaga:<\/strong> ner\u016bdijantis plienas<\/li>\n<li><strong>Tinka:<\/strong> vis\u0173 tip\u0173 virykl\u0117ms, \u012fskaitant indukcin\u0119<\/li>\n<li><strong>Prie\u017ei\u016bra:<\/strong> rekomenduojama plauti rankomis; po naudojimo kruop\u0161\u010diai i\u0161d\u017eiovinti<\/li>\n<\/ul>\n<h3>Apie prek\u0117s \u017eenkl\u0105<\/h3>\n<p>Beveik penkis de\u0161imtme\u010dius <strong>\u201eLa Cafeti\u00e8re\u201c <\/strong>i\u0161 naujo apibr\u0117\u017eia kavos ir arbatos ritualus, derindama apgalvot\u0105 dizain\u0105 ir ilgaam\u017e\u0119 meistryst\u0119. Sujungdami auk\u0161\u010diausios kokyb\u0117s med\u017eiagas su laikui nepavald\u017eia europieti\u0161ka estetika, kiekvien\u0105 gamin\u012f jie kuria tam, kad kasdien\u0117s akimirkos \u012fgaut\u0173 subtilios elegancijos. <\/p>\n<\/section>\n","protected":false},"excerpt":{"rendered":"<p><strong>Rafinuotas dizainas ir patikimas veikimas<\/strong>.<strong> \u201eLa Cafeti\u00e8re\u201c varinis kavos virimo aparatas kavai ant virykl\u0117s<\/strong> pagamintas i\u0161 <em>auk\u0161tos kokyb\u0117s ner\u016bdijan\u010dio plieno<\/em> ir pasi\u017eymi \u012fsp\u016bdinga poliruoto vario apdaila. Tinka<strong> vis\u0173 tip\u0173 virykl\u0117ms, \u012fskaitant indukcines<\/strong>, ir leid\u017eia lengvai paruo\u0161ti sodr\u0173 espres\u0105. <\/p>\n<p>Eleganti\u0161kas, patvarus ir paruo\u0161tas dovanoti \u2013 laikui nepavaldus pasirinkimas kasdieniams ritualams ar ypatingoms progoms.<\/p>\n<p><em>Gro\u017eis ir funkcionalumas kiekviename puodelyje.<\/em><\/p>\n","protected":false},"featured_media":3671,"comment_status":"open","ping_status":"closed","template":"","meta":[],"product_brand":[1757],"product_cat":[1630],"product_tag":[1763,1764,1759,1758,1760,1762,1761],"class_list":{"0":"post-9253","1":"product","2":"type-product","3":"status-publish","4":"has-post-thumbnail","6":"product_brand-la-cafetiere","7":"product_cat-indai-kavai-ir-arbatai","8":"product_tag-espresso","9":"product_tag-indukcija","10":"product_tag-kavos-virimo-aparatas","11":"product_tag-la-cafetiere","12":"product_tag-nerudijantis-plienas","13":"product_tag-varis","14":"product_tag-viryklinis","16":"first","17":"instock","18":"shipping-taxable","19":"purchasable","20":"product-type-simple"},"_links":{"self":[{"href":"https:\/\/canott.com\/lt\/wp-json\/wp\/v2\/product\/9253","targetHints":{"allow":["GET"]}}],"collection":[{"href":"https:\/\/canott.com\/lt\/wp-json\/wp\/v2\/product"}],"about":[{"href":"https:\/\/canott.com\/lt\/wp-json\/wp\/v2\/types\/product"}],"replies":[{"embeddable":true,"href":"https:\/\/canott.com\/lt\/wp-json\/wp\/v2\/comments?post=9253"}],"wp:featuredmedia":[{"embeddable":true,"href":"https:\/\/canott.com\/lt\/wp-json\/wp\/v2\/media\/3671"}],"wp:attachment":[{"href":"https:\/\/canott.com\/lt\/wp-json\/wp\/v2\/media?parent=9253"}],"wp:term":[{"taxonomy":"product_brand","embeddable":true,"href":"https:\/\/canott.com\/lt\/wp-json\/wp\/v2\/product_brand?post=9253"},{"taxonomy":"product_cat","embeddable":true,"href":"https:\/\/canott.com\/lt\/wp-json\/wp\/v2\/product_cat?post=9253"},{"taxonomy":"product_tag","embeddable":true,"href":"https:\/\/canott.com\/lt\/wp-json\/wp\/v2\/product_tag?post=9253"}],"curies":[{"name":"wp","href":"https:\/\/api.w.org\/{rel}","templated":true}]}}