{"id":9245,"date":"2025-05-22T19:46:30","date_gmt":"2025-05-22T19:46:30","guid":{"rendered":"https:\/\/canott.com\/product\/bee-spalvotu-tauriu-rinkinys-4-vnt-220-ml"},"modified":"2025-05-22T19:46:30","modified_gmt":"2025-05-22T19:46:30","slug":"bee-spalvotu-tauriu-rinkinys-4-vnt-220-ml","status":"publish","type":"product","link":"https:\/\/canott.com\/lt\/produktas\/bee-spalvotu-tauriu-rinkinys-4-vnt-220-ml","title":{"rendered":"\u201eBee\u201c spalvot\u0173 tauri\u0173 rinkinys, 4 vnt., 220 ml"},"content":{"rendered":"<section>\n<h2>Apie produkt\u0105<\/h2>\n<p>\u012ene\u0161kite pranc\u016bzi\u0161ko meistri\u0161kumo \u012f savo namus su <strong>\u201eLa Roch\u00e8re Bee Glasses\u201c<\/strong> \u2013 kasdieni\u0161kais, bet rafinuotais stikliniais indais, kurie \u0161ven\u010dia kasdieni\u0173 ritual\u0173 gro\u017e\u012f. Pagaminti Pranc\u016bzijoje i\u0161 presuoto stiklo ir papuo\u0161ti ikonine <em>Napoleono bite<\/em>, kiekvienas gaminys atspindi Provanso dvasi\u0105 ir jo saul\u0117t\u0105 \u017eaves\u012f. <\/p>\n<p>Galimi keturi\u0173 i\u0161skirtini\u0173 atspalvi\u0173 \u2013 <strong>bakla\u017eano, smaragdo, \u017ealios ir m\u0117lynos<\/strong> \u2013 \u0161ie stikliniai indai derina modern\u0173 paprastum\u0105 su ilgalaike tradicija. J\u0173 pasunkintas pagrindas ir tekst\u016bruotas bit\u0117s motyvas daro juos prakti\u0161kais ir gra\u017eiais, idealiai tinkan\u010diais <strong>vynui, vandeniui ar gaiviems vasaros g\u0117rimams<\/strong>. <\/p>\n<h3>Detal\u0117s<\/h3>\n<ul>\n<li><strong>Talpa:<\/strong> 220 ml<\/li>\n<li><strong>Matmenys:<\/strong> A 14 cm \u00d7 \u00d8 8,5 cm<\/li>\n<li><strong>Med\u017eiaga<\/strong>: presuotas stiklas<\/li>\n<li><strong>Spalvos<\/strong>: bakla\u017eano, smaragdo, \u017ealia, m\u0117lyna.<\/li>\n<li><strong>Rinkinys:<\/strong> 4 stiklin\u0117s<\/li>\n<li><strong>Kolekcija<\/strong>: Abeille (Bee)<\/li>\n<li><strong>Prie\u017ei\u016bra:<\/strong> galima plauti indaplov\u0117je; venkite staigi\u0173 temperat\u016bros poky\u010di\u0173<\/li>\n<\/ul>\n<h3>Apie prek\u0117s \u017eenkl\u0105<\/h3>\n<p>1475 m. Pranc\u016bzijos \u0161irdyje \u012fkurta <strong>La Roch\u00e8re<\/strong> yra seniausia nepertraukiamai veikianti stiklo dirbtuv\u0117 Europoje. \u017dinomas d\u0117l savo meistri\u0161kumo ir nesenstan\u010dio dizaino, kiekvienas gaminys jungia autenti\u0161kum\u0105, meni\u0161kum\u0105 ir ilgalaik\u0119 kokyb\u0119 \u2013 <em>sukurtas d\u017eiaugtis kart\u0173 kartoms<\/em>.<\/p>\n<\/section>\n","protected":false},"excerpt":{"rendered":"<p><strong>Lengvai eleganti\u0161ki<\/strong>, \u0161ie spalvoti stikliniai indai derina modern\u0173 dizain\u0105 su nesenstan\u010diu pranc\u016bzi\u0161ku \u017eavesiu. Pagaminti Pranc\u016bzijoje <strong>\u201eLa Roch\u00e8re\u201c<\/strong> i\u0161 presuoto stiklo ir papuo\u0161ti ikonine <em>Napoleono bite<\/em>, jie suteikia \u0161ilumos, charakterio ir gro\u017eio kiekvienam stalui. <\/p>\n<p><em>Puikiai tinka vynui, vandeniui ar kasdienei elegancijai.<\/em><\/p>\n","protected":false},"featured_media":1873,"comment_status":"open","ping_status":"closed","template":"","meta":[],"product_brand":[1738],"product_cat":[1626],"product_tag":[1741,1742,1744,1739,1750,1740,1749,1743,1756],"class_list":{"0":"post-9245","1":"product","2":"type-product","3":"status-publish","4":"has-post-thumbnail","6":"product_brand-la-rochere","7":"product_cat-stikliniai-indai","8":"product_tag-abeille-kolekcija","9":"product_tag-bee-kolekcija","10":"product_tag-drinkware","11":"product_tag-la-rochere","12":"product_tag-prancuziskas-stiklas","13":"product_tag-presuotas-stiklas","14":"product_tag-spalvoti-stiklo-indai","15":"product_tag-tableware","16":"product_tag-vyno-taures","18":"first","19":"instock","20":"shipping-taxable","21":"purchasable","22":"product-type-simple"},"_links":{"self":[{"href":"https:\/\/canott.com\/lt\/wp-json\/wp\/v2\/product\/9245","targetHints":{"allow":["GET"]}}],"collection":[{"href":"https:\/\/canott.com\/lt\/wp-json\/wp\/v2\/product"}],"about":[{"href":"https:\/\/canott.com\/lt\/wp-json\/wp\/v2\/types\/product"}],"replies":[{"embeddable":true,"href":"https:\/\/canott.com\/lt\/wp-json\/wp\/v2\/comments?post=9245"}],"wp:featuredmedia":[{"embeddable":true,"href":"https:\/\/canott.com\/lt\/wp-json\/wp\/v2\/media\/1873"}],"wp:attachment":[{"href":"https:\/\/canott.com\/lt\/wp-json\/wp\/v2\/media?parent=9245"}],"wp:term":[{"taxonomy":"product_brand","embeddable":true,"href":"https:\/\/canott.com\/lt\/wp-json\/wp\/v2\/product_brand?post=9245"},{"taxonomy":"product_cat","embeddable":true,"href":"https:\/\/canott.com\/lt\/wp-json\/wp\/v2\/product_cat?post=9245"},{"taxonomy":"product_tag","embeddable":true,"href":"https:\/\/canott.com\/lt\/wp-json\/wp\/v2\/product_tag?post=9245"}],"curies":[{"name":"wp","href":"https:\/\/api.w.org\/{rel}","templated":true}]}}