{"id":9234,"date":"2025-05-22T19:46:18","date_gmt":"2025-05-22T19:46:18","guid":{"rendered":"https:\/\/canott.com\/product\/bee-spalvotu-vandens-tauriu-rinkinys-4-vnt-250-ml"},"modified":"2025-05-22T19:46:18","modified_gmt":"2025-05-22T19:46:18","slug":"bee-spalvotu-vandens-tauriu-rinkinys-4-vnt-250-ml","status":"publish","type":"product","link":"https:\/\/canott.com\/lt\/produktas\/bee-spalvotu-vandens-tauriu-rinkinys-4-vnt-250-ml","title":{"rendered":"\u201eBee\u201c spalvot\u0173 vandens tauri\u0173 rinkinys, 4 vnt., 250 ml"},"content":{"rendered":"<section>\n<h2>Apie produkt\u0105<\/h2>\n<p>Suteikite savo stalui autenti\u0161ko pranc\u016bzi\u0161ko \u017eavesio su <strong>\u201eLa Roch\u00e8re Bee\u201c vandens tauri\u0173 rinkiniu, 4 vnt. (250 ml)<\/strong>. Galimos keturi\u0173 sodri\u0173 atspalvi\u0173 \u2013 bakla\u017eano, smaragdo, \u017ealios ir m\u0117lynos \u2013 \u0161ios taur\u0117s \u012fne\u0161a \u0161ilumos ir charakterio \u012f bet kuri\u0105 aplink\u0105.<br \/>Puikiai subalansuotos ir patogios laikyti rankoje, jos idealiai tinka <em>vandeniui, sultims ar kokteiliams su ledu<\/em>. Subtilus tradicijos ir \u0161iuolaikinio d\u017eiaugsmo derinys kasdieniam gyvenimui.<\/p>\n<p>Reljefinis bit\u0117s motyvas, \u012fkv\u0117ptas <strong>Napoleono emblemos<\/strong>, atspindi Provanso paveld\u0105 ir meistri\u0161kum\u0105 \u2013 tai laikui nepavaldus pranc\u016bzi\u0161kas simbolis, suteikiantis prasm\u0117s kiekvienam gurk\u0161niui.<\/p>\n<p><\/p>\n<h3>Detal\u0117s<\/h3>\n<ul>\n<li><strong>Talpa:<\/strong> 250 ml<\/li>\n<li><strong>Matmenys:<\/strong> A 10,3 cm \u00d7 \u00d8 8,4 cm<\/li>\n<li><strong>Med\u017eiaga<\/strong>: presuotas stiklas.<\/li>\n<li><strong>Spalvos<\/strong>: bakla\u017eano, smaragdo, \u017ealia, m\u0117lyna.<\/li>\n<li><strong>Rinkinys:<\/strong> 4 stiklin\u0117s<\/li>\n<li><strong>Kolekcija<\/strong>: Abeille (Bee)<\/li>\n<li><strong>Prie\u017ei\u016bra<\/strong>: galima plauti indaplov\u0117je; vengti staigi\u0173 temperat\u016bros poky\u010di\u0173.<\/li>\n<\/ul>\n<h3>Apie prek\u0117s \u017eenkl\u0105<\/h3>\n<p>\u012ekurta 1475 m. Pranc\u016bzijos \u0161irdyje, <strong>\u201eLa Roch\u00e8re<\/strong>\u201c yra seniausia Europoje nepertraukiamai veikianti stiklo manufakt\u016bra, gars\u0117janti ilgaam\u017ee meistryste ir laikui nepavald\u017eiu dizainu. \u0160ios <strong>\u201eBee\u201c taur\u0117s<\/strong> t\u0119sia \u0161i\u0105 tradicij\u0105 \u2013 tai \u012fsipareigojimas kokybei, autenti\u0161kumui ir kasdienio gyvenimo estetikai.<em> Ma\u017eiau, bet geriau \u2013 daiktai, sukurti ilgam.<\/em> <\/p>\n<\/section>\n","protected":false},"excerpt":{"rendered":"<p><strong>Eleganti\u0161kos ir laikui nepavald\u017eios \u201eLa Roch\u00e8re Bee\u201c vandens taur\u0117s<\/strong> kasdieniam stalui suteikia subtilaus pranc\u016bzi\u0161ko meistri\u0161kumo akcent\u0105. Pagamintos Pranc\u016bzijoje i\u0161 presuoto stiklo ir dekoruotos ikoniniu <em>Napoleono bit\u0117s <\/em>motyvu, jos sujungia paveld\u0105, patvarum\u0105 ir nat\u016bral\u0173 gro\u017e\u012f \u2013 puikiai tinka kasdieniams g\u0117rimams.<\/p>\n<p> <\/p>\n<p><em>Paprasta pranc\u016bzi\u0161ka elegancija \u2013 sukurta m\u0117gautis kasdien.<\/em><\/p>\n","protected":false},"featured_media":1850,"comment_status":"open","ping_status":"closed","template":"","meta":[],"product_brand":[1738],"product_cat":[1624,1626],"product_tag":[1741,1742,1744,1739,1750,1740,1749,1743,1751],"class_list":{"0":"post-9234","1":"product","2":"type-product","3":"status-publish","4":"has-post-thumbnail","6":"product_brand-la-rochere","7":"product_cat-naujienos","8":"product_cat-stikliniai-indai","9":"product_tag-abeille-kolekcija","10":"product_tag-bee-kolekcija","11":"product_tag-drinkware","12":"product_tag-la-rochere","13":"product_tag-prancuziskas-stiklas","14":"product_tag-presuotas-stiklas","15":"product_tag-spalvoti-stiklo-indai","16":"product_tag-tableware","17":"product_tag-zemos-stiklines","19":"first","20":"instock","21":"shipping-taxable","22":"purchasable","23":"product-type-simple"},"_links":{"self":[{"href":"https:\/\/canott.com\/lt\/wp-json\/wp\/v2\/product\/9234","targetHints":{"allow":["GET"]}}],"collection":[{"href":"https:\/\/canott.com\/lt\/wp-json\/wp\/v2\/product"}],"about":[{"href":"https:\/\/canott.com\/lt\/wp-json\/wp\/v2\/types\/product"}],"replies":[{"embeddable":true,"href":"https:\/\/canott.com\/lt\/wp-json\/wp\/v2\/comments?post=9234"}],"wp:featuredmedia":[{"embeddable":true,"href":"https:\/\/canott.com\/lt\/wp-json\/wp\/v2\/media\/1850"}],"wp:attachment":[{"href":"https:\/\/canott.com\/lt\/wp-json\/wp\/v2\/media?parent=9234"}],"wp:term":[{"taxonomy":"product_brand","embeddable":true,"href":"https:\/\/canott.com\/lt\/wp-json\/wp\/v2\/product_brand?post=9234"},{"taxonomy":"product_cat","embeddable":true,"href":"https:\/\/canott.com\/lt\/wp-json\/wp\/v2\/product_cat?post=9234"},{"taxonomy":"product_tag","embeddable":true,"href":"https:\/\/canott.com\/lt\/wp-json\/wp\/v2\/product_tag?post=9234"}],"curies":[{"name":"wp","href":"https:\/\/api.w.org\/{rel}","templated":true}]}}