{"id":9071,"date":"2025-10-26T19:59:09","date_gmt":"2025-10-26T19:59:09","guid":{"rendered":"https:\/\/canott.com\/product\/toku-brussels-slepetes-terakotos-spalvos"},"modified":"2025-10-26T19:59:09","modified_gmt":"2025-10-26T19:59:09","slug":"toku-brussels-slepetes-terakotos-spalvos","status":"publish","type":"product","link":"https:\/\/canott.com\/lt\/produktas\/toku-brussels-slepetes-terakotos-spalvos","title":{"rendered":"TOKU Brussels \u0161lepet\u0117s \u2013 terakotos spalvos"},"content":{"rendered":"<section>\n<h2>Apie produkt\u0105<\/h2>\n<p>\u017demi\u0161kos, \u0161iltos ir be pastang\u0173 eleganti\u0161kos \u2013 <strong>TOKU Brussels \u0161lepet\u0117s terakotos spalvos<\/strong> suteikia rankomis daryt\u0105 komfort\u0105 ir am\u017ein\u0105 \u0161iaurieti\u0161k\u0105 paprastum\u0105 j\u016bs\u0173 kasdien\u0117ms akimirkoms. Kiekviena pora <strong>pagaminta rankomis piet\u0173 Estijoje<\/strong> <strong>OmaKing<\/strong> \u0161eimos \u012fmon\u0117je, kuri kuria patvari\u0105 avalyn\u0119 nuo 1927 met\u0173. <\/p>\n<p>Pagamintos i\u0161 <strong>100 % \u0117riuko vilnos veltinio<\/strong>, \u0161ios \u0161lepet\u0117s nat\u016braliai prisitaiko prie j\u016bs\u0173 p\u0117d\u0173, suteikdamos kv\u0117puojant\u012f \u0161ilum\u0105 ir mink\u0161t\u0105 strukt\u016br\u0105, kuri laikui b\u0117gant adaptuojasi. Viduje <strong>ergonomi\u0161ka \u012fd\u0117klas<\/strong> u\u017etikrina \u0161veln\u0173 <strong>pado lanko palaikym\u0105<\/strong> ir <strong>\u0161iek tiek pakeltas kulnas<\/strong> suteikia komfort\u0105, kuris i\u0161lieka vis\u0105 dien\u0105. <strong>I\u0161orin\u0117 padas ir kulnas<\/strong> pagaminti i\u0161 <strong>patvaraus juodo mikropluo\u0161to<\/strong> su <strong>PU danga<\/strong>, u\u017etikrinan\u010dios ilgaam\u017ei\u0161kum\u0105 ir lengv\u0105 lankstum\u0105.  <\/p>\n<p>Kiekviena pora pristatom\u0105 daugkartinio naudojimo <strong>medvilniniame mai\u0161elyje<\/strong> \u2013 prakti\u0161ka, aplinkai draugi\u0161ka alternatyva vienkartinei pakuotei.<\/p>\n<p><em>Sukurtos su r\u016bpes\u010diu, pagamintos ilgam laikui \u2013 TOKU \u0161lepet\u0117s sujungia paveld\u0105, komfort\u0105 ir \u0161iuolaikin\u0119 \u0161iaurieti\u0161k\u0105 estetik\u0105.<\/em><\/p>\n<h3>Detal\u0117s<\/h3>\n<ul>\n<li><strong>Vir\u0161us ir pamu\u0161alas:<\/strong> 100% nat\u016bralus \u0117riuk\u0173 vilnos veltinis<\/li>\n<li><strong>Vidpadis:<\/strong> Su p\u0117dos skliauto atrama ir \u0161iek tiek pakeltu kulnu<\/li>\n<li><strong>Padas:<\/strong> Patvarus juodas mikropluo\u0161tas su PU danga<\/li>\n<li><strong>Pakuot\u0117:<\/strong> Daugkartinio naudojimo medvilninis audinio mai\u0161elis<\/li>\n<li><strong>Kilm\u0117:<\/strong> Rank\u0173 darbo, pagaminta Estijoje, Europoje<\/li>\n<\/ul>\n<h3>Apie prek\u0117s \u017eenkl\u0105<\/h3>\n<p>\u012ekurta 1927 metais, <strong>OmaKing<\/strong> kuria avalyn\u0119, \u012fsi\u0161aknijusi\u0105 tradicijose ir patogume. Jos dizaino linija, <strong>TOKU<\/strong> \u2013 vadovaujama apdovanojimus pelniusios dizainer\u0117s Piibe Tomp \u2013 sujungia Estijos paveld\u0105 su \u0161iuolaikiniu dizainu. Pripa\u017einta kaip \u201eNaujoji Estijos klasika\u201c, TOKU atspindi l\u0117tosios mados vertybes ir \u0161iaurieti\u0161k\u0105 ramyb\u0119.  <\/p>\n<\/section>\n","protected":false},"excerpt":{"rendered":"<p><strong>Kasdien\u0117 \u0161iluma, am\u017einas dizainas.<\/strong> <strong>TOKU Brussels \u0161lepet\u0117s terakotos spalvos<\/strong> sujungia nat\u016bralias med\u017eiagas, komfort\u0105 ir \u0161iaurieti\u0161k\u0105 meistri\u0161kum\u0105 vienoje eleganti\u0161koje poroje.<\/p>\n<p><em>Pagaminta rankomis Estijoje i\u0161 100 % \u0117riuko vilnos veltinio \u2013 mink\u0161ta, patvari ir sukurta l\u0117tam gyvenimui.<\/em><\/p>\n","protected":false},"featured_media":7779,"comment_status":"open","ping_status":"closed","template":"","meta":[],"product_brand":[1702],"product_cat":[1608,1624],"product_tag":[1661,1654,1658,1659,1655,1653,1703,1660,1656,1657],"class_list":{"0":"post-9071","1":"product","2":"type-product","3":"status-publish","4":"has-post-thumbnail","6":"product_brand-omaking","7":"product_cat-vilnones-slepetes","8":"product_cat-naujienos","9":"product_tag-briuselio-slepetes","10":"product_tag-eriuku-vilnos-slepetes","11":"product_tag-estijos-meistriskumas","12":"product_tag-omaking","13":"product_tag-ranku-darbo-slepetes","14":"product_tag-skandinaviskas-dizainas","15":"product_tag-terakotos-spalvos-slepetes","16":"product_tag-toku-slepetes","17":"product_tag-tvari-avalyne","18":"product_tag-veltinines-slepetes","20":"first","21":"instock","22":"shipping-taxable","23":"purchasable","24":"product-type-variable"},"_links":{"self":[{"href":"https:\/\/canott.com\/lt\/wp-json\/wp\/v2\/product\/9071","targetHints":{"allow":["GET"]}}],"collection":[{"href":"https:\/\/canott.com\/lt\/wp-json\/wp\/v2\/product"}],"about":[{"href":"https:\/\/canott.com\/lt\/wp-json\/wp\/v2\/types\/product"}],"replies":[{"embeddable":true,"href":"https:\/\/canott.com\/lt\/wp-json\/wp\/v2\/comments?post=9071"}],"wp:featuredmedia":[{"embeddable":true,"href":"https:\/\/canott.com\/lt\/wp-json\/wp\/v2\/media\/7779"}],"wp:attachment":[{"href":"https:\/\/canott.com\/lt\/wp-json\/wp\/v2\/media?parent=9071"}],"wp:term":[{"taxonomy":"product_brand","embeddable":true,"href":"https:\/\/canott.com\/lt\/wp-json\/wp\/v2\/product_brand?post=9071"},{"taxonomy":"product_cat","embeddable":true,"href":"https:\/\/canott.com\/lt\/wp-json\/wp\/v2\/product_cat?post=9071"},{"taxonomy":"product_tag","embeddable":true,"href":"https:\/\/canott.com\/lt\/wp-json\/wp\/v2\/product_tag?post=9071"}],"curies":[{"name":"wp","href":"https:\/\/api.w.org\/{rel}","templated":true}]}}