{"id":9063,"date":"2025-12-06T16:14:23","date_gmt":"2025-12-06T16:14:23","guid":{"rendered":"https:\/\/canott.com\/product\/soft-snow-korteliu-deklas-su-rfid-apsauga"},"modified":"2026-03-15T07:28:18","modified_gmt":"2026-03-15T07:28:18","slug":"soft-snow-korteliu-deklas-su-rfid-apsauga","status":"publish","type":"product","link":"https:\/\/canott.com\/lt\/produktas\/soft-snow-korteliu-deklas-su-rfid-apsauga","title":{"rendered":"Soft Snow \u2013 korteli\u0173 d\u0117klas su RFID apsauga"},"content":{"rendered":"<section>\n<h2>Apie produkt\u0105<\/h2>\n<p><strong>Soft Snow \u2013 korteli\u0173 d\u0117klas su RFID apsauga, sukurtas \u201eSeif Design\u201c<\/strong>. Tai metalinis korteli\u0173 d\u0117klas su nat\u016bralaus \u0161iferio akmens dizainu. \u0160iferis susidaro giliai po \u017eeme per milijonus met\u0173 i\u0161 molio, vulkanini\u0173 pelen\u0173 ir kit\u0173 smulkiagr\u016bd\u017ei\u0173 uolien\u0173, suteikdamas kiekvienam gaminiui subtili\u0105, sluoksniuot\u0105 gamtos sukurt\u0105 tekst\u016br\u0105.<\/p>\n<p>Dizainas minimalistinis, unikalus ir \u012fkv\u0117ptas gamtos, o plonas profilis puikiai tinka kasdieniam naudojimui. Soft Snow padeda apsaugoti korteles nuo bekontak\u010dio nuskaitymo naudojant RFID blokavimo technologij\u0105 ir yra supakuotas naudojant visi\u0161kai aplinkai draugi\u0161kas med\u017eiagas nuo d\u0117\u017eut\u0117s iki \u012fd\u0117klo.<\/p>\n<h3>Dizainas ir savyb\u0117s<\/h3>\n<ul>\n<li>Metalinis korteli\u0173 d\u0117klas su nat\u016bralaus \u0161iferio akmens dizainu<\/li>\n<li>Minimalistin\u0117, gamtos \u012fkv\u0117pta estetika<\/li>\n<li>RFID blokavimas apsaugai nuo bekontakt\u0117s vagyst\u0117s<\/li>\n<li>Telpa iki 12 korteli\u0173<\/li>\n<li>Galimos versijos su pinig\u0173 segtuku arba be jo<\/li>\n<li>Supakuotas visi\u0161kai perdirbamose, aplinkai draugi\u0161kose med\u017eiagose<\/li>\n<\/ul>\n<h3>Detal\u0117s<\/h3>\n<ul>\n<li><strong>Med\u017eiaga:<\/strong> metalinis korteli\u0173 d\u0117klas su nat\u016bralaus \u0161iferio dizainu<\/li>\n<li><strong>Talpa:<\/strong> Iki 12 korteli\u0173<\/li>\n<li><strong>Variantai:<\/strong> su pinig\u0173 spaustuku arba be jo<\/li>\n<li><strong>Apsauga:<\/strong> RFID blokavimas nuo bekontakt\u0117s vagyst\u0117s<\/li>\n<li><strong>Kilm\u0117:<\/strong> Pagaminta Estijoje<\/li>\n<\/ul>\n<h3>Stiliaus \u012fkv\u0117pimas<\/h3>\n<p>Soft Snow yra puikus pasirinkimas tiems, kurie ie\u0161ko plonos, strukt\u016bruotos alternatyvos tradicinei piniginei su ramiu, subtiliu pavir\u0161iumi. Naudokite j\u012f banko kortel\u0117ms, asmens tapatyb\u0117s dokumentams ar kelioni\u0173 kortel\u0117ms laikyti \u2013 lengvai telpa \u012f palto ki\u0161en\u0119, rankin\u0119 ar kuprin\u0119. \u0160iferio \u012fkv\u0117ptas dizainas nat\u016braliai dera su minimalistiniais, vienspalviais drabu\u017eiais ir \u0161vari\u0173 linij\u0173 aksesuarais.<\/p>\n<h3>Apie prek\u0117s \u017eenkl\u0105<\/h3>\n<p>Seif Design \u2013 Estijos prek\u0117s \u017eenklas, \u017einomas d\u0117l i\u0161skirtinio akmens dizaino korteli\u0173 d\u0117kl\u0173. Visi produktai gaminami Estijoje, pakuot\u0117ms naudojamos tik visi\u0161kai perdirbamos med\u017eiagos, o gamyboje naudojama saul\u0117s energija i\u0161 saul\u0117s elektrini\u0173. Rezultatas \u2013 patvari\u0173, gamtos \u012fkv\u0117pt\u0173 gamini\u0173 kolekcija, siekianti pranokti greitai kintan\u010dias tendencijas.  <\/p>\n<\/section>\n","protected":false},"excerpt":{"rendered":"<p><strong>Soft Snow \u2013 korteli\u0173 d\u0117klas su RFID apsauga<\/strong>, kur\u012f suk\u016br\u0117 <strong>Seif Design<\/strong>, yra minimalistinis metalinis korteli\u0173 d\u0117klas, suprojektuotas su nat\u016braliu \u0161iferiu, suteikiantis ram\u0173, akmens tekst\u016bros akcent\u0105 kasdieniam naudojimui<\/p>\n<p><em>Jame telpa iki 12 korteli\u0173, si\u016bloma RFID apsauga nuo bekontak\u010dio duomen\u0173 nuskaitymo, ir yra supakuotas visi\u0161kai aplinkai draugi\u0161kose med\u017eiagose.<\/em><\/p>\n","protected":false},"featured_media":9067,"comment_status":"open","ping_status":"closed","template":"","meta":[],"product_brand":[1697],"product_cat":[1591],"product_tag":[1698,1663,1678,1699,1674,1675,1677,1676,1673,1700,1701],"class_list":{"0":"post-9063","1":"product","2":"type-product","3":"status-publish","4":"has-post-thumbnail","6":"product_brand-seif-design","7":"product_cat-pinigines-ir-korteliu-deklai","8":"product_tag-akmens-korteliu-deklas","9":"product_tag-canott","10":"product_tag-ekologiska-pakuote","11":"product_tag-korteliu-deklas-su-rfid-apsauga","12":"product_tag-metalinis-korteliu-deklas","13":"product_tag-minimalistinis-korteliu-deklas","14":"product_tag-pagaminta-estijoje","15":"product_tag-plonos-pinigines-alternatyva","16":"product_tag-seif-design","17":"product_tag-siferio-korteliu-deklas","18":"product_tag-soft-snow","20":"first","21":"instock","22":"shipping-taxable","23":"purchasable","24":"product-type-variable"},"_links":{"self":[{"href":"https:\/\/canott.com\/lt\/wp-json\/wp\/v2\/product\/9063","targetHints":{"allow":["GET"]}}],"collection":[{"href":"https:\/\/canott.com\/lt\/wp-json\/wp\/v2\/product"}],"about":[{"href":"https:\/\/canott.com\/lt\/wp-json\/wp\/v2\/types\/product"}],"replies":[{"embeddable":true,"href":"https:\/\/canott.com\/lt\/wp-json\/wp\/v2\/comments?post=9063"}],"wp:featuredmedia":[{"embeddable":true,"href":"https:\/\/canott.com\/lt\/wp-json\/wp\/v2\/media\/9067"}],"wp:attachment":[{"href":"https:\/\/canott.com\/lt\/wp-json\/wp\/v2\/media?parent=9063"}],"wp:term":[{"taxonomy":"product_brand","embeddable":true,"href":"https:\/\/canott.com\/lt\/wp-json\/wp\/v2\/product_brand?post=9063"},{"taxonomy":"product_cat","embeddable":true,"href":"https:\/\/canott.com\/lt\/wp-json\/wp\/v2\/product_cat?post=9063"},{"taxonomy":"product_tag","embeddable":true,"href":"https:\/\/canott.com\/lt\/wp-json\/wp\/v2\/product_tag?post=9063"}],"curies":[{"name":"wp","href":"https:\/\/api.w.org\/{rel}","templated":true}]}}