{"id":8780,"date":"2025-10-26T19:59:08","date_gmt":"2025-10-26T19:59:08","guid":{"rendered":"https:\/\/canott.com\/product\/toku-briuselio-slepetes-sviesiai-melynos"},"modified":"2026-03-10T14:26:17","modified_gmt":"2026-03-10T14:26:17","slug":"toku-briuselio-slepetes-sviesiai-melynos","status":"publish","type":"product","link":"https:\/\/canott.com\/lt\/produktas\/toku-briuselio-slepetes-sviesiai-melynos","title":{"rendered":"TOKU Briuselio \u0161lepet\u0117s \u2013 \u0160viesiai m\u0117lynos"},"content":{"rendered":"<section>\n<h2>Apie produkt\u0105<\/h2>\n<p>\u0160velni spalva susilieja su nesenstan\u010diu meistri\u0161kumu \u2013 <strong>TOKU Briuselio \u0161viesiai m\u0117lynos \u0161lepet\u0117s<\/strong> yra rami komforto, paprastumo ir skandinavi\u0161ko dizaino sintez\u0117. Kiekviena pora yra <strong>rank\u0173 darbo, pagaminta piet\u0173 Estijoje<\/strong>, <strong>OmaKing<\/strong> \u2013 \u0161eimos \u012fmon\u0117s, kuri gamina kokybi\u0161k\u0105 avalyn\u0119 nuo 1927 m.<\/p>\n<p>Pagamintos i\u0161 <strong>100% \u0117riuk\u0173 vilnos veltinio<\/strong>, \u0161ios \u0161lepet\u0117s suteikia nat\u016brali\u0105 \u0161ilum\u0105, kuri leid\u017eia j\u016bs\u0173 p\u0117doms kv\u0117puoti. <strong>Ergonomi\u0161kas vidpadis<\/strong> u\u017etikrina \u0161velni\u0105 <strong>p\u0117dos skliauto atram\u0105<\/strong> ir <strong>\u0161iek tiek pakelt\u0105 kuln\u0105<\/strong>, kad b\u016bt\u0173 u\u017etikrintas subalansuotas, visos dienos komfortas. Laikui b\u0117gant, veltinis nat\u016braliai prisitaiko prie j\u016bs\u0173 p\u0117d\u0173 formos, sukuriant individual\u0173 prigludim\u0105.<\/p>\n<p><strong>Patvarus mikropluo\u0161to padas su PU danga<\/strong> suteikia lengv\u0105 strukt\u016br\u0105 ir ilgalaik\u012f d\u0117v\u0117jim\u0105, o <strong>daugkartinio naudojimo medvilninis mai\u0161elis<\/strong> \u2013 tvari\u0105, prakti\u0161k\u0105 detal\u0119, idealiai tinkan\u010di\u0105 apgalvotam, ekologi\u0161kam gyvenimo b\u016bdui.<\/p>\n<p><em>Kruop\u0161\u010diai suprojektuotos ir pagamintos ilgaam\u017ei\u0161kumui \u2013 TOKU Briuselio \u0161lepet\u0117s \u012fne\u0161a skandinavi\u0161kos ramyb\u0117s esm\u0119 \u012f j\u016bs\u0173 kasdien\u012f ritm\u0105.<\/em><\/p>\n<h3>Detal\u0117s<\/h3>\n<ul>\n<li><strong>Vir\u0161us ir pamu\u0161alas:<\/strong> 100% nat\u016bralus \u0117riuk\u0173 vilnos veltinis<\/li>\n<li><strong>Vidpadis:<\/strong> Su p\u0117dos skliauto atrama ir \u0161iek tiek pakeltu kulnu<\/li>\n<li><strong>Padas:<\/strong> Patvarus juodas mikropluo\u0161tas su PU danga<\/li>\n<li><strong>Pakuot\u0117:<\/strong> Daugkartinio naudojimo medvilninis audinio mai\u0161elis<\/li>\n<li><strong>Kilm\u0117:<\/strong> Rank\u0173 darbo, pagaminta Estijoje, Europoje<\/li>\n<\/ul>\n<h3>Apie prek\u0117s \u017eenkl\u0105<\/h3>\n<p>\u012ekurta 1927 m., <strong>OmaKing<\/strong> yra Estijos \u0161eimos prek\u0117s \u017eenklas, \u017einomas d\u0117l savo nat\u016bralios, patvarios avalyn\u0117s. Jos dizaino linija, <strong>TOKU<\/strong>, vadovaujama apdovanojim\u0173 pelniusios dizainer\u0117s Piibe Tomp, vienija paveld\u0105 ir moderni\u0105 form\u0105 \u2013 \u0161ven\u010diama kaip \u201eNaujoji Estijos klasika\u201c.<\/p>\n<\/section>\n","protected":false},"excerpt":{"rendered":"<p><strong>\u0160velnus tonas, jauki ramyb\u0117.<\/strong> <strong>TOKU Briuselio \u0161viesiai m\u0117lynos \u0161lepet\u0117s<\/strong> sujungia skandinavi\u0161k\u0105 dizain\u0105, nat\u016brali\u0105 \u0161ilum\u0105 ir kasdien\u012f patogum\u0105.<\/p>\n<p><em>Rank\u0173 darbo, pagamintos Estijoje i\u0161 100% \u0117riuk\u0173 vilnos veltinio \u2013 kv\u0117puojan\u010dios, patvarios ir sukurtos l\u0117tam gyvenimui.<\/em><\/p>\n","protected":false},"featured_media":8781,"comment_status":"open","ping_status":"closed","template":"","meta":[],"product_brand":[1702],"product_cat":[1608,1624],"product_tag":[1661,1654,1658,1659,1655,1653,1662,1660,1656,1657],"class_list":{"0":"post-8780","1":"product","2":"type-product","3":"status-publish","4":"has-post-thumbnail","6":"product_brand-omaking","7":"product_cat-vilnones-slepetes","8":"product_cat-naujienos","9":"product_tag-briuselio-slepetes","10":"product_tag-eriuku-vilnos-slepetes","11":"product_tag-estijos-meistriskumas","12":"product_tag-omaking","13":"product_tag-ranku-darbo-slepetes","14":"product_tag-skandinaviskas-dizainas","15":"product_tag-sviesiai-melynos-slepetes","16":"product_tag-toku-slepetes","17":"product_tag-tvari-avalyne","18":"product_tag-veltinines-slepetes","20":"first","21":"instock","22":"shipping-taxable","23":"purchasable","24":"product-type-variable"},"_links":{"self":[{"href":"https:\/\/canott.com\/lt\/wp-json\/wp\/v2\/product\/8780","targetHints":{"allow":["GET"]}}],"collection":[{"href":"https:\/\/canott.com\/lt\/wp-json\/wp\/v2\/product"}],"about":[{"href":"https:\/\/canott.com\/lt\/wp-json\/wp\/v2\/types\/product"}],"replies":[{"embeddable":true,"href":"https:\/\/canott.com\/lt\/wp-json\/wp\/v2\/comments?post=8780"}],"wp:featuredmedia":[{"embeddable":true,"href":"https:\/\/canott.com\/lt\/wp-json\/wp\/v2\/media\/8781"}],"wp:attachment":[{"href":"https:\/\/canott.com\/lt\/wp-json\/wp\/v2\/media?parent=8780"}],"wp:term":[{"taxonomy":"product_brand","embeddable":true,"href":"https:\/\/canott.com\/lt\/wp-json\/wp\/v2\/product_brand?post=8780"},{"taxonomy":"product_cat","embeddable":true,"href":"https:\/\/canott.com\/lt\/wp-json\/wp\/v2\/product_cat?post=8780"},{"taxonomy":"product_tag","embeddable":true,"href":"https:\/\/canott.com\/lt\/wp-json\/wp\/v2\/product_tag?post=8780"}],"curies":[{"name":"wp","href":"https:\/\/api.w.org\/{rel}","templated":true}]}}