{"id":11139,"date":"2025-05-24T20:36:04","date_gmt":"2025-05-24T20:36:04","guid":{"rendered":"https:\/\/canott.com\/product\/vaflinio-audinio-medvilninis-ranksluostis-smelio-spalvos"},"modified":"2025-05-24T20:36:04","modified_gmt":"2025-05-24T20:36:04","slug":"vaflinio-audinio-medvilninis-ranksluostis-smelio-spalvos","status":"publish","type":"product","link":"https:\/\/canott.com\/lt\/produktas\/vaflinio-audinio-medvilninis-ranksluostis-smelio-spalvos","title":{"rendered":"Vaflinio audinio medvilninis rank\u0161luostis \u2013 sm\u0117lio spalvos"},"content":{"rendered":"<section>\n<h2>Apie produkt\u0105<\/h2>\n<p><strong>NUSS vaflinio audinio medvilninis rank\u0161luostis \u2013 sm\u0117lio spalvos<\/strong> \u2013 atspindi kasdienio komforto esm\u0119 ir laikui nepavald\u0173 paprastum\u0105. Pagamintas i\u0161 <strong>100 % OEKO-TEX\u00ae sertifikuotos medviln\u0117s<\/strong>, jis pasi\u017eymi nat\u016braliu mink\u0161tumu, puikiu dr\u0117gm\u0117s sug\u0117rimu ir lengva, greitai d\u017ei\u016bstan\u010dia tekst\u016bra, \u0161velnia odai. <\/p>\n<p>Minimalistin\u0117 <em>vaflin\u0117 tekst\u016bra <\/em>sustiprina tiek funkcionalum\u0105, tiek estetik\u0105 \u2013 puikus pasirinkimas moderniems, tvariems namams. Naudojamas vonios kambaryje, virtuv\u0117je ar kaip dovana, \u0161is rank\u0161luostis sujungia subtili\u0105 elegancij\u0105 su apgalvotu dizainu. <\/p>\n<p>Galimas keturi\u0173 prakti\u0161k\u0173 dyd\u017ei\u0173, kiekvienas rank\u0161luostis turi <strong>medvilnin\u0119 pakabinimo kilp\u0105<\/strong>, o nat\u016bralus sm\u0117lio spalvos atspalvis lengvai dera prie bet kokio interjero. Taip pat galima \u012fsigyti kaip vis\u0173 dyd\u017ei\u0173 komplekt\u0105. <\/p>\n<p><em>Sukurtas ilgam naudojimui ir kasdieniam d\u017eiaugsmui \u2013 nat\u016bralus pasirinkimas vertinantiems kokyb\u0119, estetik\u0105 ir tvarum\u0105.<\/em><\/p>\n<h3>Detal\u0117s<\/h3>\n<ul>\n<li><strong>Med\u017eiaga<\/strong>: 100 % OEKO-TEX\u00ae sertifikuota medviln\u0117<\/li>\n<li><strong>Tekst\u016bra<\/strong>: vaflinis audinys<\/li>\n<li><strong>Spalva:<\/strong> sm\u0117lio spalvos<\/li>\n<li><strong>Galimi dyd\u017eiai:<\/strong>\n<ul>\n<li>30 \u00d7 30 cm \u2013 ma\u017eas rank\u0161luostis rankoms \/ veidui su pakabinimo kilpa<\/li>\n<li>40 \u00d7 50 cm \u2013 rank\u0161luostis rankoms su pakabinimo kilpa<\/li>\n<li>40 \u00d7 75 cm \u2013 virtuvinis rank\u0161luostis su pakabinimo kilpa<\/li>\n<li>80 \u00d7 140 cm \u2013 bath towel with hanging loop<\/li>\n<\/ul>\n<p> Taip pat galima \u012fsigyti kaip vis\u0173 dyd\u017ei\u0173 komplekt\u0105.\n    <\/li>\n<li><strong>Prie\u017ei\u016bra<\/strong>: skalbti 40 \u00b0C temperat\u016broje, \u0161velniu re\u017eimu su \u0161velniu skalbikliu. Ned\u017eiovinti d\u017eiovykl\u0117je (galimas susitraukimas). Lyginti iki 110 \u00b0C.<\/li>\n<li><strong>Kilm\u0117<\/strong>: rank\u0173 darbo gaminys, Latvija<\/li>\n<\/ul>\n<h3>Apie prek\u0117s \u017eenkl\u0105<\/h3>\n<p><strong>NUSS <\/strong>yra Latvijos prek\u0117s \u017eenklas, kuriantis laikui nepavald\u017ei\u0105 nam\u0173 tekstil\u0119 i\u0161 nat\u016bralaus OEKO-TEX\u00ae sertifikuoto lino ir medviln\u0117s. Kiekvienas gaminys rank\u0173 darbo, derinantis <em>skandinavi\u0161k\u0105 estetik\u0105 <\/em>su tvariu komfortu kasdieniam gyvenimui. <\/p>\n<\/section>\n","protected":false},"excerpt":{"rendered":"<p><strong>Mink\u0161tas, gerai sugeriantis ir nat\u016braliai esteti\u0161kas<\/strong>. <strong>NUSS vaflinio audinio medvilninis rank\u0161luostis \u2013 sm\u0117lio spalvos<\/strong> \u2013 pagamintas i\u0161 <em>100 % OEKO-TEX\u00ae sertifikuotos medviln\u0117s<\/em>, suteikian\u010dios komfort\u0105, kuriuo galima pasitik\u0117ti. Lengvas ir greitai d\u017ei\u016bstantis, puikiai tinka tiek vonios kambariui, tiek virtuvei. <\/p>\n<p><em>Rank\u0173 darbo Latvijoje, sukurtas galvojant apie jus ir aplink\u0105.<\/em><\/p>\n","protected":false},"featured_media":2540,"comment_status":"open","ping_status":"closed","template":"","meta":[],"product_brand":[1791],"product_cat":[1596,1628],"product_tag":[2371,2322,2383,2387,1725,1829,1726,2388],"class_list":{"0":"post-11139","1":"product","2":"type-product","3":"status-publish","4":"has-post-thumbnail","6":"product_brand-nuss","7":"product_cat-ranksluosciai","8":"product_cat-virtuviniai-ranksluosciai","9":"product_tag-bath-towel","10":"product_tag-eco-friendly","11":"product_tag-kitchen-towel","12":"product_tag-organic-towel","13":"product_tag-ranku-darbo","14":"product_tag-smelio-spalva","15":"product_tag-tvarus","16":"product_tag-waffle-cotton","18":"first","19":"instock","20":"shipping-taxable","21":"purchasable","22":"product-type-variable"},"_links":{"self":[{"href":"https:\/\/canott.com\/lt\/wp-json\/wp\/v2\/product\/11139","targetHints":{"allow":["GET"]}}],"collection":[{"href":"https:\/\/canott.com\/lt\/wp-json\/wp\/v2\/product"}],"about":[{"href":"https:\/\/canott.com\/lt\/wp-json\/wp\/v2\/types\/product"}],"replies":[{"embeddable":true,"href":"https:\/\/canott.com\/lt\/wp-json\/wp\/v2\/comments?post=11139"}],"wp:featuredmedia":[{"embeddable":true,"href":"https:\/\/canott.com\/lt\/wp-json\/wp\/v2\/media\/2540"}],"wp:attachment":[{"href":"https:\/\/canott.com\/lt\/wp-json\/wp\/v2\/media?parent=11139"}],"wp:term":[{"taxonomy":"product_brand","embeddable":true,"href":"https:\/\/canott.com\/lt\/wp-json\/wp\/v2\/product_brand?post=11139"},{"taxonomy":"product_cat","embeddable":true,"href":"https:\/\/canott.com\/lt\/wp-json\/wp\/v2\/product_cat?post=11139"},{"taxonomy":"product_tag","embeddable":true,"href":"https:\/\/canott.com\/lt\/wp-json\/wp\/v2\/product_tag?post=11139"}],"curies":[{"name":"wp","href":"https:\/\/api.w.org\/{rel}","templated":true}]}}