{"id":11086,"date":"2025-05-24T20:36:04","date_gmt":"2025-05-24T20:36:04","guid":{"rendered":"https:\/\/canott.com\/product\/vaflinio-audinio-plauku-ranksluostis-turbanas"},"modified":"2025-05-24T20:36:04","modified_gmt":"2025-05-24T20:36:04","slug":"vaflinio-audinio-plauku-ranksluostis-turbanas","status":"publish","type":"product","link":"https:\/\/canott.com\/lt\/produktas\/vaflinio-audinio-plauku-ranksluostis-turbanas","title":{"rendered":"Vaflinio audinio plauk\u0173 rank\u0161luostis \/ turbanas"},"content":{"rendered":"<section>\n<h2>Apie produkt\u0105<\/h2>\n<p>Patirkite nat\u016bral\u0173 komfort\u0105 ir patogum\u0105 su <strong>NUSS vaflinio audinio plauk\u0173 rank\u0161luos\u010diu \/ turbanu.<\/strong> Sukurtas kasdieniam naudojimui, \u0161is rank\u0161luostis \u0161velniai apgaubia ir saugiai prilaiko plaukus su sagos ir elastin\u0117s kilpos u\u017esegimu, tod\u0117l neslysta ir i\u0161lieka vietoje. <\/p>\n<p>Pagamintas i\u0161<strong> 100 % OEKO-TEX\u00ae sertifikuotos medviln\u0117s, jis yra lengvas, laidus orui ir gerai sugeria dr\u0117gm\u0119 <\/strong>\u2013 puikiai tinka po plauk\u0173 plovimo, SPA proced\u016br\u0173 metu, po pirties ar poilsiaujant papl\u016bdimyje.<strong> Vaflin\u0117 tekst\u016bra<\/strong> pagerina dr\u0117gm\u0117s sug\u0117rim\u0105, i\u0161laikydama \u0161velnum\u0105 ir tinkamum\u0105 vis\u0173 tip\u0173 plaukams, \u012fskaitant ilgus. <\/p>\n<p><em>Kiekvienas gaminys rank\u0173 darbo Latvijoje<\/em>, atspindintis NUSS \u012fsipareigojim\u0105 meistri\u0161kumui ir nat\u016braliai kokybei. Esteti\u0161kas ir prakti\u0161kas, tai nepakei\u010diamas kasdienis pasirinkimas sav\u0119s palepinimo ritualams ir l\u0117to gyvenimo akimirkoms. <\/p>\n<h3>Detal\u0117s<\/h3>\n<p>  <strong>Produkto detal\u0117s:<\/strong><\/p>\n<ul>\n<li><strong>Med\u017eiaga<\/strong>: 100 % OEKO-TEX\u00ae sertifikuota medviln\u0117<\/li>\n<li><strong>Tekst\u016bra<\/strong>: mink\u0161tas vaflinis audinys<\/li>\n<li><strong>U\u017esegimas<\/strong>: saga ir elastin\u0117 kilpa<\/li>\n<li><strong>Dydis<\/strong>: 67 \u00d7 26 cm \u2013 tinka ilgiems plaukams<\/li>\n<li><strong>Prigludimas<\/strong>: lengvas, laidus orui ir gerai sugeriantis dr\u0117gm\u0119<\/li>\n<li><strong>Prie\u017ei\u016bra<\/strong>: skalbti 40 \u00b0C temperat\u016broje, \u0161velniu re\u017eimu su \u0161velniu skalbikliu. Ned\u017eiovinti d\u017eiovykl\u0117je. Lyginti iki 110 \u00b0C.  <\/li>\n<li><strong>Kilm\u0117<\/strong>: rank\u0173 darbo gaminys, Latvija<\/li>\n<\/ul>\n<h3>Apie prek\u0117s \u017eenkl\u0105<\/h3>\n<p><strong>NUSS <\/strong>kuria laikui nepavald\u017ei\u0105 nam\u0173 tekstil\u0119 i\u0161 nat\u016bralaus, <em>OEKO-TEX\u00ae sertifikuoto lino ir medviln\u0117s<\/em>. Kiekvienas gaminys rank\u0173 darbo Latvijoje, kuriamas su kruop\u0161\u010diu d\u0117mesiu detal\u0117ms, derinant klasikin\u0119 elegancij\u0105 su \u0161iuolaiki\u0161ku paprastumu kasdieniam komfortui. <\/p>\n<\/section>\n","protected":false},"excerpt":{"rendered":"<p>Apvyniokite, susukite ir atsipalaiduokite.<strong> NUSS vaflinio audinio plauk\u0173 rank\u0161luostis (turbanas)<\/strong> leid\u017eia lengvai ir \u0161velniai i\u0161d\u017eiovinti plaukus. Pagamintas i\u0161 <strong>100 % OEKO-TEX\u00ae sertifikuotos medviln\u0117s<\/strong>, jis yra lengvas, gerai sugeriantis dr\u0117gm\u0119 ir lengvai tvirtinamas sagos bei elastin\u0117s kilpos pagalba.n. <\/p>\n<p><em>Puikiai tinka naudoti po du\u0161o, pirties ar papl\u016bdimyje.<\/em><\/p>\n","protected":false},"featured_media":2778,"comment_status":"open","ping_status":"closed","template":"","meta":[],"product_brand":[1791],"product_cat":[1596,1598],"product_tag":[2373,2377,2378,2380,2177,1868,2379,2374],"class_list":{"0":"post-11086","1":"product","2":"type-product","3":"status-publish","4":"has-post-thumbnail","6":"product_brand-nuss","7":"product_cat-ranksluosciai","8":"product_cat-saunos-reikmenys","9":"product_tag-cotton-towel","10":"product_tag-hair-towel","11":"product_tag-hair-turban","12":"product_tag-hair-wrap","13":"product_tag-handmade-in-latvia","14":"product_tag-oeko-tex","15":"product_tag-sauna-accessories","16":"product_tag-waffle-fabric","18":"first","19":"instock","20":"shipping-taxable","21":"purchasable","22":"product-type-variable"},"_links":{"self":[{"href":"https:\/\/canott.com\/lt\/wp-json\/wp\/v2\/product\/11086","targetHints":{"allow":["GET"]}}],"collection":[{"href":"https:\/\/canott.com\/lt\/wp-json\/wp\/v2\/product"}],"about":[{"href":"https:\/\/canott.com\/lt\/wp-json\/wp\/v2\/types\/product"}],"replies":[{"embeddable":true,"href":"https:\/\/canott.com\/lt\/wp-json\/wp\/v2\/comments?post=11086"}],"wp:featuredmedia":[{"embeddable":true,"href":"https:\/\/canott.com\/lt\/wp-json\/wp\/v2\/media\/2778"}],"wp:attachment":[{"href":"https:\/\/canott.com\/lt\/wp-json\/wp\/v2\/media?parent=11086"}],"wp:term":[{"taxonomy":"product_brand","embeddable":true,"href":"https:\/\/canott.com\/lt\/wp-json\/wp\/v2\/product_brand?post=11086"},{"taxonomy":"product_cat","embeddable":true,"href":"https:\/\/canott.com\/lt\/wp-json\/wp\/v2\/product_cat?post=11086"},{"taxonomy":"product_tag","embeddable":true,"href":"https:\/\/canott.com\/lt\/wp-json\/wp\/v2\/product_tag?post=11086"}],"curies":[{"name":"wp","href":"https:\/\/api.w.org\/{rel}","templated":true}]}}