{"id":11009,"date":"2025-05-24T20:35:58","date_gmt":"2025-05-24T20:35:58","guid":{"rendered":"https:\/\/canott.com\/product\/ilgas-vaflinio-audinio-chalatas-vyrams"},"modified":"2025-05-24T20:35:58","modified_gmt":"2025-05-24T20:35:58","slug":"ilgas-vaflinio-audinio-chalatas-vyrams","status":"publish","type":"product","link":"https:\/\/canott.com\/lt\/produktas\/ilgas-vaflinio-audinio-chalatas-vyrams","title":{"rendered":"Ilgas vaflinio audinio chalatas vyrams"},"content":{"rendered":"<section>\n<h2>Apie produkt\u0105<\/h2>\n<p><strong>Ilgas vaflinio audinio chalatas vyrams i\u0161 NUSS <\/strong>sujungia skandinavi\u0161k\u0105 paprastum\u0105 ir nat\u016bral\u0173 komfort\u0105. Klasikinio kirpimo, su dir\u017eu ir dviem \u0161onin\u0117mis ki\u0161en\u0117mis, jis suteikia laisv\u0105, ta\u010diau i\u0161laikyt\u0105 siluet\u0105, dvelkiant\u012f laikui nepavald\u017eia elegancija. <\/p>\n<p>Pagamintas i\u0161<strong> 100 % OEKO-TEX\u00ae sertifikuotos medviln\u0117s<\/strong>, chalatas yra mink\u0161tas, laidus orui ir tinkamas net jautriai odai. Vaflin\u0117 audinio tekst\u016bra yra lengva ir gerai sugerianti dr\u0117gm\u0119, tod\u0117l chalatas greitai d\u017ei\u016bsta ir i\u0161lieka gaivus \u2013 puikus pasirinkimas po vonios, pirties ar ramiems savaitgaliams namuose. <\/p>\n<p>Kiekvienas chalatas kruop\u0161\u010diai <em>rank\u0173 darbo <\/em>Latvijoje, skiriant ypating\u0105 d\u0117mes\u012f kokybei ir tikslumui, atspindint NUSS \u012fsipareigojim\u0105 tvarumui ir nat\u016braliam komfortui. Eleganti\u0161kas savo forma ir nat\u016bralus poj\u016b\u010diu, tai nepakei\u010diamas pasirinkimas l\u0117tesniam gyvenimo ritmui ir ramioms akimirkoms. <\/p>\n<h3>Detal\u0117s<\/h3>\n<p>  <strong>Produkto detal\u0117s:<\/strong><\/p>\n<ul>\n<li><strong>Med\u017eiaga<\/strong>: 100 % OEKO-TEX\u00ae sertifikuota medviln\u0117<\/li>\n<li><strong>Tekst\u016bra<\/strong>: mink\u0161tas vaflinis audinys<\/li>\n<li><strong>Dizainas<\/strong>: ilgas modelis su dir\u017eu ir dviem \u0161onin\u0117mis ki\u0161en\u0117mis<\/li>\n<li><strong>Prigludimas<\/strong>: lengvas, laidus orui ir patogus<\/li>\n<li><strong>Prie\u017ei\u016bra<\/strong>: skalbti 40 \u00b0C temperat\u016broje, \u0161velniu re\u017eimu su \u0161velniu skalbikliu. Ned\u017eiovinti d\u017eiovykl\u0117je. Lyginti iki 110 \u00b0C.  <\/li>\n<li><strong>Kilm\u0117<\/strong>: rank\u0173 darbo gaminys, Latvija<\/li>\n<\/ul>\n<h3>Apie prek\u0117s \u017eenkl\u0105<\/h3>\n<p><strong>NUSS <\/strong>kuria laikui nepavald\u017ei\u0105 nam\u0173 tekstil\u0119 i\u0161 nat\u016bralaus, <em>OEKO-TEX\u00ae sertifikuoto lino ir medviln\u0117s<\/em>. Kiekvienas gaminys rank\u0173 darbo Latvijoje, kuriamas su kruop\u0161\u010diu d\u0117mesiu detal\u0117ms, derinant klasikin\u0119 elegancij\u0105 su \u0161iuolaiki\u0161ku paprastumu kasdieniam komfortui. <\/p>\n<\/section>\n","protected":false},"excerpt":{"rendered":"<p><strong>Atsipalaidav\u0119s dizainas ir laikui nepavaldi estetika<\/strong>. <strong>NUSS ilgas vaflinio audinio chalatas vyrams<\/strong> suteikia kasdien\u012f komfort\u0105 d\u0117l <em>lengvos vaflin\u0117s tekst\u016bros<\/em> ir kv\u0117puojan\u010dios<strong> 100 % OEKO-TEX\u00ae sertifikuotos medviln\u0117s<\/strong>.<\/p>\n<p><em>Paprastas, patvarus ir sukurtas l\u0117tiems rytams ar ramiems vakarams.<\/em><\/p>\n","protected":false},"featured_media":2789,"comment_status":"open","ping_status":"closed","template":"","meta":[],"product_brand":[1791],"product_cat":[1597],"product_tag":[1860,2363,2177,2369,1868,2370,2364],"class_list":{"0":"post-11009","1":"product","2":"type-product","3":"status-publish","4":"has-post-thumbnail","6":"product_brand-nuss","7":"product_cat-chalatai-ir-namu-drabuziai","8":"product_tag-chalatas","9":"product_tag-cotton-robe","10":"product_tag-handmade-in-latvia","11":"product_tag-mens-robe","12":"product_tag-oeko-tex","13":"product_tag-waffle-cotton-loungewear","14":"product_tag-waffle-robe","16":"first","17":"instock","18":"shipping-taxable","19":"purchasable","20":"product-type-variable"},"_links":{"self":[{"href":"https:\/\/canott.com\/lt\/wp-json\/wp\/v2\/product\/11009","targetHints":{"allow":["GET"]}}],"collection":[{"href":"https:\/\/canott.com\/lt\/wp-json\/wp\/v2\/product"}],"about":[{"href":"https:\/\/canott.com\/lt\/wp-json\/wp\/v2\/types\/product"}],"replies":[{"embeddable":true,"href":"https:\/\/canott.com\/lt\/wp-json\/wp\/v2\/comments?post=11009"}],"wp:featuredmedia":[{"embeddable":true,"href":"https:\/\/canott.com\/lt\/wp-json\/wp\/v2\/media\/2789"}],"wp:attachment":[{"href":"https:\/\/canott.com\/lt\/wp-json\/wp\/v2\/media?parent=11009"}],"wp:term":[{"taxonomy":"product_brand","embeddable":true,"href":"https:\/\/canott.com\/lt\/wp-json\/wp\/v2\/product_brand?post=11009"},{"taxonomy":"product_cat","embeddable":true,"href":"https:\/\/canott.com\/lt\/wp-json\/wp\/v2\/product_cat?post=11009"},{"taxonomy":"product_tag","embeddable":true,"href":"https:\/\/canott.com\/lt\/wp-json\/wp\/v2\/product_tag?post=11009"}],"curies":[{"name":"wp","href":"https:\/\/api.w.org\/{rel}","templated":true}]}}