{"id":10962,"date":"2025-05-24T20:36:03","date_gmt":"2025-05-24T20:36:03","guid":{"rendered":"https:\/\/canott.com\/product\/ilgas-vaflinio-audinio-chalatas-moterims"},"modified":"2025-05-24T20:36:03","modified_gmt":"2025-05-24T20:36:03","slug":"ilgas-vaflinio-audinio-chalatas-moterims","status":"publish","type":"product","link":"https:\/\/canott.com\/lt\/produktas\/ilgas-vaflinio-audinio-chalatas-moterims","title":{"rendered":"Ilgas vaflinio audinio chalatas moterims"},"content":{"rendered":"<section>\n<h2>Apie produkt\u0105<\/h2>\n<p>M\u0117gaukit\u0117s nat\u016braliu komfortu su <strong>ilgu vaflinio audinio chalatu moterims i\u0161 NUSS<\/strong>. Sukurtas derinant paprastum\u0105 ir funkcionalum\u0105, \u0161is chalatas pasi\u017eymi <strong>klasikiniu siluetu<\/strong>, turi dir\u017e\u0105 ir <strong>dvi \u0161onines ki\u0161enes <\/strong>\u2013 tobulas prakti\u0161kumo ir elegancijos balansas. <\/p>\n<p>Pagamintas i\u0161 <strong>100 % OEKO-TEX\u00ae sertifikuotos medviln\u0117s<\/strong>, jis yra \u0161velnus odai, nat\u016braliai laidus orui ir visi\u0161kai be kenksming\u0173 med\u017eiag\u0173. Mink\u0161ta vaflin\u0117 tekst\u016bra suteikia lengv\u0105 masa\u017eo efekt\u0105, o pats audinys i\u0161lieka lengvas ir greitai d\u017ei\u016bstantis. <\/p>\n<p><em>Kiekvienas gaminys kruop\u0161\u010diai rank\u0173 darbo Latvijoje<\/em>, ypating\u0105 d\u0117mes\u012f skiriant kokybei ir detal\u0117ms, atspindint NUSS filosofij\u0105 \u2013 nat\u016bral\u0173 komfort\u0105 ir laikui nepavald\u0173 paprastum\u0105. Puikiai tinka kasdieniam naudojimui, po vonios ar jaukiems vakarams namuose. <\/p>\n<h3>Detal\u0117s<\/h3>\n<p>  <strong>Produkto detal\u0117s:<\/strong><\/p>\n<ul>\n<li><strong>Med\u017eiaga<\/strong>: 100 % OEKO-TEX\u00ae sertifikuota medviln\u0117<\/li>\n<li><strong>Tekst\u016bra<\/strong>: mink\u0161tas vaflinis audinys<\/li>\n<li><strong>Dizainas<\/strong>: ilgas modelis su dir\u017eu ir dviem \u0161onin\u0117mis ki\u0161en\u0117mis<\/li>\n<li><strong>Prigludimas<\/strong>: lengvas, laidus orui ir patogus<\/li>\n<li><strong>Prie\u017ei\u016bra<\/strong>: skalbti 40 \u00b0C temperat\u016broje, \u0161velniu re\u017eimu su \u0161velniu skalbikliu. Ned\u017eiovinti d\u017eiovykl\u0117je. Lyginti iki 110 \u00b0C.  <\/li>\n<li><strong>Kilm\u0117<\/strong>: rank\u0173 darbo gaminys, Latvija<\/li>\n<\/ul>\n<h3>Apie prek\u0117s \u017eenkl\u0105<\/h3>\n<p><strong>NUSS <\/strong>kuria laikui nepavald\u017ei\u0105 nam\u0173 tekstil\u0119 i\u0161 nat\u016bralaus, <em>OEKO-TEX\u00ae sertifikuoto lino ir medviln\u0117s<\/em>. Kiekvienas gaminys rank\u0173 darbo Latvijoje, kuriamas su kruop\u0161\u010diu d\u0117mesiu detal\u0117ms, derinant klasikin\u0119 elegancij\u0105 su \u0161iuolaiki\u0161ku paprastumu kasdieniam komfortui. <\/p>\n<\/section>\n","protected":false},"excerpt":{"rendered":"<p><strong>Klasikinis komfortas, interpretuotas i\u0161 naujo<\/strong>. <strong>NUSS ilgas vaflinio audinio chalatas moterims<\/strong> sujungia mink\u0161t\u0105 tekst\u016br\u0105 ir laikui nepavald\u0173 dizain\u0105. Pagamintas i\u0161 <em>100 % OEKO-TEX\u00ae sertifikuotos medviln\u0117s<\/em>, jis yra lengvas, laidus orui ir sukurtas jaukiam poilsiui. <\/p>\n<p><em>Puikiai tinka l\u0117tiems rytams, jaukiems vakarams ir savaitgalio SPA akimirkoms.<\/em><\/p>\n","protected":false},"featured_media":2780,"comment_status":"open","ping_status":"closed","template":"","meta":[],"product_brand":[1791],"product_cat":[1597],"product_tag":[1860,2366,2177,1868,2368,2364,2365],"class_list":{"0":"post-10962","1":"product","2":"type-product","3":"status-publish","4":"has-post-thumbnail","6":"product_brand-nuss","7":"product_cat-chalatai-ir-namu-drabuziai","8":"product_tag-chalatas","9":"product_tag-cotton-loungewear","10":"product_tag-handmade-in-latvia","11":"product_tag-oeko-tex","12":"product_tag-vaflinio-audinio-chalatas","13":"product_tag-waffle-robe","14":"product_tag-womens-robe","16":"first","17":"instock","18":"shipping-taxable","19":"purchasable","20":"product-type-variable"},"_links":{"self":[{"href":"https:\/\/canott.com\/lt\/wp-json\/wp\/v2\/product\/10962","targetHints":{"allow":["GET"]}}],"collection":[{"href":"https:\/\/canott.com\/lt\/wp-json\/wp\/v2\/product"}],"about":[{"href":"https:\/\/canott.com\/lt\/wp-json\/wp\/v2\/types\/product"}],"replies":[{"embeddable":true,"href":"https:\/\/canott.com\/lt\/wp-json\/wp\/v2\/comments?post=10962"}],"wp:featuredmedia":[{"embeddable":true,"href":"https:\/\/canott.com\/lt\/wp-json\/wp\/v2\/media\/2780"}],"wp:attachment":[{"href":"https:\/\/canott.com\/lt\/wp-json\/wp\/v2\/media?parent=10962"}],"wp:term":[{"taxonomy":"product_brand","embeddable":true,"href":"https:\/\/canott.com\/lt\/wp-json\/wp\/v2\/product_brand?post=10962"},{"taxonomy":"product_cat","embeddable":true,"href":"https:\/\/canott.com\/lt\/wp-json\/wp\/v2\/product_cat?post=10962"},{"taxonomy":"product_tag","embeddable":true,"href":"https:\/\/canott.com\/lt\/wp-json\/wp\/v2\/product_tag?post=10962"}],"curies":[{"name":"wp","href":"https:\/\/api.w.org\/{rel}","templated":true}]}}