{"id":10918,"date":"2025-05-24T20:36:04","date_gmt":"2025-05-24T20:36:04","guid":{"rendered":"https:\/\/canott.com\/product\/trumpas-vaflinio-audinio-chalatas-moterims"},"modified":"2025-05-24T20:36:04","modified_gmt":"2025-05-24T20:36:04","slug":"trumpas-vaflinio-audinio-chalatas-moterims","status":"publish","type":"product","link":"https:\/\/canott.com\/lt\/produktas\/trumpas-vaflinio-audinio-chalatas-moterims","title":{"rendered":"Trumpas vaflinio audinio chalatas moterims"},"content":{"rendered":"<section>\n<h2>Apie produkt\u0105<\/h2>\n<p><strong>Trumpas vaflinio audinio chalatas moterims i\u0161 NUSS <\/strong>dera laikui nepavaldi estetika ir modernus komfortas. \u0160velni vaflin\u0117 tekst\u016bra suteikia lengv\u0105 masa\u017eo efekt\u0105, padeda palaikyti odos dr\u0117gm\u0117s balans\u0105 ir u\u017etikrina malon\u0173 poj\u016bt\u012f poilsio akimirkomis namuose ar po vonios. <\/p>\n<p>Chalatas pasi\u017eymi <strong>klasikiniu siluetu<\/strong>, turi dir\u017e\u0105 bei <strong>prakti\u0161kas \u0161onines ki\u0161enes.<\/strong> Jis pagamintas i\u0161 <strong>100 % OEKO-TEX\u00ae sertifikuotos medviln\u0117s<\/strong>, tod\u0117l yra be kenksming\u0173 med\u017eiag\u0173 ir tinkamas net jautriai odai.in. <\/p>\n<p>Kiekvienas gaminys kruop\u0161\u010diai <em>rank\u0173 darbo<\/em> Latvijoje, ypating\u0105 d\u0117mes\u012f skiriant detal\u0117ms, tod\u0117l i\u0161siskiria kokybe ir ilgaam\u017ei\u0161kumu. Mink\u0161tas, gerai sugeriantis dr\u0117gm\u0119 ir greitai d\u017ei\u016bstantis \u2013 tikras nat\u016bralaus komforto pasirinkimas. <\/p>\n<h3>Detal\u0117s<\/h3>\n<p>  <strong>Produkto detal\u0117s:<\/strong><\/p>\n<ul>\n<li><strong>Med\u017eiaga<\/strong>: 100 % OEKO-TEX\u00ae sertifikuota medviln\u0117<\/li>\n<li><strong>Tekst\u016bra<\/strong>: mink\u0161tas vaflinis audinys<\/li>\n<li><strong>Dizainas<\/strong>: dir\u017eas ir dvi \u0161onin\u0117s ki\u0161en\u0117s<\/li>\n<li><strong>Prigludimas<\/strong>: lengvas, laidus orui<\/li>\n<li><strong>Prie\u017ei\u016bra<\/strong>: skalbti 40 \u00b0C temperat\u016broje, \u0161velniu re\u017eimu su \u0161velniu skalbikliu. Ned\u017eiovinti d\u017eiovykl\u0117je. Lyginti iki 110 \u00b0C.  <\/li>\n<li><strong>Kilm\u0117<\/strong>: rank\u0173 darbo gaminys, Latvija<\/li>\n<\/ul>\n<h3>Apie prek\u0117s \u017eenkl\u0105<\/h3>\n<p>NUSS kuria laikui nepavald\u017ei\u0105 nam\u0173 tekstil\u0119 i\u0161 nat\u016bralaus,<em> OEKO-TEX\u00ae sertifikuoto lino ir medviln\u0117s<\/em>. Visi gaminiai gaminami rankomis Latvijoje ir atspindi subtili\u0105 pusiausvyr\u0105 tarp estetikos, paprastumo ir \u0161iuolaikinio komforto kasdienai. <\/p>\n<\/section>\n","protected":false},"excerpt":{"rendered":"<p><strong>Pasinerkite \u012f \u0161velnum\u0105<\/strong>. <strong>NUSS trumpas vaflinio audinio chalatas moterims <\/strong><em>suteikia lengvumo ir kasdien\u0117s elegancijos poj\u016bt\u012f<\/em>. Pagamintas i\u0161 <strong>100 % OEKO-TEX\u00ae sertifikuotos medviln\u0117s<\/strong>, jis yra malonus odai, laidus orui ir nat\u016braliai jaukus. <\/p>\n<p><em>Puikiai tinka l\u0117tiems rytams, SPA ritualams ar ramiems vakarams namuose.<\/em><\/p>\n","protected":false},"featured_media":2692,"comment_status":"open","ping_status":"closed","template":"","meta":[],"product_brand":[1791],"product_cat":[1597],"product_tag":[1860,2366,2363,2177,1868,2367,2364,2365],"class_list":{"0":"post-10918","1":"product","2":"type-product","3":"status-publish","4":"has-post-thumbnail","6":"product_brand-nuss","7":"product_cat-chalatai-ir-namu-drabuziai","8":"product_tag-chalatas","9":"product_tag-cotton-loungewear","10":"product_tag-cotton-robe","11":"product_tag-handmade-in-latvia","12":"product_tag-oeko-tex","13":"product_tag-soft-robe","14":"product_tag-waffle-robe","15":"product_tag-womens-robe","17":"first","18":"instock","19":"shipping-taxable","20":"purchasable","21":"product-type-variable"},"_links":{"self":[{"href":"https:\/\/canott.com\/lt\/wp-json\/wp\/v2\/product\/10918","targetHints":{"allow":["GET"]}}],"collection":[{"href":"https:\/\/canott.com\/lt\/wp-json\/wp\/v2\/product"}],"about":[{"href":"https:\/\/canott.com\/lt\/wp-json\/wp\/v2\/types\/product"}],"replies":[{"embeddable":true,"href":"https:\/\/canott.com\/lt\/wp-json\/wp\/v2\/comments?post=10918"}],"wp:featuredmedia":[{"embeddable":true,"href":"https:\/\/canott.com\/lt\/wp-json\/wp\/v2\/media\/2692"}],"wp:attachment":[{"href":"https:\/\/canott.com\/lt\/wp-json\/wp\/v2\/media?parent=10918"}],"wp:term":[{"taxonomy":"product_brand","embeddable":true,"href":"https:\/\/canott.com\/lt\/wp-json\/wp\/v2\/product_brand?post=10918"},{"taxonomy":"product_cat","embeddable":true,"href":"https:\/\/canott.com\/lt\/wp-json\/wp\/v2\/product_cat?post=10918"},{"taxonomy":"product_tag","embeddable":true,"href":"https:\/\/canott.com\/lt\/wp-json\/wp\/v2\/product_tag?post=10918"}],"curies":[{"name":"wp","href":"https:\/\/api.w.org\/{rel}","templated":true}]}}