{"id":10868,"date":"2025-05-28T09:24:02","date_gmt":"2025-05-28T09:24:02","guid":{"rendered":"https:\/\/canott.com\/product\/vilnos-veltinio-krepsys-omaking-tamsiai-pilkas-pilkas"},"modified":"2025-05-28T09:24:02","modified_gmt":"2025-05-28T09:24:02","slug":"vilnos-veltinio-krepsys-omaking-tamsiai-pilkas-pilkas","status":"publish","type":"product","link":"https:\/\/canott.com\/lt\/produktas\/vilnos-veltinio-krepsys-omaking-tamsiai-pilkas-pilkas","title":{"rendered":"Vilnos veltinio krep\u0161ys OmaKing \u2013 tamsiai pilkas \/ pilkas"},"content":{"rendered":"<section>\n<h2>Apie produkt\u0105<\/h2>\n<p><strong>Vilnos veltinio krep\u0161ys OmaKing<\/strong> \u2013 tamsiai pilkas \/ pilkas \u2013 tai laikui nepavaldi nam\u0173 interjero detal\u0117, sujungianti funkcionalum\u0105 ir meistryst\u0119. Pagamintas i\u0161 <strong>100 % nat\u016bralaus vilnos veltinio<\/strong>, jis i\u0161laiko form\u0105 ir suteikia erdvei \u0161ilumos bei jaukumo. Dviej\u0173 atspalvi\u0173 \u2013 tamsiai pilkos ir pilkos \u2013 derinys kuria ram\u0173, modern\u0173 \u012fvaizd\u012f, puikiai tinkant\u012f minimalistiniams ir skandinavi\u0161ko stiliaus interjerams.  <\/p>\n<p>Kiekvienas krep\u0161ys turi odines rankenas, pagamintas i\u0161<strong> perdirbt\u0173 gamybos liku\u010di\u0173<\/strong>, tod\u0117l kiekvienas gaminys yra unikalus ir tvarus. 24 cm auk\u0161\u010dio ir apie 24 litr\u0173 talpos krep\u0161ys idealiai tinka laikyti pledus, \u017eurnalus, vaik\u0173 \u017eaislus ar malkas, padedant palaikyti tvark\u0105 ir jaukum\u0105 namuose. <\/p>\n<p>Rank\u0173 darbo piet\u0173 Estijoje, \u201e<strong>OmaKing<\/strong>\u201c \u2013 \u0161eimos \u012fmon\u0117, kurianti kokybi\u0161kus gaminius nuo 1927 met\u0173. Vadovaudamasi <em>l\u0117tos mados principais<\/em>, ji kuria ilgaam\u017eius ir universalius produktus i\u0161 nat\u016brali\u0173, auk\u0161tos kokyb\u0117s med\u017eiag\u0173. <\/p>\n<h3>Detal\u0117s<\/h3>\n<ul>\n<li><strong>Med\u017eiaga<\/strong>: 100 % nat\u016bralus vilnos veltinis<\/li>\n<li><strong>Spalva:<\/strong> tamsiai pilka \/ pilka<\/li>\n<li><strong>Auk\u0161tis<\/strong>: 24 cm<\/li>\n<li>Talpa: apie 24 l <\/li>\n<li>Papildomos detal\u0117s: odin\u0117s rankenos i\u0161 gamybos liku\u010di\u0173<\/li>\n<li><strong>Kilm\u0117<\/strong>: rank\u0173 darbo gaminys i\u0161 Estijos<\/li>\n<\/ul>\n<\/section>\n","protected":false},"excerpt":{"rendered":"<p><strong>Nat\u016brali elegancija kiekvienoje detal\u0117je<\/strong>. <strong>OmaKing vilnos veltinio krep\u0161ys<\/strong> tamsiai pilkos ir pilkos spalv\u0173 derinyje sujungia minimalistin\u012f skandinavi\u0161k\u0105 dizain\u0105 su tvaria meistryste \u2013 puikiai tinka stilingam ir prakti\u0161kam daikt\u0173 laikymui.<\/p>\n<p><em>Pagamintas Estijoje i\u0161 100 % nat\u016bralaus vilnos veltinio.<\/em><\/p>\n","protected":false},"featured_media":3761,"comment_status":"open","ping_status":"closed","template":"","meta":[],"product_brand":[1702],"product_cat":[1607],"product_tag":[2317,2316,2319,1650,2321,1659,1653,2320,2318],"class_list":{"0":"post-10868","1":"product","2":"type-product","3":"status-publish","4":"has-post-thumbnail","6":"product_brand-omaking","7":"product_cat-krepsiai","8":"product_tag-estonian-craft","9":"product_tag-handmade-decor","10":"product_tag-home-organization","11":"product_tag-letoji-mada","12":"product_tag-minimalist-storage","13":"product_tag-omaking","14":"product_tag-skandinaviskas-dizainas","15":"product_tag-sustainable-living","16":"product_tag-wool-felt-basket","18":"first","19":"instock","20":"shipping-taxable","21":"purchasable","22":"product-type-simple"},"_links":{"self":[{"href":"https:\/\/canott.com\/lt\/wp-json\/wp\/v2\/product\/10868","targetHints":{"allow":["GET"]}}],"collection":[{"href":"https:\/\/canott.com\/lt\/wp-json\/wp\/v2\/product"}],"about":[{"href":"https:\/\/canott.com\/lt\/wp-json\/wp\/v2\/types\/product"}],"replies":[{"embeddable":true,"href":"https:\/\/canott.com\/lt\/wp-json\/wp\/v2\/comments?post=10868"}],"wp:featuredmedia":[{"embeddable":true,"href":"https:\/\/canott.com\/lt\/wp-json\/wp\/v2\/media\/3761"}],"wp:attachment":[{"href":"https:\/\/canott.com\/lt\/wp-json\/wp\/v2\/media?parent=10868"}],"wp:term":[{"taxonomy":"product_brand","embeddable":true,"href":"https:\/\/canott.com\/lt\/wp-json\/wp\/v2\/product_brand?post=10868"},{"taxonomy":"product_cat","embeddable":true,"href":"https:\/\/canott.com\/lt\/wp-json\/wp\/v2\/product_cat?post=10868"},{"taxonomy":"product_tag","embeddable":true,"href":"https:\/\/canott.com\/lt\/wp-json\/wp\/v2\/product_tag?post=10868"}],"curies":[{"name":"wp","href":"https:\/\/api.w.org\/{rel}","templated":true}]}}