{"id":10862,"date":"2025-05-25T11:19:18","date_gmt":"2025-05-25T11:19:18","guid":{"rendered":"https:\/\/canott.com\/product\/vilnos-veltinio-krepsys-omaking-pilkas-konjako-spalvos"},"modified":"2025-05-25T11:19:18","modified_gmt":"2025-05-25T11:19:18","slug":"vilnos-veltinio-krepsys-omaking-pilkas-konjako-spalvos","status":"publish","type":"product","link":"https:\/\/canott.com\/lt\/produktas\/vilnos-veltinio-krepsys-omaking-pilkas-konjako-spalvos","title":{"rendered":"Vilnos veltinio krep\u0161ys OmaKing \u2013 pilkas \/ konjako spalvos"},"content":{"rendered":"<section>\n<h2>Apie produkt\u0105<\/h2>\n<p><strong>Vilnos veltinio krep\u0161ys OmaKing \u2013 pilkas \/ konjako spalvos <\/strong>\u2013 yra eleganti\u0161kas, funkcionalus sprendimas, suteikiantis j\u016bs\u0173 namams \u0161ilumos, tekst\u016bros ir tvarkos. Pagamintas i\u0161 <strong>100 % nat\u016bralaus vilnos veltinio<\/strong>, jis yra tvirtas, i\u0161laiko form\u0105 ir malonus liesti \u2013 tvarus pasirinkimas, puikiai derantis prie skandinavi\u0161ko stiliaus interjer\u0173. <\/p>\n<p>Kiekvienas krep\u0161ys turi rankenas i\u0161 <strong>odos liku\u010di\u0173<\/strong>, panaudot\u0173 i\u0161 gamybos proceso, tod\u0117l kiekvienas gaminys yra \u0161iek tiek unikalus ir turi savo charakter\u012f.<strong> 24 cm auk\u0161\u010dio<\/strong> ir ma\u017edaug<strong> 24 litr\u0173 talpos<\/strong> krep\u0161ys idealiai tinka laikyti pledus, \u017eaislus, \u017eurnalus ar kitus kasdienius daiktus, padedant palaikyti tvark\u0105 ir jaukum\u0105 namuose. <\/p>\n<p>Rank\u0173 darbo piet\u0173 Estijoje, \u201e<strong>OmaKing<\/strong>\u201c \u2013 \u0161eimos \u012fmon\u0117, kurianti kokybi\u0161kus gaminius nuo 1927 met\u0173. Vadovaudamasi<em> l\u0117tos mados ir tvarumo principais<\/em>, ji kuria ilgaam\u017eius, universalius produktus i\u0161 nat\u016brali\u0173 med\u017eiag\u0173. <\/p>\n<h3>Detal\u0117s<\/h3>\n<ul>\n<li><strong>Med\u017eiaga<\/strong>: 100 % nat\u016bralus vilnos veltinis<\/li>\n<li><strong>Spalva<\/strong>: pilka \/ konjako<\/li>\n<li><strong>Auk\u0161tis<\/strong>: 24 cm<\/li>\n<li><strong>Talpa<\/strong>: apie 24 l <\/li>\n<li>Papildomos detal\u0117s: odin\u0117s rankenos i\u0161 gamybos liku\u010di\u0173<\/li>\n<li><strong>Kilm\u0117<\/strong>: rank\u0173 darbo gaminys i\u0161 Estijos, Europa<\/li>\n<\/ul>\n<\/section>\n","protected":false},"excerpt":{"rendered":"<p><strong>Rank\u0173 darbo \u0161iaurieti\u0161kas paprastumas<\/strong>. <strong>OmaKing vilnos veltinio krep\u0161ys<\/strong> pilkos ir konjako spalv\u0173 derinyje sujungia modern\u0173 minimalizm\u0105 su nat\u016bralia \u0161iluma \u2013 puikiai tinka stilingam ir prakti\u0161kam daikt\u0173 laikymui namuose.<\/p>\n<p><em>Pagamintas Estijoje i\u0161 100 % nat\u016bralaus vilnos veltinio.<\/em><\/p>\n","protected":false},"featured_media":2898,"comment_status":"open","ping_status":"closed","template":"","meta":[],"product_brand":[1702],"product_cat":[1607],"product_tag":[2317,2316,2319,1650,2321,1659,1653,2320,2318],"class_list":{"0":"post-10862","1":"product","2":"type-product","3":"status-publish","4":"has-post-thumbnail","6":"product_brand-omaking","7":"product_cat-krepsiai","8":"product_tag-estonian-craft","9":"product_tag-handmade-decor","10":"product_tag-home-organization","11":"product_tag-letoji-mada","12":"product_tag-minimalist-storage","13":"product_tag-omaking","14":"product_tag-skandinaviskas-dizainas","15":"product_tag-sustainable-living","16":"product_tag-wool-felt-basket","18":"first","19":"instock","20":"shipping-taxable","21":"purchasable","22":"product-type-simple"},"_links":{"self":[{"href":"https:\/\/canott.com\/lt\/wp-json\/wp\/v2\/product\/10862","targetHints":{"allow":["GET"]}}],"collection":[{"href":"https:\/\/canott.com\/lt\/wp-json\/wp\/v2\/product"}],"about":[{"href":"https:\/\/canott.com\/lt\/wp-json\/wp\/v2\/types\/product"}],"replies":[{"embeddable":true,"href":"https:\/\/canott.com\/lt\/wp-json\/wp\/v2\/comments?post=10862"}],"wp:featuredmedia":[{"embeddable":true,"href":"https:\/\/canott.com\/lt\/wp-json\/wp\/v2\/media\/2898"}],"wp:attachment":[{"href":"https:\/\/canott.com\/lt\/wp-json\/wp\/v2\/media?parent=10862"}],"wp:term":[{"taxonomy":"product_brand","embeddable":true,"href":"https:\/\/canott.com\/lt\/wp-json\/wp\/v2\/product_brand?post=10862"},{"taxonomy":"product_cat","embeddable":true,"href":"https:\/\/canott.com\/lt\/wp-json\/wp\/v2\/product_cat?post=10862"},{"taxonomy":"product_tag","embeddable":true,"href":"https:\/\/canott.com\/lt\/wp-json\/wp\/v2\/product_tag?post=10862"}],"curies":[{"name":"wp","href":"https:\/\/api.w.org\/{rel}","templated":true}]}}