{"id":10668,"date":"2025-07-25T11:23:06","date_gmt":"2025-07-25T11:23:06","guid":{"rendered":"https:\/\/canott.com\/product\/keramine-vaza-fluxo-maza-rozine"},"modified":"2025-07-25T11:23:06","modified_gmt":"2025-07-25T11:23:06","slug":"keramine-vaza-fluxo-maza-rozine","status":"publish","type":"product","link":"https:\/\/canott.com\/lt\/produktas\/keramine-vaza-fluxo-maza-rozine","title":{"rendered":"Keramin\u0117 vaza \u201eFluxo\u201c \u2013 ma\u017ea, ro\u017ein\u0117"},"content":{"rendered":"<section>\n<h2>Apie produkt\u0105<\/h2>\n<p>\n <strong>Keramin\u0117 vaza \u201eFluxo\u201c \u2013 ma\u017ea, ro\u017ein\u0117 i\u0161 \u201e5mm Paper\u201c<\/strong> sujungia portugali\u0161k\u0105 meistri\u0161kum\u0105 su \u0161variu, moderniu dizainu.<br \/>\nPagaminta rankomis Portugalijoje, \u0161i vaza pasi\u017eymi \u0161velniai banguojan\u010diomis linijomis ir skulpt\u016bri\u0161ka forma, kuri atrodo nat\u016braliai ir laikui nepavaldi.<br \/>\nPavadinimas \u201e<em>Fluxo<\/em>\u201c \u2013 portugali\u0161kai rei\u0161kiantis \u201et\u0117km\u0119\u201c \u2013 atspindi jos organi\u0161kas formas ir rank\u0173 darbo gro\u017e\u012f.\n  <\/p>\n<p>\n \u0160velniai ro\u017einis glaz\u016bros atspalvis suteikia jauk\u0173, \u0161iuolaiki\u0161k\u0105 akcent\u0105 bet kuriai erdvei.<br \/>\nEksponuokite j\u0105 vien\u0105 kaip minimalistin\u012f akcent\u0105 arba derinkite su kitais \u201eFluxo\u201c kolekcijos gaminiais, kad sukurtum\u0117te harmoning\u0105 kompozicij\u0105.\n  <\/p>\n<h3>Dizainas ir \u012fkv\u0117pimas<\/h3>\n<p>\n \u201e<strong>Fluxo<\/strong>\u201c kolekcija i\u0161 naujo interpretuoja tradicin\u0119 portugali\u0161k\u0105 keramik\u0105 per modernaus minimalizmo prizm\u0119.<br \/>\nKiekviena vaza nat\u016braliai \u201eteka\u201c savo forma ir tekst\u016bra, atskleisdama rank\u0173 darbo netobulum\u0173 gro\u017e\u012f ir tvaraus dizaino principus.\n  <\/p>\n<h3>Detal\u0117s<\/h3>\n<ul>\n<li><strong>Med\u017eiaga<\/strong>: keramika<\/li>\n<li><strong>Dydis<\/strong>: 9 \u00d7 5 \u00d7 14 cm<\/li>\n<li><strong>Pakuot\u0117<\/strong>: FSC sertifikuotas popierius<\/li>\n<li><strong>Kilm\u0117<\/strong>: rank\u0173 darbo, pagaminta Portugalijoje<\/li>\n<\/ul>\n<h3>Apie prek\u0117s \u017eenkl\u0105<\/h3>\n<p>\n    <strong>\u201e5mm Paper\u201c <\/strong>derina portugali\u0161k\u0105 meistri\u0161kum\u0105 su modernia, minimalistine estetika.<br \/>\nDirbdamas su keramika ir mediena, prek\u0117s \u017eenklas kuria ma\u017e\u0173 serij\u0173 gyvenimo b\u016bdo gaminius \u2013 pasi\u017eymin\u010dius paprastomis formomis, \u017eaismingomis spalvomis ir tvaria gamyba Portugalijoje.\n  <\/p>\n<\/section>\n","protected":false},"excerpt":{"rendered":"<p>Keramin\u0117 vaza \u201eFluxo\u201c \u2013 ma\u017ea, ro\u017ein\u0117 i\u0161 \u201e5mm Paper\u201c \u2013 rank\u0173 darbo Portugalijoje, su \u0161velniai banguojan\u010diomis linijomis ir \u0161ilta ro\u017eine glaz\u016bra. Moderni ir minimalistin\u0117. <\/p>\n<p><em>Eleganti\u0161ka, \u017eaisminga ir nepriekai\u0161tingai pagaminta.<\/em><\/p>\n","protected":false},"featured_media":4497,"comment_status":"open","ping_status":"closed","template":"","meta":[],"product_brand":[2210],"product_cat":[1613],"product_tag":[2249,2248,2258,2259,2275,2271,1939],"class_list":{"0":"post-10668","1":"product","2":"type-product","3":"status-publish","4":"has-post-thumbnail","6":"product_brand-5mm-paper","7":"product_cat-vazos","8":"product_tag-ceramic-vase","9":"product_tag-fluxo-vase","10":"product_tag-handmade-vase","11":"product_tag-minimal-home-decor","12":"product_tag-portugaliska-keramika","13":"product_tag-rozine-vaza","14":"product_tag-sustainable-design","16":"first","17":"instock","18":"shipping-taxable","19":"purchasable","20":"product-type-simple"},"_links":{"self":[{"href":"https:\/\/canott.com\/lt\/wp-json\/wp\/v2\/product\/10668","targetHints":{"allow":["GET"]}}],"collection":[{"href":"https:\/\/canott.com\/lt\/wp-json\/wp\/v2\/product"}],"about":[{"href":"https:\/\/canott.com\/lt\/wp-json\/wp\/v2\/types\/product"}],"replies":[{"embeddable":true,"href":"https:\/\/canott.com\/lt\/wp-json\/wp\/v2\/comments?post=10668"}],"wp:featuredmedia":[{"embeddable":true,"href":"https:\/\/canott.com\/lt\/wp-json\/wp\/v2\/media\/4497"}],"wp:attachment":[{"href":"https:\/\/canott.com\/lt\/wp-json\/wp\/v2\/media?parent=10668"}],"wp:term":[{"taxonomy":"product_brand","embeddable":true,"href":"https:\/\/canott.com\/lt\/wp-json\/wp\/v2\/product_brand?post=10668"},{"taxonomy":"product_cat","embeddable":true,"href":"https:\/\/canott.com\/lt\/wp-json\/wp\/v2\/product_cat?post=10668"},{"taxonomy":"product_tag","embeddable":true,"href":"https:\/\/canott.com\/lt\/wp-json\/wp\/v2\/product_tag?post=10668"}],"curies":[{"name":"wp","href":"https:\/\/api.w.org\/{rel}","templated":true}]}}