{"id":10614,"date":"2025-07-25T11:23:19","date_gmt":"2025-07-25T11:23:19","guid":{"rendered":"https:\/\/canott.com\/product\/keramine-vaza-fluxo-vidutine-balta"},"modified":"2025-07-25T11:23:19","modified_gmt":"2025-07-25T11:23:19","slug":"keramine-vaza-fluxo-vidutine-balta","status":"publish","type":"product","link":"https:\/\/canott.com\/lt\/produktas\/keramine-vaza-fluxo-vidutine-balta","title":{"rendered":"Keramin\u0117 vaza \u201eFluxo\u201c \u2013 vidutin\u0117, balta"},"content":{"rendered":"<section>\n<h2>Apie produkt\u0105<\/h2>\n<p>\n <strong>Keramin\u0117 vaza \u201eFluxo\u201c \u2013 vidutin\u0117, balta \u2013 \u201e5mm Paper\u201c<\/strong> sujungia \u0161iuolaikin\u012f dizain\u0105 su portugali\u0161ka meistryste. Rank\u0173 darbo gaminys i\u0161 keramikos, pagamintas Portugalijoje, pasi\u017eymi banguojan\u010diomis, organi\u0161komis linijomis, atspindin\u010diomis nat\u016bral\u0173 molio jud\u0117jim\u0105 meistro rankose.<br \/>\nPavadinimas \u201e<em>Fluxo<\/em>\u201c, rei\u0161kiantis \u201et\u0117km\u0119\u201c portugal\u0173 kalboje, atspindi judes\u012f ramyb\u0117je.\n  <\/p>\n<p>\n \u0160vari balta glaz\u016bra ir skulpt\u016bri\u0161ka forma paver\u010dia j\u0105 laikui nepavald\u017eiu akcentu bet kuriame interjere. Naudokite kaip savaranki\u0161k\u0105 objekt\u0105, subtil\u0173 akcent\u0105 lentynoje arba derinkite su kitomis \u201eFluxo\u201c kolekcijos formomis ir spalvomis, kad sukurtum\u0117te dinami\u0161k\u0105, sluoksniuot\u0105 kompozicij\u0105.\n  <\/p>\n<h3>Dizainas ir \u012fkv\u0117pimas<\/h3>\n<p>\n Sukurtos perteikti pusiausvyr\u0105 ir harmonij\u0105, <strong>\u201eFluxo\u201c<\/strong> vazos \u0161iuolaiki\u0161kai interpretuoja tradicin\u0119 portugali\u0161k\u0105 keramik\u0105.<br \/>\nMinimalistin\u0117s formos ir nat\u016bral\u016bs netobulumai atskleid\u017eia rank\u0173 darbo gro\u017e\u012f, o banguojan\u010dios linijos sukuria ramyb\u0117s ir t\u0119stinumo poj\u016bt\u012f kasdien\u0117se erdv\u0117se.<\/p>\n<p>\n  <\/p>\n<h3>Detal\u0117s<\/h3>\n<ul>\n<li><strong>Med\u017eiaga<\/strong>: keramika<\/li>\n<li><strong>Size:<\/strong> 10 \u00d7 6 \u00d7 17 cm \/ 4 \u00d7 2.5 \u00d7 6.5 inches<\/li>\n<li><strong>Pakuot\u0117<\/strong>: FSC sertifikuotas popierius<\/li>\n<li><strong>Kilm\u0117<\/strong>: rank\u0173 darbo, pagaminta Portugalijoje<\/li>\n<\/ul>\n<h3>Apie prek\u0117s \u017eenkl\u0105<\/h3>\n<p>\n    <strong>5mm Paper<\/strong> \u2013 portugali\u0161ka dizaino studija, jungianti meistryst\u0119 ir \u0161iuolaikin\u0119 estetik\u0105.<br \/>\nJ\u0173 ma\u017e\u0173 serij\u0173 kolekcijos i\u0161 medienos ir keramikos pasi\u017eymi minimalistin\u0117mis formomis, \u017eaismingomis spalvomis ir tvaria gamyba.<br \/>\nKiekvienas gaminys sukurtas suteikti \u0161ilumos ir paprastumo kasdieniam gyvenimui \u2013 suprojektuotas ir rank\u0173 darbo pagamintas Portugalijoje.\n  <\/p>\n<\/section>\n","protected":false},"excerpt":{"rendered":"<p><strong>Keramin\u0117 vaza \u201eFluxo\u201c \u2013 vidutin\u0117, balta \u2013 \u201e5mm Paper\u201c <\/strong>\u2013 rank\u0173 darbo keramin\u0117 vaza su banguojan\u010diomis organi\u0161komis linijomis ir matine balta apdaila. Pagaminta Portugalijoje. <\/p>\n<p><em>Minimalistin\u0117, laikui nepavaldi ir kupina ramios t\u0117km\u0117s.<\/em><\/p>\n","protected":false},"featured_media":4520,"comment_status":"open","ping_status":"closed","template":"","meta":[],"product_brand":[2210],"product_cat":[1615,1619,1613],"product_tag":[2249,2248,2255,2212,2256,2254],"class_list":{"0":"post-10614","1":"product","2":"type-product","3":"status-publish","4":"has-post-thumbnail","6":"product_brand-5mm-paper","7":"product_cat-dovanos-iki-50-e","8":"product_cat-dovanos-namams","9":"product_cat-vazos","10":"product_tag-ceramic-vase","11":"product_tag-fluxo-vase","12":"product_tag-minimalist-ceramics","13":"product_tag-modern-home-decor","14":"product_tag-sustainable-craftsmanship","15":"product_tag-white-vase","17":"first","18":"instock","19":"shipping-taxable","20":"purchasable","21":"product-type-simple"},"_links":{"self":[{"href":"https:\/\/canott.com\/lt\/wp-json\/wp\/v2\/product\/10614","targetHints":{"allow":["GET"]}}],"collection":[{"href":"https:\/\/canott.com\/lt\/wp-json\/wp\/v2\/product"}],"about":[{"href":"https:\/\/canott.com\/lt\/wp-json\/wp\/v2\/types\/product"}],"replies":[{"embeddable":true,"href":"https:\/\/canott.com\/lt\/wp-json\/wp\/v2\/comments?post=10614"}],"wp:featuredmedia":[{"embeddable":true,"href":"https:\/\/canott.com\/lt\/wp-json\/wp\/v2\/media\/4520"}],"wp:attachment":[{"href":"https:\/\/canott.com\/lt\/wp-json\/wp\/v2\/media?parent=10614"}],"wp:term":[{"taxonomy":"product_brand","embeddable":true,"href":"https:\/\/canott.com\/lt\/wp-json\/wp\/v2\/product_brand?post=10614"},{"taxonomy":"product_cat","embeddable":true,"href":"https:\/\/canott.com\/lt\/wp-json\/wp\/v2\/product_cat?post=10614"},{"taxonomy":"product_tag","embeddable":true,"href":"https:\/\/canott.com\/lt\/wp-json\/wp\/v2\/product_tag?post=10614"}],"curies":[{"name":"wp","href":"https:\/\/api.w.org\/{rel}","templated":true}]}}