{"id":10569,"date":"2025-06-04T14:30:10","date_gmt":"2025-06-04T14:30:10","guid":{"rendered":"https:\/\/canott.com\/product\/medinis-sieninis-kabliukas-su-keramika-tamsiai-zalias"},"modified":"2025-06-04T14:30:10","modified_gmt":"2025-06-04T14:30:10","slug":"medinis-sieninis-kabliukas-su-keramika-tamsiai-zalias","status":"publish","type":"product","link":"https:\/\/canott.com\/lt\/produktas\/medinis-sieninis-kabliukas-su-keramika-tamsiai-zalias","title":{"rendered":"Medinis sieninis kabliukas su keramika \u2013 tamsiai \u017ealias"},"content":{"rendered":"<section>\n<h2>Apie produkt\u0105<\/h2>\n<p>\n <strong>Buko medienos ir keramikos sieninis kabliukas \/ ranken\u0117l\u0117 \u201eDark Green\u201c <\/strong>\u2013 \u201e5mm Paper\u201c derina nat\u016brali\u0105 buko medien\u0105 su sodriai \u017ealia keramikos priekine dalimi, pasi\u017eymin\u010dia subtilia, rankomis i\u0161gauta tekst\u016bra. Rank\u0173 darbo gaminys i\u0161 Portugalijos yra modernus, ta\u010diau laikui nepavaldus \u2013 gali b\u016bti naudojamas kaip sieninis kabliukas arba bald\u0173 ranken\u0117l\u0117, suteikianti erdvei juntamos tekst\u016bros.\n  <\/p>\n<p>\n Naudokite prie\u0161kambaryje, virtuv\u0117je ar miegamajame \u2013 puikiai tinka paltams, krep\u0161iams, \u0161alikams, papuo\u0161alams ar net ma\u017eiems pakabinamiems augalams.<br \/>\n Komplekte yra dviej\u0173 tip\u0173 var\u017etai, skirti lengvam montavimui ant sien\u0173, spinteli\u0173 ar stal\u010di\u0173.<br \/>\n Jo geometrin\u0117 pusapval\u0117 forma suteikia \u017eaismingumo, i\u0161laikant \u0161var\u0173, minimalistin\u012f vaizd\u0105.\n  <\/p>\n<h3>Dizainas ir funkcija<\/h3>\n<p>\n <strong>\u0160is kabliukas yra \u201e5mm Paper\u201c buko medienos kolekcijos dalis<\/strong>, kurioje nat\u016bralios med\u017eiagos derinamos su rafinuota meistryste.<br \/>\nDerinkite su kitomis apdailomis \u2013 \u017ealvariu, variu, aliuminiu ar keramika \u2013 kad sukurtum\u0117te vientis\u0105, modulin\u0119 kompozicij\u0105, tinkan\u010di\u0105 bet kuriam interjerui.<br \/>.\n  <\/p>\n<h3>Detal\u0117s<\/h3>\n<ul>\n<li><strong>Prek\u0117s \u017eenklas<\/strong>: 5mm Paper<\/li>\n<li><strong>Kolekcija<\/strong>: Beech Wood Collection<\/li>\n<li><strong>Med\u017eiaga:<\/strong> masyvi buko mediena su sm\u0117lio tekst\u016bros tamsiai \u017ealiu keraminiu priekiu<\/li>\n<li><strong>Apdaila:<\/strong> Apsauginis lakas<\/li>\n<li><strong>Dydis<\/strong>: \u00d8 5 cm, i\u0161siki\u0161a 5 cm nuo sienos<\/li>\n<li><strong>Tvirtinimas<\/strong>: komplekte tvirtinimo elementai sienai ir baldams<\/li>\n<li><strong>Savyb\u0117s:<\/strong> Nematoma var\u017et\u0173 sistema vientisai i\u0161vaizdai<\/li>\n<li><strong>Kilm\u0117<\/strong>: rank\u0173 darbo, pagaminta Portugalijoje<\/li>\n<\/ul>\n<h3>Apie prek\u0117s \u017eenkl\u0105<\/h3>\n<p>\n    <strong>5mm Paper<\/strong> derina Portugalijos amatininkyst\u0119 su \u0161iuolaikiniu dizainu.<br \/>\nDirbtuv\u0117, dirbanti daugiausia su mediena ir keramika, kuria nedideli\u0173 serij\u0173 nam\u0173 ir gyvenimo b\u016bdo gaminius \u2013 minimalius, funkcionalius ir tvariai pagamintus Portugalijoje.\n  <\/p>\n<\/section>\n","protected":false},"excerpt":{"rendered":"<p><strong>Bukin\u0117s medienos ir keramikos sieninis kabliukas \/ ranken\u0117l\u0117 \u2013 tamsiai \u017ealia<\/strong> \u2013 \u0161iuolaiki\u0161kas, taktilinis ir minimalus. Nat\u016brali bukin\u0117 mediena susitinka su rankomis daryta keramika. Pagaminta rankomis Portugalijoje.  <\/p>\n<p><em>Paprasta forma. Tekst\u016brinis kontrastas. Kasdieninis dizainas.  <\/em><\/p>\n","protected":false},"featured_media":4274,"comment_status":"open","ping_status":"closed","template":"","meta":[],"product_brand":[2210],"product_cat":[1610],"product_tag":[2219,2224,1663,2233,2232,2211,1716,2234,2236,2231],"class_list":{"0":"post-10569","1":"product","2":"type-product","3":"status-publish","4":"has-post-thumbnail","6":"product_brand-5mm-paper","7":"product_cat-dekoro-detales","8":"product_tag-5mm-paper","9":"product_tag-beech-wood-wall-hook","10":"product_tag-canott","11":"product_tag-ceramic-knob","12":"product_tag-furniture-knobs","13":"product_tag-handmade-in-portugal","14":"product_tag-minimalistinis-dizainas","15":"product_tag-sustainable-decor","16":"product_tag-tamsiai-zalia-keramika","17":"product_tag-wall-hooks","19":"first","20":"instock","21":"shipping-taxable","22":"purchasable","23":"product-type-simple"},"_links":{"self":[{"href":"https:\/\/canott.com\/lt\/wp-json\/wp\/v2\/product\/10569","targetHints":{"allow":["GET"]}}],"collection":[{"href":"https:\/\/canott.com\/lt\/wp-json\/wp\/v2\/product"}],"about":[{"href":"https:\/\/canott.com\/lt\/wp-json\/wp\/v2\/types\/product"}],"replies":[{"embeddable":true,"href":"https:\/\/canott.com\/lt\/wp-json\/wp\/v2\/comments?post=10569"}],"wp:featuredmedia":[{"embeddable":true,"href":"https:\/\/canott.com\/lt\/wp-json\/wp\/v2\/media\/4274"}],"wp:attachment":[{"href":"https:\/\/canott.com\/lt\/wp-json\/wp\/v2\/media?parent=10569"}],"wp:term":[{"taxonomy":"product_brand","embeddable":true,"href":"https:\/\/canott.com\/lt\/wp-json\/wp\/v2\/product_brand?post=10569"},{"taxonomy":"product_cat","embeddable":true,"href":"https:\/\/canott.com\/lt\/wp-json\/wp\/v2\/product_cat?post=10569"},{"taxonomy":"product_tag","embeddable":true,"href":"https:\/\/canott.com\/lt\/wp-json\/wp\/v2\/product_tag?post=10569"}],"curies":[{"name":"wp","href":"https:\/\/api.w.org\/{rel}","templated":true}]}}