{"id":10136,"date":"2025-08-26T09:29:51","date_gmt":"2025-08-26T09:29:51","guid":{"rendered":"https:\/\/canott.com\/product\/pime-korb-korteliu-deklas-su-rfid-apsauga"},"modified":"2025-08-26T09:29:51","modified_gmt":"2025-08-26T09:29:51","slug":"pime-korb-korteliu-deklas-su-rfid-apsauga","status":"publish","type":"product","link":"https:\/\/canott.com\/lt\/produktas\/pime-korb-korteliu-deklas-su-rfid-apsauga","title":{"rendered":"Pime K\u00f6rb \u2013 korteli\u0173 d\u0117klas su RFID apsauga"},"content":{"rendered":"<section>\n<h2>Apie produkt\u0105<\/h2>\n<p>Pime K\u00f6rb \u2013 korteli\u0173 d\u0117klas su RFID apsauga i\u0161 \u201eSeif Design\u201c yra metalinis korteli\u0173 d\u0117klas su nat\u016bralaus \u0161iferio akmens pavir\u0161iumi. \u0160iferis formuojasi giliai po \u017eeme per milijonus met\u0173 i\u0161 molio, vulkanini\u0173 pelen\u0173 ir kit\u0173 smulkiagr\u016bd\u017ei\u0173 uolien\u0173, tod\u0117l kiekvienam gaminiui suteikia unikali\u0105 tekst\u016br\u0105 ir gamtos \u012fkv\u0117pt\u0105 i\u0161vaizd\u0105. <\/p>\n<p>\u0160is minimalistinis korteli\u0173 d\u0117klas yra ne tik prakti\u0161kas, bet ir i\u0161skirtinio dizaino. Jis padeda apsaugoti j\u016bs\u0173 korteles nuo bekontak\u010dio duomen\u0173 nuskaitymo, o plonas profilis leid\u017eia patogiai ne\u0161iotis j\u012f kasdien. Supakuotas visi\u0161kai aplinkai draugi\u0161kose med\u017eiagose, \u0161is produktas atspindi apgalvot\u0105 po\u017ei\u016br\u012f \u012f kiekvien\u0105 detal\u0119 \u2013 nuo paties gaminio iki pakuot\u0117s. <\/p>\n<h3>Dizainas ir savyb\u0117s<\/h3>\n<ul>\n<li>Metalinis korteli\u0173 d\u0117klas su nat\u016bralaus \u0161iferio akmens pavir\u0161iumi<\/li>\n<li>Minimalistinis, gamtos \u012fkv\u0117ptas dizainas<\/li>\n<li>RFID blokavimas apsaugai nuo bekontakt\u0117s vagyst\u0117s<\/li>\n<li>Telpa iki 12 korteli\u0173<\/li>\n<li>Galimos versijos su pinig\u0173 segtuku arba be jo<\/li>\n<li>Supakuotas visi\u0161kai perdirbamose, aplinkai draugi\u0161kose med\u017eiagose<\/li>\n<\/ul>\n<h3>Detal\u0117s<\/h3>\n<ul>\n<li><strong>Med\u017eiaga<\/strong>: metalinis korpusas su nat\u016bralaus \u0161iferio akmens pavir\u0161iumi<\/li>\n<li><strong>Talpa:<\/strong> Iki 12 korteli\u0173<\/li>\n<li><strong>Variantai:<\/strong> su pinig\u0173 spaustuku arba be jo<\/li>\n<li><strong>Apsauga:<\/strong> RFID blokavimas nuo bekontakt\u0117s vagyst\u0117s<\/li>\n<li><strong>Kilm\u0117:<\/strong> Pagaminta Estijoje<\/li>\n<\/ul>\n<h3>Stiliaus \u012fkv\u0117pimas<\/h3>\n<p>Pime K\u00f5rb \u2013 puikus pasirinkimas tiems, kurie ie\u0161ko plonos ir strukt\u016bruotos alternatyvos tradicinei piniginei. Jame patogiai laikysite svarbiausias banko korteles, asmens tapatyb\u0117s dokumentus ar kelioni\u0173 korteles, o d\u0117kl\u0105 lengvai \u012fsid\u0117site \u012f ki\u0161en\u0119, rankin\u0119 per pet\u012f ar darbo krep\u0161\u012f. Akmen\u012f primenanti pavir\u0161iaus tekst\u016bra nat\u016braliai dera su minimalistine apranga ir \u0161vari\u0173 linij\u0173 aksesuarais, suteikdama subtil\u0173, malon\u0173 liesti akcent\u0105, kuris i\u0161lieka sant\u016brus ir neperkrauna bendro \u012fvaizd\u017eio.  <\/p>\n<h3>Apie prek\u0117s \u017eenkl\u0105<\/h3>\n<p>Seif Design \u2013 Estijos prek\u0117s \u017eenklas, \u017einomas d\u0117l i\u0161skirtinio akmens dizaino korteli\u0173 d\u0117kl\u0173. Visi produktai gaminami Estijoje, naudojant tik visi\u0161kai perdirbamas pakuot\u0117s med\u017eiagas, o gamybos procesai vykdomi naudojant saul\u0117s energij\u0105 i\u0161 saul\u0117s elektrini\u0173. Rezultatas \u2013 patvari, gamtos \u012fkv\u0117pta produkt\u0173 kolekcija, sukurta taip, kad i\u0161likt\u0173 aktuali nepaisant greitai kintan\u010di\u0173 tendencij\u0173.  <\/p>\n<\/section>\n","protected":false},"excerpt":{"rendered":"<p>Pime K\u00f5rb \u2013 korteli\u0173 d\u0117klas su RFID apsauga i\u0161 \u201eSeif Design\u201c yra minimalistinis metalinis korteli\u0173 d\u0117klas su nat\u016bralaus \u0161iferio akmeniu, kuriame dera \u0161varios linijos ir gamtos \u012fkv\u0117pta apdaila.<\/p>\n<p><em>RFID apsauga padeda apsaugoti j\u016bs\u0173 korteles nuo bekontak\u010dio duomen\u0173 nuskaitymo, o akmens pavir\u0161ius ir plona forma suteikia \u0161iam d\u0117klui subtiliai i\u0161skirtin\u012f, kasdieniam naudojimui skirt\u0105 charakter\u012f.<\/em><\/p>\n","protected":false},"featured_media":5748,"comment_status":"open","ping_status":"closed","template":"","meta":[],"product_brand":[1697],"product_cat":[1591],"product_tag":[1698,1678,1699,1674,1675,1677,2083,1676,1673,2084],"class_list":{"0":"post-10136","1":"product","2":"type-product","3":"status-publish","4":"has-post-thumbnail","6":"product_brand-seif-design","7":"product_cat-pinigines-ir-korteliu-deklai","8":"product_tag-akmens-korteliu-deklas","9":"product_tag-ekologiska-pakuote","10":"product_tag-korteliu-deklas-su-rfid-apsauga","11":"product_tag-metalinis-korteliu-deklas","12":"product_tag-minimalistinis-korteliu-deklas","13":"product_tag-pagaminta-estijoje","14":"product_tag-pime-korb","15":"product_tag-plonos-pinigines-alternatyva","16":"product_tag-seif-design","17":"product_tag-slate-stone-design","19":"first","20":"instock","21":"shipping-taxable","22":"purchasable","23":"product-type-variable"},"_links":{"self":[{"href":"https:\/\/canott.com\/lt\/wp-json\/wp\/v2\/product\/10136","targetHints":{"allow":["GET"]}}],"collection":[{"href":"https:\/\/canott.com\/lt\/wp-json\/wp\/v2\/product"}],"about":[{"href":"https:\/\/canott.com\/lt\/wp-json\/wp\/v2\/types\/product"}],"replies":[{"embeddable":true,"href":"https:\/\/canott.com\/lt\/wp-json\/wp\/v2\/comments?post=10136"}],"wp:featuredmedia":[{"embeddable":true,"href":"https:\/\/canott.com\/lt\/wp-json\/wp\/v2\/media\/5748"}],"wp:attachment":[{"href":"https:\/\/canott.com\/lt\/wp-json\/wp\/v2\/media?parent=10136"}],"wp:term":[{"taxonomy":"product_brand","embeddable":true,"href":"https:\/\/canott.com\/lt\/wp-json\/wp\/v2\/product_brand?post=10136"},{"taxonomy":"product_cat","embeddable":true,"href":"https:\/\/canott.com\/lt\/wp-json\/wp\/v2\/product_cat?post=10136"},{"taxonomy":"product_tag","embeddable":true,"href":"https:\/\/canott.com\/lt\/wp-json\/wp\/v2\/product_tag?post=10136"}],"curies":[{"name":"wp","href":"https:\/\/api.w.org\/{rel}","templated":true}]}}