{"id":10085,"date":"2025-05-14T12:45:43","date_gmt":"2025-05-14T12:45:43","guid":{"rendered":"https:\/\/canott.com\/product\/candledust-bekvapis-spalvotas-zvakiu-smelis-miltelinis-vaskas-3-kg"},"modified":"2025-05-14T12:45:43","modified_gmt":"2025-05-14T12:45:43","slug":"candledust-bekvapis-spalvotas-zvakiu-smelis-miltelinis-vaskas-3-kg","status":"publish","type":"product","link":"https:\/\/canott.com\/lt\/produktas\/candledust-bekvapis-spalvotas-zvakiu-smelis-miltelinis-vaskas-3-kg","title":{"rendered":"Candledust bekvapis spalvotas \u017evaki\u0173 sm\u0117lis (miltelinis va\u0161kas) \u2013 3 kg"},"content":{"rendered":"<section>\n<h2>Apie produkt\u0105<\/h2>\n<p><strong>Candledust bekvapis spalvotas \u017evaki\u0173 sm\u0117lio papildymas \u2013 3 kg <\/strong>suteikia nesenstan\u010dios elegancijos bet kuriai erdvei. Perlamutrin\u0117s tekst\u016bros granuliuotas va\u0161kas \u2013 dar vadinamas <em>\u017evaki\u0173 sm\u0117liu, milteline \u017evake arba va\u0161ko perl\u0173 \u017evake <\/em>\u2013 leid\u017eia lengvai kurti gra\u017eias, individualias \u017evakes, kurios puikiai dera prie bet kokio nam\u0173 ar rengini\u0173 dekoro. Minimalistinis dizainas ir subtili prabanga leid\u017eia jam lengvai \u012fsilieti \u012f bet kur\u012f interjer\u0105.  <\/p>\n<p>M\u0117gstamas vestuvi\u0173 ir rengini\u0173 dekoratori\u0173 visame pasaulyje, \u201eCandledust\u201c \u017evaki\u0173 sm\u0117lis suteikia rafinuot\u0105 ir tvar\u0173 b\u016bd\u0105 ap\u0161viesti didesnes erdves. Po naudojimo likusius va\u0161ko perl\u0173 liku\u010dius galima tiesiog supilti atgal \u012f pakuot\u0119 ir naudoti v\u0117l. <\/p>\n<h3>Naudojimas<\/h3>\n<p>Supilkite \u017evaki\u0173 sm\u0117l\u012f \u012f nedeg\u0173 ind\u0105 ir centre \u012fstatykite dagt\u012f, palikdami apie <strong>0,5 cm<\/strong> dagties vir\u0161 pavir\u0161iaus. U\u017edekite dagt\u012f ir m\u0117gaukit\u0117s \u0161variu, tolygiu degimu. Didesn\u0117ms kompozicijoms naudokite kelias dagtis, palikdami <strong>5\u20138 cm<\/strong> atstum\u0105 tarp j\u0173, kad degimas b\u016bt\u0173 optimalus.  <\/p>\n<h3>Pakartotinio naudojimo galimyb\u0117s<\/h3>\n<ul>\n<li><strong>Sutrinkite ir papildykite<\/strong>: susmulkinkite sukiet\u0117jus\u012f va\u0161k\u0105, \u012fpilkite naujo \u017evaki\u0173 sm\u0117lio ir \u012fstatykite nauj\u0105 dagt\u012f.<\/li>\n<li><strong>Pakeiskite<\/strong>: pa\u0161alinkite sukiet\u0117jus\u012f va\u0161k\u0105 ir \u012fstatykite nauj\u0105 dagt\u012f tiesiai \u012f \u017evaki\u0173 sm\u0117l\u012f.<\/li>\n<\/ul>\n<p><strong>Svarbu<\/strong>: visada naudokite platesn\u012f nei 8 cm ind\u0105, kad va\u0161kas nesilydyt\u0173 prie indo sieneli\u0173. Produkto pakuot\u0117 n\u0117ra tinkama deginimui. <\/p>\n<h3>Renginiams ir dekorui<\/h3>\n<p>\u0160is 3 kg papildymas yra itin m\u0117gstamas <strong>vestuvi\u0173 ir rengini\u0173 <\/strong>dekoratori\u0173 d\u0117l \u0161varios, prabangios estetikos. Puikiai tinka stalo kompozicijoms, atmosferiniam ap\u0161vietimui ir dekoratyvin\u0117ms instaliacijoms, suteikdamas \u0161velni\u0105 ir eleganti\u0161k\u0105 \u0161vies\u0105, kuri gali degti iki 750 valand\u0173. <\/p>\n<h3>Detal\u0117s<\/h3>\n<ul>\n<li><strong>Svoris<\/strong>: 3 kg<\/li>\n<li>Degimo laikas: apie 750 val. (bendrai) <\/li>\n<li><strong>Degimo laikas su viena dagtimi<\/strong>: apie 12 val. <\/li>\n<li><strong>Komplekte<\/strong>: 80 medvilnini\u0173 dag\u010di\u0173<\/li>\n<li><strong>Kvapas<\/strong>: bekvapis<\/li>\n<li><strong>Va\u0161kas<\/strong>: spalvotas, kristalizuojantis augalinio va\u0161ko mi\u0161inys<\/li>\n<li><strong>Savyb\u0117s<\/strong>: daugkartinio naudojimo, \u0161variai degantis, minimalus suod\u017ei\u0173 kiekis<\/li>\n<li><strong>Kilm\u0117:<\/strong> Rank\u0173 darbo, pagaminta Estijoje<\/li>\n<\/ul>\n<h3>Apie prek\u0117s \u017eenkl\u0105<\/h3>\n<p>\u201e<strong>Candledust<\/strong>\u201c \u2013 Estijoje \u012fkurtas \u0161eimos prek\u0117s \u017eenklas, kuriantis inovatyvias milteli\u0173 ir perlini\u0173 \u017evaki\u0173 koncepcijas. Pagaminti i\u0161 ekologi\u0161ko, \u0161variai degan\u010dio augalinio va\u0161ko, j\u0173 produktai suteikia modern\u0173, daugkartinio naudojimo ir eleganti\u0161k\u0105 b\u016bd\u0105 m\u0117gautis \u017evaki\u0173 \u0161viesa \u2013 \u012fkv\u0117pt\u0105 \u0161iaurieti\u0161ko dizaino ir tvarumo. <\/p>\n<\/section>\n","protected":false},"excerpt":{"rendered":"<p><strong>Candledust bekvapis spalvotas \u017evaki\u0173 sm\u0117lis \u2013 3 kg<\/strong> suteikia eleganti\u0161kus, daugkartinio naudojimo va\u0161ko perlus k\u016brybi\u0161kam \u017evaki\u0173 k\u016brimui ir rengini\u0173 dekorui. Puikiai tinka vestuv\u0117ms, stalo kompozicijoms ar interjero dekorui \u2013 \u0161is papildymas gali degti iki 750 valand\u0173.  Rank\u0173 darbo, pagaminta Estijoje.<\/p>\n<p><em>\u0160iaurieti\u0161kas paprastumas, neribotos galimyb\u0117s \u2013 namams, \u0161vent\u0117ms ir k\u016br\u0117jams.<\/em><\/p>\n","protected":false},"featured_media":1490,"comment_status":"open","ping_status":"closed","template":"","meta":[],"product_brand":[2027],"product_cat":[1600],"product_tag":[2072,2071,2075,2073,2032,2076,2029,2074],"class_list":{"0":"post-10085","1":"product","2":"type-product","3":"status-publish","4":"has-post-thumbnail","6":"product_brand-candledust","7":"product_cat-zvakes","8":"product_tag-candle-refill","9":"product_tag-candle-sand","10":"product_tag-event-candle","11":"product_tag-pearled-wax","12":"product_tag-powder-candle","13":"product_tag-reusable-candle","14":"product_tag-unscented-candle","15":"product_tag-wedding-decor","17":"first","18":"instock","19":"shipping-taxable","20":"purchasable","21":"product-type-variable"},"_links":{"self":[{"href":"https:\/\/canott.com\/lt\/wp-json\/wp\/v2\/product\/10085","targetHints":{"allow":["GET"]}}],"collection":[{"href":"https:\/\/canott.com\/lt\/wp-json\/wp\/v2\/product"}],"about":[{"href":"https:\/\/canott.com\/lt\/wp-json\/wp\/v2\/types\/product"}],"replies":[{"embeddable":true,"href":"https:\/\/canott.com\/lt\/wp-json\/wp\/v2\/comments?post=10085"}],"wp:featuredmedia":[{"embeddable":true,"href":"https:\/\/canott.com\/lt\/wp-json\/wp\/v2\/media\/1490"}],"wp:attachment":[{"href":"https:\/\/canott.com\/lt\/wp-json\/wp\/v2\/media?parent=10085"}],"wp:term":[{"taxonomy":"product_brand","embeddable":true,"href":"https:\/\/canott.com\/lt\/wp-json\/wp\/v2\/product_brand?post=10085"},{"taxonomy":"product_cat","embeddable":true,"href":"https:\/\/canott.com\/lt\/wp-json\/wp\/v2\/product_cat?post=10085"},{"taxonomy":"product_tag","embeddable":true,"href":"https:\/\/canott.com\/lt\/wp-json\/wp\/v2\/product_tag?post=10085"}],"curies":[{"name":"wp","href":"https:\/\/api.w.org\/{rel}","templated":true}]}}