{"id":10053,"date":"2025-05-14T11:46:38","date_gmt":"2025-05-14T11:46:38","guid":{"rendered":"https:\/\/canott.com\/product\/candledust-milteliu-zvakes-papildymas-rhubarb-sparkle-650-g"},"modified":"2025-05-14T11:46:38","modified_gmt":"2025-05-14T11:46:38","slug":"candledust-milteliu-zvakes-papildymas-rhubarb-sparkle-650-g","status":"publish","type":"product","link":"https:\/\/canott.com\/lt\/produktas\/candledust-milteliu-zvakes-papildymas-rhubarb-sparkle-650-g","title":{"rendered":"Candledust milteli\u0173 \u017evak\u0117s papildymas Rhubarb Sparkle 650 g"},"content":{"rendered":"<section>\n<h2>Apie produkt\u0105<\/h2>\n<p>\u201eCandledust\u201c milteli\u0173 \u017evak\u0117s papildymas \u201eRhubarb Sparkle 650 g\u201c perteikia gaiv\u0173 \u0161iaurieti\u0161ko pavasario ryt\u0105. Prabangus \u0161ampano ir rabarbaro aromato derinys sukuria \u0161vies\u0173 ir romanti\u0161k\u0105 kvap\u0105, pripildant\u012f namus gaivumo ir energijos. Pagamintas i\u0161 \u0161variai degan\u010dio augalin\u0117s kilm\u0117s va\u0161ko, \u0161is papildymas leid\u017eia pakartotinai naudoti m\u0117gstam\u0105 \u017evak\u0117s ind\u0105 ir kiekvien\u0105 kart\u0105 sukurti nauj\u0105 \u017evak\u0119.  <\/p>\n<h3>Naudojimas<\/h3>\n<p>Pasirinkite nedeg\u0173 ind\u0105, kurio skersmuo b\u016bt\u0173 bent <strong>8 cm<\/strong>.<br \/>Supilkite miltelin\u012f va\u0161k\u0105 ir \u012fstatykite dagt\u012f taip, kad apie <strong>0,5 cm<\/strong> dagties likt\u0173 matoma vir\u0161 pavir\u0161iaus. U\u017edekite \u017evak\u0119.  <\/p>\n<p>Jei naudojate platesn\u012f ind\u0105, \u012fstatykite kelias dagtis \u2013 palikite ma\u017edaug <strong>8 cm atstum\u0105<\/strong> tarp j\u0173, kad \u017evak\u0117 degt\u0173 tolygiai.<\/p>\n<h3>Pakartotinio naudojimo galimyb\u0117s<\/h3>\n<ul>\n<li><strong>Sutrinkite ir papildykite<\/strong>: susmulkinkite sukiet\u0117jus\u012f va\u0161k\u0105, \u012fpilkite nauj\u0173 milteli\u0173 ir \u012fstatykite dagt\u012f \u2013 \u017evak\u0117 v\u0117l paruo\u0161ta naudoti.<\/li>\n<li>Pakartotinai u\u017edekite: jei dagtis pakankamai ilga, j\u0105 galima u\u017edegti kaip \u012fprast\u0105 \u017evak\u0119.<\/li>\n<li><strong>Pakeiskite<\/strong>: pa\u0161alinkite sukiet\u0117jus\u012f va\u0161k\u0105, \u012fstatykite nauj\u0105 dagt\u012f ir \u012fpilkite \u0161vie\u017ei\u0173 milteli\u0173.<\/li>\n<\/ul>\n<p><strong>Svarbu<\/strong>: visada naudokite platesn\u012f nei 8 cm ind\u0105 \u2013 taip va\u0161kas nesilydys prie stiklo sieneli\u0173 ir indas i\u0161liks \u0161varus. Produkto pakuot\u0117 n\u0117ra tinkama deginimui. <\/p>\n<h3>Detal\u0117s<\/h3>\n<ul>\n<li><strong>Svoris<\/strong>: 650 g<\/li>\n<li><strong>Degimo laikas<\/strong>: apie 140 val. <\/li>\n<li><strong>Vienos dagties degimo laikas:<\/strong> apie 9 val. (be dagties laikiklio) <\/li>\n<li><strong>Includes:<\/strong> 20 cotton wicks + 2 wicks with sustainer<\/li>\n<li>Komplekte: 20 medvilnini\u0173 dag\u010di\u0173 + 2 dagtys su laikikliu<\/li>\n<li>Kvapo natos: \u0161ampano ir rabarbaro aromatas<\/li>\n<li><strong>Kilm\u0117:<\/strong> Rank\u0173 darbo, pagaminta Estijoje<\/li>\n<\/ul>\n<h3>Apie prek\u0117s \u017eenkl\u0105<\/h3>\n<p>\u201e<strong>Candledust<\/strong>\u201c \u2013 Estijoje \u012fkurtas \u0161eimos prek\u0117s \u017eenklas, kuriantis inovatyvias milteli\u0173 \u017evakes. Pagaminti i\u0161 ekologi\u0161ko, \u0161variai degan\u010dio augalinio va\u0161ko, \u0161ie produktai si\u016blo modern\u0173 ir daugkartinio naudojimo b\u016bd\u0105 m\u0117gautis \u017evaki\u0173 \u0161viesa \u2013 be suod\u017ei\u0173 ir su didesniu tvarumu. <\/p>\n<\/section>\n","protected":false},"excerpt":{"rendered":"<p><strong>Candledust milteli\u0173 \u017evak\u0117s papildymas \u201eRhubarb Sparkle 650 g\u201c <\/strong>sujungia gaiv\u0173 pavasarinio rabarbaro aromat\u0105 su putojan\u010dio \u0161ampano nata. Tai romanti\u0161kas ir prabangus kvapas, pagamintas i\u0161 \u0161variai degan\u010dio augalinio va\u0161ko ir sukurtas daugkartiniam naudojimui.  Rank\u0173 darbo, pagaminta Estijoje.<\/p>\n<p><em>\u0160viesus, putojantis aromatas, kupinas d\u017eiugios \u0161ilumos.<\/em><\/p>\n","protected":false},"featured_media":1456,"comment_status":"open","ping_status":"closed","template":"","meta":[],"product_brand":[2027],"product_cat":[1600,1622],"product_tag":[2060,2042,2059,2055,2054,2061,2034],"class_list":{"0":"post-10053","1":"product","2":"type-product","3":"status-publish","4":"has-post-thumbnail","6":"product_brand-candledust","7":"product_cat-zvakes","8":"product_cat-perkamiausi","9":"product_tag-champagne-scent","10":"product_tag-eco-candle","11":"product_tag-powder-candle-refill","12":"product_tag-rhubarb-candle","13":"product_tag-rhubarb-sparkle-candle","14":"product_tag-romantic-fragrance","15":"product_tag-vegan-candle","17":"first","18":"instock","19":"shipping-taxable","20":"purchasable","21":"product-type-simple"},"_links":{"self":[{"href":"https:\/\/canott.com\/lt\/wp-json\/wp\/v2\/product\/10053","targetHints":{"allow":["GET"]}}],"collection":[{"href":"https:\/\/canott.com\/lt\/wp-json\/wp\/v2\/product"}],"about":[{"href":"https:\/\/canott.com\/lt\/wp-json\/wp\/v2\/types\/product"}],"replies":[{"embeddable":true,"href":"https:\/\/canott.com\/lt\/wp-json\/wp\/v2\/comments?post=10053"}],"wp:featuredmedia":[{"embeddable":true,"href":"https:\/\/canott.com\/lt\/wp-json\/wp\/v2\/media\/1456"}],"wp:attachment":[{"href":"https:\/\/canott.com\/lt\/wp-json\/wp\/v2\/media?parent=10053"}],"wp:term":[{"taxonomy":"product_brand","embeddable":true,"href":"https:\/\/canott.com\/lt\/wp-json\/wp\/v2\/product_brand?post=10053"},{"taxonomy":"product_cat","embeddable":true,"href":"https:\/\/canott.com\/lt\/wp-json\/wp\/v2\/product_cat?post=10053"},{"taxonomy":"product_tag","embeddable":true,"href":"https:\/\/canott.com\/lt\/wp-json\/wp\/v2\/product_tag?post=10053"}],"curies":[{"name":"wp","href":"https:\/\/api.w.org\/{rel}","templated":true}]}}