{"id":10039,"date":"2025-05-20T10:27:04","date_gmt":"2025-05-20T10:27:04","guid":{"rendered":"https:\/\/canott.com\/product\/candledust-milteliu-zvakes-papildymas-rhubarb-sparkle-330-g"},"modified":"2025-05-20T10:27:04","modified_gmt":"2025-05-20T10:27:04","slug":"candledust-milteliu-zvakes-papildymas-rhubarb-sparkle-330-g","status":"publish","type":"product","link":"https:\/\/canott.com\/lt\/produktas\/candledust-milteliu-zvakes-papildymas-rhubarb-sparkle-330-g","title":{"rendered":"Candledust milteli\u0173 \u017evak\u0117s papildymas Rhubarb Sparkle 330 g"},"content":{"rendered":"<section>\n<h2>Apie produkt\u0105<\/h2>\n<p><strong>\u201eCandledust\u201c milteli\u0173 \u017evak\u0117s papildymas \u201eRhubarb Sparkle 330 g\u201c <\/strong>sujungia gaiv\u0173 pavasarinio rabarbaro saldum\u0105 su \u0161velnia \u0161ampano nata, sukuriant romanti\u0161k\u0105 ir rafinuot\u0105 aromat\u0105. \u0160is lengvas ir gaivus kvapas pripildo namus \u0161viesos, jaukumo ir subtilios \u0161ilumos. Naudodami \u0161\u012f papildym\u0105 galite pakartotinai naudoti savo <strong>\u201eCandledust\u201c stiklin\u0119 \u017evak\u0117s talp\u0105<\/strong> ir lengvai sukurti dvi naujas ma\u017edaug 160 g \u017evakes namuose.  <\/p>\n<p>Pagamintas i\u0161 ekologi\u0161ko augalin\u0117s kilm\u0117s va\u0161ko, \u201eCandledust\u201c milteli\u0173 \u017evak\u0117s papildymas suteikia tvar\u0173 ir k\u016brybi\u0161k\u0105 b\u016bd\u0105 m\u0117gautis \u017evaki\u0173 \u0161viesa \u2013 \u0161variai degan\u010di\u0105, daugkartinio naudojimo ir rank\u0173 darbo Estijoje.<\/p>\n<h3>Naudojimas<\/h3>\n<p>Naudokite \u0161\u012f papildym\u0105 su <strong>\u201eCandledust\u201c \u017evake stiklin\u0117je<\/strong>.<br \/>Prie indo dugno centre pritvirtinkite vien\u0105 dagt\u012f, tada ind\u0105 visi\u0161kai u\u017epildykite milteliniu va\u0161ku. \u012esitikinkite, kad apie <strong>0,3\u20130,5 cm<\/strong> dagties lieka matoma vir\u0161 pavir\u0161iaus. U\u017edekite \u017evak\u0119 ir m\u0117gaukit\u0117s \u0161viesiu, eleganti\u0161ku aromatu.   <\/p>\n<p>Kiekvienas papildymas leid\u017eia pagaminti dvi \u017evakes po ma\u017edaug 160 g.<\/p>\n<h3>Detal\u0117s<\/h3>\n<ul>\n<li><strong>Svoris<\/strong>: 330 g (pakanka dviem 160 g \u017evak\u0117ms)<\/li>\n<li><strong>Komplekte<\/strong>: 2 medvilniniai dag\u010diai<\/li>\n<li>Kvapo natos: \u0161ampano ir rabarbaro aromatas<\/li>\n<li><strong>Va\u0161kas<\/strong>: augalin\u0117s kilm\u0117s miltelinis va\u0161kas<\/li>\n<li><strong>Savyb\u0117s<\/strong>: ekologi\u0161kas, daugkartinio naudojimo, \u0161variai degantis<\/li>\n<li><strong>Kilm\u0117:<\/strong> Rank\u0173 darbo, pagaminta Estijoje<\/li>\n<\/ul>\n<h3>Apie prek\u0117s \u017eenkl\u0105<\/h3>\n<p>\u201eCandledust\u201c \u2013 Estijoje \u012fkurtas \u0161eimos prek\u0117s \u017eenklas, kuriantis inovatyvias milteli\u0173 \u017evakes. Pagaminti i\u0161 ekologi\u0161ko, \u0161variai degan\u010dio augalinio va\u0161ko, \u0161ie produktai suteikia k\u016brybi\u0161k\u0105 ir tvar\u0173 b\u016bd\u0105 m\u0117gautis \u017evaki\u0173 \u0161viesa \u2013 modern\u0173, daugkartinio naudojimo ir beveik be suod\u017ei\u0173. <\/p>\n<\/section>\n","protected":false},"excerpt":{"rendered":"<p><strong>Candledust milteli\u0173 \u017evak\u0117s papildymas \u201eRhubarb Sparkle 330 g\u201c<\/strong> sujungia putojan\u010dio \u0161ampano gaivum\u0105 su pavasarinio rabarbaro natomis. \u0160is papildymas leid\u017eia j\u016bs\u0173 \u201eCandledust\u201c stiklin\u0117je talpoje sukurti dvi ma\u017edaug 160 g \u017evakes \u2013 ekologi\u0161kas, daugkartinio naudojimo ir rank\u0173 darbo Estijoje. <\/p>\n<p><em>Romanti\u0161kas aromatas, perteikiantis \u0160iaur\u0117s \u0161viesos d\u017eiaugsm\u0105.<\/em><\/p>\n","protected":false},"featured_media":1705,"comment_status":"open","ping_status":"closed","template":"","meta":[],"product_brand":[2027],"product_cat":[1600],"product_tag":[2056,2051,2050,2055,2054,2053],"class_list":{"0":"post-10039","1":"product","2":"type-product","3":"status-publish","4":"has-post-thumbnail","6":"product_brand-candledust","7":"product_cat-zvakes","8":"product_tag-champagne-candle","9":"product_tag-eco-candle-refill","10":"product_tag-powder-candle-refill-kit","11":"product_tag-rhubarb-candle","12":"product_tag-rhubarb-sparkle-candle","13":"product_tag-sustainable-home-fragrance","15":"first","16":"instock","17":"shipping-taxable","18":"purchasable","19":"product-type-simple"},"_links":{"self":[{"href":"https:\/\/canott.com\/lt\/wp-json\/wp\/v2\/product\/10039","targetHints":{"allow":["GET"]}}],"collection":[{"href":"https:\/\/canott.com\/lt\/wp-json\/wp\/v2\/product"}],"about":[{"href":"https:\/\/canott.com\/lt\/wp-json\/wp\/v2\/types\/product"}],"replies":[{"embeddable":true,"href":"https:\/\/canott.com\/lt\/wp-json\/wp\/v2\/comments?post=10039"}],"wp:featuredmedia":[{"embeddable":true,"href":"https:\/\/canott.com\/lt\/wp-json\/wp\/v2\/media\/1705"}],"wp:attachment":[{"href":"https:\/\/canott.com\/lt\/wp-json\/wp\/v2\/media?parent=10039"}],"wp:term":[{"taxonomy":"product_brand","embeddable":true,"href":"https:\/\/canott.com\/lt\/wp-json\/wp\/v2\/product_brand?post=10039"},{"taxonomy":"product_cat","embeddable":true,"href":"https:\/\/canott.com\/lt\/wp-json\/wp\/v2\/product_cat?post=10039"},{"taxonomy":"product_tag","embeddable":true,"href":"https:\/\/canott.com\/lt\/wp-json\/wp\/v2\/product_tag?post=10039"}],"curies":[{"name":"wp","href":"https:\/\/api.w.org\/{rel}","templated":true}]}}