{"id":10033,"date":"2025-05-14T10:15:20","date_gmt":"2025-05-14T10:15:20","guid":{"rendered":"https:\/\/canott.com\/product\/candledust-milteliu-zvakes-papildymas-dark-honey-330-g"},"modified":"2025-05-14T10:15:20","modified_gmt":"2025-05-14T10:15:20","slug":"candledust-milteliu-zvakes-papildymas-dark-honey-330-g","status":"publish","type":"product","link":"https:\/\/canott.com\/lt\/produktas\/candledust-milteliu-zvakes-papildymas-dark-honey-330-g","title":{"rendered":"Candledust milteli\u0173 \u017evak\u0117s papildymas Dark Honey 330 g"},"content":{"rendered":"<section>\n<h2>Apie produkt\u0105<\/h2>\n<p><strong>\u201eCandledust\u201c milteli\u0173 \u017evak\u0117s papildymas \u201eDark Honey 330 g\u201c <\/strong>sujungia sodr\u0173 saldaus medaus aromat\u0105 su subtilia d\u016bmo nata, sukuriant jausming\u0105 ir hipnotizuojant\u012f kvap\u0105, kuris jaukiai apgaubia erdv\u0119. \u0160is papildymas leid\u017eia pakartotinai naudoti j\u016bs\u0173 <strong>\u201eCandledust\u201c stiklin\u0119 \u017evak\u0117s<\/strong> talp\u0105 ir lengvai sukurti dvi naujas ma\u017edaug 160 g \u017evakes. <\/p>\n<p>Pagamintas i\u0161 ekologi\u0161ko augalin\u0117s kilm\u0117s va\u0161ko, \u201eCandledust\u201c milteli\u0173 \u017evak\u0117s papildymas suteikia tvar\u0173 ir k\u016brybi\u0161k\u0105 b\u016bd\u0105 m\u0117gautis \u017evaki\u0173 \u0161viesa \u2013 \u0161variai degan\u010di\u0105, daugkartinio naudojimo ir rank\u0173 darbo Estijoje.<\/p>\n<h3>Naudojimas<\/h3>\n<p><strong>Naudokite \u0161\u012f papildym\u0105 su \u201eCandledust\u201c \u017evake stiklin\u0117je.<\/strong><br \/>Prie indo dugno centre pritvirtinkite vien\u0105 dagt\u012f, tada ind\u0105 visi\u0161kai u\u017epildykite milteliniu va\u0161ku. \u012esitikinkite, kad apie 0,3\u20130,5 cm dagties lieka matoma vir\u0161 pavir\u0161iaus. U\u017edekite \u017evak\u0119 ir m\u0117gaukit\u0117s \u0161velniu, d\u016bmo u\u017euomina praturtintu aromatu.   <\/p>\n<p>Kiekvienas papildymas leid\u017eia pagaminti dvi \u017evakes po ma\u017edaug 160 g.<\/p>\n<h3>Detal\u0117s<\/h3>\n<ul>\n<li><strong>Svoris<\/strong>: 330 g (pakanka dviem 160 g \u017evak\u0117ms)<\/li>\n<li><strong>Komplekte<\/strong>: 2 medvilniniai dag\u010diai<\/li>\n<li><strong>Kvapo natos<\/strong>: Dark Honey \u2013 saldus medus, lengva d\u016bmo nata<\/li>\n<li><strong>Va\u0161kas<\/strong>: augalin\u0117s kilm\u0117s miltelinis va\u0161kas<\/li>\n<li><strong>Savyb\u0117s<\/strong>: ekologi\u0161kas, daugkartinio naudojimo, \u0161variai degantis<\/li>\n<li><strong>Kilm\u0117:<\/strong> Rank\u0173 darbo, pagaminta Estijoje<\/li>\n<\/ul>\n<h3>Apie prek\u0117s \u017eenkl\u0105<\/h3>\n<p>\u201eCandledust\u201c \u2013 Estijoje \u012fkurtas \u0161eimos prek\u0117s \u017eenklas, kuriantis inovatyvias milteli\u0173 \u017evakes. Pagaminti i\u0161 ekologi\u0161ko, \u0161variai degan\u010dio augalinio va\u0161ko, \u0161ie produktai suteikia k\u016brybi\u0161k\u0105 ir tvar\u0173 b\u016bd\u0105 m\u0117gautis \u017evaki\u0173 \u0161viesa \u2013 modern\u0173, daugkartinio naudojimo ir beveik be suod\u017ei\u0173. <\/p>\n<\/section>\n","protected":false},"excerpt":{"rendered":"<p><strong>Candledust milteli\u0173 \u017evak\u0117s papildymas \u201eDark Honey 330 g\u201c<\/strong> atskleid\u017eia jausming\u0105 saldaus medaus ir subtilios d\u016bmo natos aromat\u0105. \u0160is ekologi\u0161kas papildymas leid\u017eia j\u016bs\u0173 \u201eCandledust\u201c stiklin\u0117je talpoje sukurti dvi ma\u017edaug 160 g \u017evakes.  Rank\u0173 darbo, pagaminta Estijoje.<\/p>\n<p><em>\u0160iltas, auksinis aromatas, suteikiantis jaukumo ir subtilios elegancijos.<\/em><\/p>\n","protected":false},"featured_media":1354,"comment_status":"open","ping_status":"closed","template":"","meta":[],"product_brand":[2027],"product_cat":[1600],"product_tag":[2047,2051,2046,2050,2049,2052,2053],"class_list":{"0":"post-10033","1":"product","2":"type-product","3":"status-publish","4":"has-post-thumbnail","6":"product_brand-candledust","7":"product_cat-zvakes","8":"product_tag-dark-honey-candle","9":"product_tag-eco-candle-refill","10":"product_tag-honey-candle","11":"product_tag-powder-candle-refill-kit","12":"product_tag-smoky-candle","13":"product_tag-soy-candle","14":"product_tag-sustainable-home-fragrance","16":"first","17":"instock","18":"shipping-taxable","19":"purchasable","20":"product-type-simple"},"_links":{"self":[{"href":"https:\/\/canott.com\/lt\/wp-json\/wp\/v2\/product\/10033","targetHints":{"allow":["GET"]}}],"collection":[{"href":"https:\/\/canott.com\/lt\/wp-json\/wp\/v2\/product"}],"about":[{"href":"https:\/\/canott.com\/lt\/wp-json\/wp\/v2\/types\/product"}],"replies":[{"embeddable":true,"href":"https:\/\/canott.com\/lt\/wp-json\/wp\/v2\/comments?post=10033"}],"wp:featuredmedia":[{"embeddable":true,"href":"https:\/\/canott.com\/lt\/wp-json\/wp\/v2\/media\/1354"}],"wp:attachment":[{"href":"https:\/\/canott.com\/lt\/wp-json\/wp\/v2\/media?parent=10033"}],"wp:term":[{"taxonomy":"product_brand","embeddable":true,"href":"https:\/\/canott.com\/lt\/wp-json\/wp\/v2\/product_brand?post=10033"},{"taxonomy":"product_cat","embeddable":true,"href":"https:\/\/canott.com\/lt\/wp-json\/wp\/v2\/product_cat?post=10033"},{"taxonomy":"product_tag","embeddable":true,"href":"https:\/\/canott.com\/lt\/wp-json\/wp\/v2\/product_tag?post=10033"}],"curies":[{"name":"wp","href":"https:\/\/api.w.org\/{rel}","templated":true}]}}