{"id":10025,"date":"2025-05-10T12:48:46","date_gmt":"2025-05-10T12:48:46","guid":{"rendered":"https:\/\/canott.com\/product\/candledust-milteliu-zvake-stiklineje-dark-honey-160-g"},"modified":"2025-05-10T12:48:46","modified_gmt":"2025-05-10T12:48:46","slug":"candledust-milteliu-zvake-stiklineje-dark-honey-160-g","status":"publish","type":"product","link":"https:\/\/canott.com\/lt\/produktas\/candledust-milteliu-zvake-stiklineje-dark-honey-160-g","title":{"rendered":"Candledust milteli\u0173 \u017evak\u0117 stiklin\u0117je Dark Honey 160 g"},"content":{"rendered":"<section>\n<h2>Apie produkt\u0105<\/h2>\n<p><strong>\u201eCandledust\u201c milteli\u0173 \u017evak\u0117 stiklin\u0117je \u201eDark Honey 160 g\u201c<\/strong> sujungia nat\u016bral\u0173 medaus saldum\u0105 ir \u0161velni\u0105 d\u016bmo u\u017euomin\u0105. \u0160is hipnotizuojantis ir jausmingas aromatas sukuria jauki\u0105 atmosfer\u0105, kurioje susilieja \u0161ilti gintaro tonai ir subtili \u017evaki\u0173 \u0161viesos ramyb\u0117 \u2013 kvapas, kuris tuo pa\u010diu metu ramina ir lepina poj\u016b\u010dius. <\/p>\n<p>Kiekviena \u017evak\u0117 gaminama rankomis Estijoje i\u0161 perlamutrini\u0173 milteli\u0173 pavidalo augalinio va\u0161ko. Pateikta skaidriame stiklo inde su ro\u017einio aukso spalvos metaliniu dangteliu, ji sujungia paprast\u0105 elegancij\u0105 ir jauk\u0173 \u017eaves\u012f \u2013 puikiai tinka sukurti \u0161ilt\u0105, auksin\u012f \u0161vyt\u0117jim\u0105 bet kuriame interjere. <\/p>\n<h3>Detal\u0117s<\/h3>\n<ul>\n<li>Kvapas: Dark Honey \u2013 saldus medus su lengva d\u016bmo nata<\/li>\n<li><strong>Svoris<\/strong>: 160 g<\/li>\n<li><strong>Med\u017eiaga<\/strong>: kristalizuoto augalinio va\u0161ko mi\u0161inys<\/li>\n<li><strong>Daglis<\/strong>: medvilninis, be toksin\u0173 ir alergen\u0173<\/li>\n<li><strong>Indas<\/strong>: skaidrus stiklas su ro\u017einio aukso spalvos dangteliu<\/li>\n<li><strong>Kilm\u0117:<\/strong> Rank\u0173 darbo, pagaminta Estijoje<\/li>\n<\/ul>\n<h3>Kaip gaminama<\/h3>\n<p>Kiekviena \u201eCandledust\u201c \u017evak\u0117 gaminama rankomis i\u0161 auk\u0161tos kokyb\u0117s augalinio va\u0161ko ir IFRA sertifikuot\u0173 kvapi\u0173j\u0173 med\u017eiag\u0173. Medvilninis dagtis u\u017etikrina \u0161var\u0173, be suod\u017ei\u0173 degim\u0105 \u2013 tinkamai patrumpintas jis gali degti iki 60 % \u0161variau nei \u012fprastos \u017evak\u0117s. Visi produktai yra vegani\u0161ki ir nebandyti su gyv\u016bnais.  <\/p>\n<h3>Apie prek\u0117s \u017eenkl\u0105<\/h3>\n<p>\u201eCandledust\u201c \u2013 Estijoje \u012fkurtas \u0161eimos prek\u0117s \u017eenklas, \u017einomas d\u0117l inovatyvi\u0173 milteli\u0173 \u017evaki\u0173. Naudojant tvarias med\u017eiagas ir daugkartinio naudojimo dizain\u0105, \u0161ie produktai suteikia \u0161var\u0173, be d\u016bm\u0173 b\u016bd\u0105 m\u0117gautis \u017evaki\u0173 \u0161viesa \u2013 sujungdami meistri\u0161kum\u0105, k\u016brybi\u0161kum\u0105 ir s\u0105moning\u0105 gyvenimo b\u016bd\u0105. <\/p>\n<\/section>\n","protected":false},"excerpt":{"rendered":"<p><strong>Candledust milteli\u0173 \u017evak\u0117 stiklin\u0117je \u201eDark Honey\u201c <\/strong>pripildo namus hipnotizuojan\u010dio medaus saldumo ir subtilios d\u016bmo natos aromatu. Rank\u0173 darbo Estijoje pagaminta \u017evak\u0117 sukuria \u0161ilt\u0105, jausming\u0105 kvap\u0105 jaukiems vakarams. <\/p>\n<p><em>Auksin\u0117 \u0161viesa, \u0161velni \u0161iluma, tyras komfortas.<\/em><\/p>\n","protected":false},"featured_media":1453,"comment_status":"open","ping_status":"closed","template":"","meta":[],"product_brand":[2027],"product_cat":[1622,1600],"product_tag":[2048,2047,2042,2046,2032,2038,2034],"class_list":{"0":"post-10025","1":"product","2":"type-product","3":"status-publish","4":"has-post-thumbnail","6":"product_brand-candledust","7":"product_cat-perkamiausi","8":"product_cat-zvakes","9":"product_tag-cozy-home-scent","10":"product_tag-dark-honey-candle","11":"product_tag-eco-candle","12":"product_tag-honey-candle","13":"product_tag-powder-candle","14":"product_tag-scented-candle","15":"product_tag-vegan-candle","17":"first","18":"instock","19":"shipping-taxable","20":"purchasable","21":"product-type-simple"},"_links":{"self":[{"href":"https:\/\/canott.com\/lt\/wp-json\/wp\/v2\/product\/10025","targetHints":{"allow":["GET"]}}],"collection":[{"href":"https:\/\/canott.com\/lt\/wp-json\/wp\/v2\/product"}],"about":[{"href":"https:\/\/canott.com\/lt\/wp-json\/wp\/v2\/types\/product"}],"replies":[{"embeddable":true,"href":"https:\/\/canott.com\/lt\/wp-json\/wp\/v2\/comments?post=10025"}],"wp:featuredmedia":[{"embeddable":true,"href":"https:\/\/canott.com\/lt\/wp-json\/wp\/v2\/media\/1453"}],"wp:attachment":[{"href":"https:\/\/canott.com\/lt\/wp-json\/wp\/v2\/media?parent=10025"}],"wp:term":[{"taxonomy":"product_brand","embeddable":true,"href":"https:\/\/canott.com\/lt\/wp-json\/wp\/v2\/product_brand?post=10025"},{"taxonomy":"product_cat","embeddable":true,"href":"https:\/\/canott.com\/lt\/wp-json\/wp\/v2\/product_cat?post=10025"},{"taxonomy":"product_tag","embeddable":true,"href":"https:\/\/canott.com\/lt\/wp-json\/wp\/v2\/product_tag?post=10025"}],"curies":[{"name":"wp","href":"https:\/\/api.w.org\/{rel}","templated":true}]}}