{"id":8958,"date":"2026-01-29T12:23:36","date_gmt":"2026-01-29T12:23:36","guid":{"rendered":"https:\/\/canott.com\/garantija"},"modified":"2026-02-20T05:13:51","modified_gmt":"2026-02-20T05:13:51","slug":"garantija","status":"publish","type":"page","link":"https:\/\/canott.com\/lt\/garantija","title":{"rendered":"Garantija"},"content":{"rendered":"\n\n\t<section class=\"section\" id=\"section_1521966665\">\n\t\t<div class=\"section-bg fill\" >\n\t\t\t\t\t\t\t\t\t\n\t\t\t\n\n\t\t<\/div>\n\n\t\t\n\n\t\t<div class=\"section-content relative\">\n\t\t\t\n\n\t<div id=\"gap-247460338\" class=\"gap-element clearfix\" style=\"display:block; height:auto;\">\n\t\t\n<style>\n#gap-247460338 {\n  padding-top: 30px;\n}\n<\/style>\n\t<\/div>\n\t\n\n<div class=\"row\"  id=\"row-1643632375\">\n\n\n\t<div id=\"col-190158741\" class=\"col medium-4 small-12 large-4\"  >\n\t\t\t\t<div class=\"col-inner\"  >\n\t\t\t\n\t\t\t\n\n\t<div id=\"text-3077981810\" class=\"text\">\n\t\t\n\n<h1>Garantija<\/h1>\n\t\t\n<style>\n#text-3077981810 {\n  font-size: 1.1rem;\n}\n<\/style>\n\t<\/div>\n\t\n\n\t\t<\/div>\n\t\t\t\t\t<\/div>\n\n\t\n\n\t<div id=\"col-1945830372\" class=\"col medium-8 small-12 large-8\"  >\n\t\t\t\t<div class=\"col-inner\"  >\n\t\t\t\n\t\t\t\n\n<p data-start=\"1498\" data-end=\"1517\"><strong data-start=\"1498\" data-end=\"1517\">2 met\u0173 teisin\u0117 garantija<\/strong><\/p>\n<p data-start=\"1519\" data-end=\"1714\">Canott u\u017etikrina parduodam\u0173 preki\u0173 kokyb\u0119.<br data-start=\"1586\" data-end=\"1589\">Visoms svetain\u0117je canott.com \u012fsigytoms prek\u0117ms taikoma<strong data-start=\"1522\" data-end=\"1532\"> 2 met\u0173 teisin\u0117 garantija<\/strong> pagal Europos S\u0105jungos vartotoj\u0173 apsaugos teis\u0117s aktus.<\/p>\n<p data-start=\"1716\" data-end=\"1817\">\u0160i Garantijos politika paai\u0161kina, kas yra laikoma garantiniu atveju, kas ne\u012ftraukiama \u012f garantij\u0105 ir kaip pateikti garantin\u0119 pretenzij\u0105.<\/p>\n<hr data-start=\"1819\" data-end=\"1822\">\n<h2 data-start=\"1824\" data-end=\"1866\">1) K\u0105 apima 2 met\u0173 garantija?<\/h2>\n<p data-start=\"1867\" data-end=\"1989\">2 met\u0173 garantija taikoma <strong data-start=\"1894\" data-end=\"1919\">gamybiniams defektams ir neatitikimams<\/strong>, kurie i\u0161ry\u0161k\u0117ja<strong data-start=\"1959\" data-end=\"1973\"> \u012fprasto<\/strong> prek\u0117s naudojimo metu.<\/p>\n<p data-start=\"1991\" data-end=\"2026\">Garantija apima, pavyzd\u017eiui:<\/p>\n<ul data-start=\"2027\" data-end=\"2140\">\n<li data-start=\"2027\" data-end=\"2052\">\n<p data-start=\"2029\" data-end=\"2052\">med\u017eiag\u0173 defektus;<\/p>\n<\/li>\n<li data-start=\"2053\" data-end=\"2080\">\n<p data-start=\"2055\" data-end=\"2080\">gamybos ar surinkimo brok\u0105;<\/p>\n<\/li>\n<li data-start=\"2081\" data-end=\"2140\">\n<p data-start=\"2083\" data-end=\"2140\">tr\u016bkumus, atsiradusius ne d\u0117l netinkamo naudojimo ar i\u0161orini\u0173 pa\u017eeidim\u0173<\/p>\n<\/li>\n<\/ul>\n<p data-start=\"2142\" data-end=\"2205\">Garantija galioja nuo dienos, kai vartotojas gauna prek\u0119.<\/p>\n<hr data-start=\"2207\" data-end=\"2210\">\n<h2 data-start=\"2212\" data-end=\"2238\">2) Ko neapima garantija<\/h2>\n<p data-start=\"2239\" data-end=\"2272\">\u0160i garantija netaikoma:<\/p>\n<ul data-start=\"2273\" data-end=\"2597\">\n<li data-start=\"2273\" data-end=\"2334\">\n<p data-start=\"2275\" data-end=\"2334\">pa\u017eeidimams, atsiradusiems d\u0117l netinkamo naudojimo, nelaiming\u0173 atsitikim\u0173 ar aplaidumo;<\/p>\n<\/li>\n<li data-start=\"2335\" data-end=\"2387\">\n<p data-start=\"2337\" data-end=\"2387\">nat\u016braliam nusid\u0117v\u0117jimui, atsirandan\u010diam d\u0117l \u012fprasto naudojimo;<\/p>\n<\/li>\n<li data-start=\"2388\" data-end=\"2451\">\n<p data-start=\"2390\" data-end=\"2451\">kosmetiniams pa\u017eeidimams, kurie neturi \u012ftakos prek\u0117s funkcionalumui;<\/p>\n<\/li>\n<li data-start=\"2452\" data-end=\"2526\">\n<p data-start=\"2454\" data-end=\"2526\">pa\u017eeidimams, atsiradusiems d\u0117l netinkamos prie\u017ei\u016bros ar nesilaikant prie\u017ei\u016bros instrukcij\u0173;<\/p>\n<\/li>\n<li data-start=\"2527\" data-end=\"2597\">\n<p data-start=\"2529\" data-end=\"2597\">sunaudojamoms prek\u0117ms, tokioms kaip kosmetikos gaminiai, maisto produktai ar \u017evak\u0117s.<\/p>\n<\/li>\n<\/ul>\n<p data-start=\"2599\" data-end=\"2706\">D\u0117l higienos ir saugumo reikalavim\u0173 garantiniam patikrinimui ar taisymui priimamos tik \u0161varios prek\u0117s.<\/p>\n<hr data-start=\"2708\" data-end=\"2711\">\n<h2 data-start=\"2713\" data-end=\"2751\">3) Kaip sprend\u017eiami garantiniai atvejai<\/h2>\n<p data-start=\"2752\" data-end=\"2887\">Jeigu nustatoma, kad prekei taikomas gamybos defektas, kuriam galioja \u0161i garantija, vadovaudamiesi Europos S\u0105jungos vartotoj\u0173 apsaugos teis\u0117s aktais, mes:<\/p>\n<ul data-start=\"2889\" data-end=\"3049\">\n<li data-start=\"2889\" data-end=\"2915\">\n<p data-start=\"2891\" data-end=\"2915\">pataisysime prek\u0119; arba<\/p>\n<\/li>\n<li data-start=\"2916\" data-end=\"2979\">\n<p data-start=\"2918\" data-end=\"2979\">pakeisime prek\u0119 tokia pa\u010dia arba lygiaverte preke; arba<\/p>\n<\/li>\n<li data-start=\"2980\" data-end=\"3049\">\n<p data-start=\"2982\" data-end=\"3049\">gr\u0105\u017einsime sumok\u0117t\u0105 kain\u0105, jei prek\u0117s pataisymas ar pakeitimas n\u0117ra \u012fmanomas arba b\u016bt\u0173 neproporcingas.<\/p>\n<\/li>\n<\/ul>\n<p data-start=\"3051\" data-end=\"3141\">Konkretus sprendimas priklausys nuo defekto pob\u016bd\u017eio ir prek\u0117s prieinamumo.<\/p>\n<p data-start=\"3143\" data-end=\"3258\">\u0160i garantija suteikiama papildomai ir neturi \u012ftakos j\u016bs\u0173 teis\u0117ms, numatytoms galiojan\u010diuose Europos S\u0105jungos vartotoj\u0173 apsaugos teis\u0117s aktuose.<\/p>\n<hr data-start=\"3260\" data-end=\"3263\">\n<h2 data-start=\"3265\" data-end=\"3299\">4) Kaip pateikti garantin\u012f pra\u0161ym\u0105<\/h2>\n<p data-start=\"3300\" data-end=\"3374\">Nor\u0117dami pateikti garantin\u012f pra\u0161ym\u0105, susisiekite su mumis el. pa\u0161tu <strong data-start=\"3342\" data-end=\"3361\"><a class=\"decorated-link cursor-pointer\" rel=\"noopener\" data-start=\"3344\" data-end=\"3359\">info@canott.com<\/a><\/strong> ir nurodykite:<\/p>\n<ul data-start=\"3375\" data-end=\"3527\">\n<li data-start=\"3375\" data-end=\"3397\">\n<p data-start=\"3377\" data-end=\"3397\">savo u\u017esakymo numer\u012f,<\/p>\n<\/li>\n<li data-start=\"3398\" data-end=\"3417\">\n<p data-start=\"3400\" data-end=\"3417\">u\u017esakymo dat\u0105;<\/p>\n<\/li>\n<li data-start=\"3418\" data-end=\"3446\">\n<p data-start=\"3420\" data-end=\"3446\">prek\u0117s pavadinim\u0105 arba SKU kod\u0105;<\/p>\n<\/li>\n<li data-start=\"3447\" data-end=\"3484\">\n<p data-start=\"3449\" data-end=\"3484\">ai\u0161k\u0173 defekto ar problemos apra\u0161ym\u0105;<\/p>\n<\/li>\n<li data-start=\"3485\" data-end=\"3527\">\n<p data-start=\"3487\" data-end=\"3527\">defekt\u0105 patvirtinan\u010dias nuotraukas (jei \u012fmanoma).<\/p>\n<\/li>\n<\/ul>\n<p data-start=\"3529\" data-end=\"3646\">Prireikus galime papra\u0161yti gr\u0105\u017einti prek\u0119 ap\u017ei\u016brai. Jei reik\u0117s si\u0173sti prek\u0119 atgal, pateiksime ai\u0161kias gr\u0105\u017einimo instrukcijas. <\/p>\n<hr data-start=\"3648\" data-end=\"3651\">\n<h2 data-start=\"3653\" data-end=\"3693\">5) Siuntimo i\u0161laidos garantinio pra\u0161ymo atveju<\/h2>\n<p data-start=\"3694\" data-end=\"3852\">Jei garantinis pra\u0161ymas pripa\u017e\u012fstamas pagr\u012fstu, su remontu, pakeitimu ar prek\u0117s gr\u0105\u017einimu susijusias siuntimo i\u0161laidas padengiame mes, vadovaudamiesi taikomais Europos S\u0105jungos vartotoj\u0173 apsaugos teis\u0117s aktais.<\/p>\n<p data-start=\"3854\" data-end=\"4052\">Jei po patikrinimo nustatoma, kad prek\u0117 neatitinka garantijos s\u0105lyg\u0173 (pavyzd\u017eiui, defektas atsirado d\u0117l netinkamo naudojimo), gali b\u016bti taikomos gr\u0105\u017einimo siuntimo i\u0161laidos. Tokiu atveju apie galimas i\u0161laidas jus informuosime prie\u0161 priimdami sprendim\u0105. <\/p>\n<hr data-start=\"4054\" data-end=\"4057\">\n<h2 data-start=\"4059\" data-end=\"4091\">6) Kas teikia garantij\u0105?<\/h2>\n<p data-start=\"4092\" data-end=\"4162\">Garantij\u0105 teikia Canott, kaip preki\u0173 pardav\u0117jas.<\/p>\n<p data-start=\"4164\" data-end=\"4428\">Tam tikrais atvejais garantinis patikrinimas, remontas ar pakeitimas gali b\u016bti atliekami bendradarbiaujant su gamintojais ar m\u016bs\u0173 u\u017esakym\u0173 vykdymo partneriais. <br data-start=\"4307\" data-end=\"4310\">Tai neturi \u012ftakos j\u016bs\u0173 teis\u0117ms ar kontaktiniam asmeniui \u2013 visi garantiniai pra\u0161ymai turi b\u016bti teikiami Canott.<\/p>\n<hr data-start=\"4430\" data-end=\"4433\">\n<h2 data-start=\"4435\" data-end=\"4448\">7) Kontaktai<\/h2>\n<p data-start=\"4449\" data-end=\"4556\">Jei turite klausim\u0173 d\u0117l \u0161ios Garantijos politikos arba norite pateikti garantin\u012f pra\u0161ym\u0105, susisiekite su mumis:<br><\/p>\n<p data-start=\"4558\" data-end=\"4584\">El. pa\u0161tas: <a class=\"decorated-link cursor-pointer\" rel=\"noopener\" data-start=\"4569\" data-end=\"4584\">info@canott.com<\/a><\/p>\n\n\t\t<\/div>\n\t\t\t\t\t<\/div>\n\n\t\n\n<\/div>\n\n\t\t<\/div>\n\n\t\t\n<style>\n#section_1521966665 {\n  padding-top: 30px;\n  padding-bottom: 30px;\n}\n<\/style>\n\t<\/section>\n\t\n\n\n<p><\/p>\n","protected":false},"excerpt":{"rendered":"","protected":false},"author":1,"featured_media":0,"parent":0,"menu_order":0,"comment_status":"closed","ping_status":"closed","template":"","meta":{"footnotes":""},"class_list":["post-8958","page","type-page","status-publish","hentry"],"_links":{"self":[{"href":"https:\/\/canott.com\/lt\/wp-json\/wp\/v2\/pages\/8958","targetHints":{"allow":["GET"]}}],"collection":[{"href":"https:\/\/canott.com\/lt\/wp-json\/wp\/v2\/pages"}],"about":[{"href":"https:\/\/canott.com\/lt\/wp-json\/wp\/v2\/types\/page"}],"author":[{"embeddable":true,"href":"https:\/\/canott.com\/lt\/wp-json\/wp\/v2\/users\/1"}],"replies":[{"embeddable":true,"href":"https:\/\/canott.com\/lt\/wp-json\/wp\/v2\/comments?post=8958"}],"version-history":[{"count":3,"href":"https:\/\/canott.com\/lt\/wp-json\/wp\/v2\/pages\/8958\/revisions"}],"predecessor-version":[{"id":8961,"href":"https:\/\/canott.com\/lt\/wp-json\/wp\/v2\/pages\/8958\/revisions\/8961"}],"wp:attachment":[{"href":"https:\/\/canott.com\/lt\/wp-json\/wp\/v2\/media?parent=8958"}],"curies":[{"name":"wp","href":"https:\/\/api.w.org\/{rel}","templated":true}]}}