{"id":8949,"date":"2025-04-17T12:28:03","date_gmt":"2025-04-17T12:28:03","guid":{"rendered":"https:\/\/canott.com\/pristatymo-politika"},"modified":"2026-02-19T07:18:16","modified_gmt":"2026-02-19T07:18:16","slug":"pristatymo-politika","status":"publish","type":"page","link":"https:\/\/canott.com\/lt\/pristatymo-politika","title":{"rendered":"Pristatymo politika"},"content":{"rendered":"\n\n\t<section class=\"section\" id=\"section_1203839140\">\n\t\t<div class=\"section-bg fill\" >\n\t\t\t\t\t\t\t\t\t\n\t\t\t\n\n\t\t<\/div>\n\n\t\t\n\n\t\t<div class=\"section-content relative\">\n\t\t\t\n\n\t<div id=\"gap-731874378\" class=\"gap-element clearfix\" style=\"display:block; height:auto;\">\n\t\t\n<style>\n#gap-731874378 {\n  padding-top: 30px;\n}\n<\/style>\n\t<\/div>\n\t\n\n<div class=\"row\"  id=\"row-796919016\">\n\n\n\t<div id=\"col-959022997\" class=\"col medium-4 small-12 large-4\"  >\n\t\t\t\t<div class=\"col-inner\"  >\n\t\t\t\n\t\t\t\n\n\t<div id=\"text-3301561162\" class=\"text\">\n\t\t\n\n<h1>Pristatymo politika<\/h1>\n\t\t\n<style>\n#text-3301561162 {\n  font-size: 1.1rem;\n}\n<\/style>\n\t<\/div>\n\t\n\n\t\t<\/div>\n\t\t\t\t\t<\/div>\n\n\t\n\n\t<div id=\"col-214628569\" class=\"col medium-8 small-12 large-8\"  >\n\t\t\t\t<div class=\"col-inner\"  >\n\t\t\t\n\t\t\t\n\n<h3 data-start=\"1509\" data-end=\"1530\">Pristatymo politika<\/h3>\n<p data-start=\"1531\" data-end=\"1567\"><strong data-start=\"1531\" data-end=\"1567\">\u012esigaliojimo data: 2026 m. sausio 28 d.<\/strong><\/p>\n<p data-start=\"1569\" data-end=\"1716\">\u0160i Pristatymo politika taikoma pirkimams, atliktiems interneto svetain\u0117je canott.com, ir turi b\u016bti skaitoma kartu su m\u016bs\u0173 <a href=\"https:\/\/canott.com\/lt\/paslaugu-teikimo-salygos\"><strong data-start=\"1671\" data-end=\"1693\">Taisykl\u0117mis ir s\u0105lygomis<\/strong><\/a> bei <a href=\"https:\/\/canott.com\/lt\/grazinimo-politika\"><strong data-start=\"1619\" data-end=\"1633\">Gr\u0105\u017einimo politika<\/strong><\/a>.<\/p>\n<hr data-start=\"1718\" data-end=\"1721\">\n<h3 data-start=\"1723\" data-end=\"1747\">Pardav\u0117jo informacija<\/h3>\n<p data-start=\"1748\" data-end=\"1834\"><strong data-start=\"1748\" data-end=\"1758\">Canott<\/strong><br data-start=\"1758\" data-end=\"1761\">Lietuva<br data-start=\"1805\" data-end=\"1808\">El. pa\u0161tas: <strong data-start=\"1815\" data-end=\"1834\"><a class=\"decorated-link cursor-pointer\" rel=\"noopener\" data-start=\"1817\" data-end=\"1832\">info@canott.com<\/a><\/strong><\/p>\n<hr data-start=\"1836\" data-end=\"1839\">\n<h3 data-start=\"1841\" data-end=\"1871\">1) Pristatymo \u0161alys<\/h3>\n<p data-start=\"1872\" data-end=\"1917\">\u0160iuo metu pristatome \u012f \u0161ias \u0161alis:<\/p>\n<p data-start=\"1919\" data-end=\"2002\">Lietuva (LT), Latvija (LV), Estija (EE)<\/p>\n<p data-start=\"2004\" data-end=\"2133\">Ateityje galime i\u0161pl\u0117sti pristatymo \u0161ali\u0173 s\u0105ra\u0161\u0105. Jei j\u016bs\u0173 \u0161alis nenurodyta, \u0161iuo metu pristatymas \u012f j\u0105 gali b\u016bti nevykdomas. <\/p>\n<hr data-start=\"2135\" data-end=\"2138\">\n<h3 data-start=\"2140\" data-end=\"2162\">2) Pristatymo mokes\u010diai<\/h3>\n<p data-start=\"2163\" data-end=\"2257\">Pristatymo mokestis taikomas kiekvienam u\u017esakymui (ne kiekvienai prekei atskirai) ir priklauso nuo pristatymo \u0161alies:<\/p>\n<ul data-start=\"2259\" data-end=\"2346\">\n<li data-start=\"2259\" data-end=\"2304\">\n<p data-start=\"2261\" data-end=\"2304\">Lietuva, Latvija, Estija: 3,99 \u20ac<\/p>\n<\/li>\n<\/ul>\n<p data-start=\"2348\" data-end=\"2416\">Nemokamas standartinis pristatymas taikomas Europos S\u0105jungos u\u017esakymams, kuri\u0173 vert\u0117 vir\u0161ija 99 \u20ac.<\/p>\n<p data-start=\"2418\" data-end=\"2493\">Galutin\u0117 pristatymo kaina visada nurodoma u\u017esakymo pateikimo metu, prie\u0161 atliekant apmok\u0117jim\u0105.<\/p>\n<hr data-start=\"2495\" data-end=\"2498\">\n<h3 data-start=\"2500\" data-end=\"2542\">3) U\u017esakym\u0173 apdorojimas ir pristatymo terminai<\/h3>\n<p data-start=\"2543\" data-end=\"2650\">U\u017esakymai, pateikti iki 23:59 val. (GMT+2), paprastai apdorojami ir i\u0161siun\u010diami kit\u0105 darbo dien\u0105.<\/p>\n<p data-start=\"2652\" data-end=\"2879\">Svetain\u0117je nurodyti pristatymo terminai yra preliminar\u016bs ir n\u0117ra laikomi garantuotais.<br data-start=\"2735\" data-end=\"2738\">Dauguma u\u017esakym\u0173 pristatomi per 3\u20138 darbo dienas nuo i\u0161siuntimo, priklausomai nuo pristatymo vietos, preki\u0173 prieinamumo ir ve\u017e\u0117jo veiklos s\u0105lyg\u0173.<\/p>\n<p data-start=\"2881\" data-end=\"3061\">I\u0161imtiniais atvejais (pavyzd\u017eiui, esant dideliam u\u017esakym\u0173 skai\u010diui, tiekimo sutrikimams, sezono pikui ar ve\u017e\u0117jo veiklos trikd\u017eiams) pristatymas gali u\u017etrukti ilgiau \u2013<strong data-start=\"3025\" data-end=\"3060\"> iki 21 darbo dienos nuo i\u0161siuntimo dienos<\/strong>.<\/p>\n<p data-start=\"3063\" data-end=\"3122\">Jei susidaro reik\u0161mingas v\u0117lavimas, apie tai Jus informuosime el. pa\u0161tu.<\/p>\n<hr data-start=\"3124\" data-end=\"3127\">\n<h3 data-start=\"3129\" data-end=\"3180\">4) Pristatymo b\u016bdas (atsi\u0117mimo punktas arba pristatymas adresu)<\/h3>\n<p data-start=\"3181\" data-end=\"3233\">U\u017esakymai paprastai pristatomi \u012f atsi\u0117mimo punkt\u0105.<\/p>\n<p data-start=\"3235\" data-end=\"3415\">Jeigu 5 km spinduliu nuo nurodyto pristatymo adreso n\u0117ra atsi\u0117mimo punkto, u\u017esakymas, atsi\u017evelgiant \u012f ve\u017e\u0117jo galimybes, bus pristatytas tiesiogiai \u012f kliento nurodyt\u0105 adres\u0105.<\/p>\n<hr data-start=\"3417\" data-end=\"3420\">\n<h3 data-start=\"3422\" data-end=\"3471\">5) Keli\u0173 preki\u0173 \u017eenkl\u0173 \/ keli\u0173 siunt\u0173 u\u017esakymai<\/h3>\n<p data-start=\"3472\" data-end=\"3591\">U\u017esakymai, kuriuose yra<strong data-start=\"3504\" data-end=\"3524\"> skirting\u0173 preki\u0173 \u017eenkl\u0173<\/strong> produkt\u0173, gali b\u016bti i\u0161siun\u010diami<strong data-start=\"3543\" data-end=\"3564\"> atskiromis siuntomis<\/strong> ir pristatomi atskirai.<\/p>\n<p data-start=\"3593\" data-end=\"3658\">Tokiais atvejais galite gauti<strong data-start=\"3624\" data-end=\"3657\"> daugiau nei vien\u0105 siuntos sekimo numer\u012f<\/strong>.<\/p>\n<hr data-start=\"3660\" data-end=\"3663\">\n<h3 data-start=\"3665\" data-end=\"3682\">6) Siuntos sekimas<\/h3>\n<p data-start=\"3683\" data-end=\"3787\">Kai taikoma, siuntos sekimo informacija bus pateikta el. pa\u0161tu po to, kai u\u017esakymas bus i\u0161si\u0173stas.<\/p>\n<hr data-start=\"3789\" data-end=\"3792\">\n<h3 data-start=\"3794\" data-end=\"3819\">7) Adreso tikslumas<\/h3>\n<p data-start=\"3820\" data-end=\"3911\">J\u016bs esate atsakingi u\u017e<strong data-start=\"3856\" data-end=\"3898\"> teisingo ir i\u0161samaus pristatymo adreso nurodym\u0105<\/strong> u\u017esakymo pateikimo metu.<\/p>\n<p data-start=\"3913\" data-end=\"4035\">Mes neatsakome u\u017e pristatymo nesklandumus, atsiradusius d\u0117l kliento pateiktos neteisingos ar nei\u0161samios adreso informacijos.<\/p>\n<hr data-start=\"4037\" data-end=\"4040\">\n<h3 data-start=\"4042\" data-end=\"4094\">8) Neatsiimtos arba nepristatytos siuntos<\/h3>\n<p data-start=\"4095\" data-end=\"4133\">Jei siunta mums gr\u0105\u017einama d\u0117l to, kad:<\/p>\n<ul data-start=\"4135\" data-end=\"4276\">\n<li data-start=\"4135\" data-end=\"4191\">\n<p data-start=\"4137\" data-end=\"4191\">pristatymo adresas buvo neteisingas arba nei\u0161samus; arba<\/p>\n<\/li>\n<li data-start=\"4192\" data-end=\"4276\">\n<p data-start=\"4194\" data-end=\"4276\">siunta nebuvo atsiimta i\u0161 atsi\u0117mimo punkto per ve\u017e\u0117jo nustatyt\u0105 termin\u0105,<\/p>\n<\/li>\n<\/ul>\n<p data-start=\"4278\" data-end=\"4341\">mes galime gr\u0105\u017einti sumok\u0117t\u0105 sum\u0105 po to, kai siunta bus gr\u0105\u017einta mums, i\u0161skai\u010diav\u0119:<\/p>\n<ul data-start=\"4343\" data-end=\"4414\">\n<li data-start=\"4343\" data-end=\"4375\">\n<p data-start=\"4345\" data-end=\"4375\">siuntos i\u0161siuntimo (pristatymo) i\u0161laidas; ir<\/p>\n<\/li>\n<li data-start=\"4376\" data-end=\"4414\">\n<p data-start=\"4378\" data-end=\"4414\">ve\u017e\u0117jo taikomus siuntos gr\u0105\u017einimo mokes\u010dius (jei tokie buvo taikomi).<\/p>\n<\/li>\n<\/ul>\n<p data-start=\"4416\" data-end=\"4486\">Jeigu vis tiek pageidaujate gauti prek\u0119, tur\u0117site pateikti nauj\u0105 u\u017esakym\u0105.<\/p>\n<p data-start=\"4488\" data-end=\"4597\">J\u016bs\u0173 teis\u0117s pagal Europos S\u0105jungos vartotoj\u0173 apsaugos teis\u0117s aktus i\u0161lieka galioti, ir yra \u012fgyvendinamos vadovaujantis m\u016bs\u0173 <strong data-start=\"4579\" data-end=\"4596\">Pinig\u0173 gr\u0105\u017einimo politika<\/strong>.<\/p>\n<hr data-start=\"4599\" data-end=\"4602\">\n<h3 data-start=\"4604\" data-end=\"4648\">9) Sugadintos, su tr\u016bkumais ar neteisingai pristatytos prek\u0117s<\/h3>\n<p data-start=\"4649\" data-end=\"4768\">Jeigu J\u016bs\u0173 prek\u0117 buvo pristatyta sugadinta, su tr\u016bkumais arba neatitinka u\u017esakymo, pra\u0161ome kuo grei\u010diau susisiekti su mumis el. pa\u0161tu <strong data-start=\"4716\" data-end=\"4735\"><a class=\"decorated-link cursor-pointer\" rel=\"noopener\" data-start=\"4718\" data-end=\"4733\">info@canott.com<\/a><\/strong> ir pateikti:<\/p>\n<ul data-start=\"4770\" data-end=\"4836\">\n<li data-start=\"4770\" data-end=\"4796\">\n<p data-start=\"4772\" data-end=\"4796\">savo u\u017esakymo numer\u012f;<\/p>\n<\/li>\n<li data-start=\"4797\" data-end=\"4836\">\n<p data-start=\"4799\" data-end=\"4836\">prek\u0117s ir jos pakuot\u0117s nuotraukas.<\/p>\n<\/li>\n<\/ul>\n<p data-start=\"4838\" data-end=\"4930\">Vadovaudamiesi galiojan\u010diais Europos S\u0105jungos vartotoj\u0173 apsaugos teis\u0117s aktais, pasi\u016blysime tinkam\u0105 sprendim\u0105 \u2013 prek\u0117s pakeitim\u0105, taisym\u0105 arba pinig\u0173 gr\u0105\u017einim\u0105.<\/p>\n\n\t\t<\/div>\n\t\t\t\t\t<\/div>\n\n\t\n\n<\/div>\n\n\t\t<\/div>\n\n\t\t\n<style>\n#section_1203839140 {\n  padding-top: 30px;\n  padding-bottom: 30px;\n}\n<\/style>\n\t<\/section>\n\t\n\n","protected":false},"excerpt":{"rendered":"","protected":false},"author":1,"featured_media":0,"parent":0,"menu_order":0,"comment_status":"closed","ping_status":"closed","template":"","meta":{"footnotes":""},"class_list":["post-8949","page","type-page","status-publish","hentry"],"_links":{"self":[{"href":"https:\/\/canott.com\/lt\/wp-json\/wp\/v2\/pages\/8949","targetHints":{"allow":["GET"]}}],"collection":[{"href":"https:\/\/canott.com\/lt\/wp-json\/wp\/v2\/pages"}],"about":[{"href":"https:\/\/canott.com\/lt\/wp-json\/wp\/v2\/types\/page"}],"author":[{"embeddable":true,"href":"https:\/\/canott.com\/lt\/wp-json\/wp\/v2\/users\/1"}],"replies":[{"embeddable":true,"href":"https:\/\/canott.com\/lt\/wp-json\/wp\/v2\/comments?post=8949"}],"version-history":[{"count":5,"href":"https:\/\/canott.com\/lt\/wp-json\/wp\/v2\/pages\/8949\/revisions"}],"predecessor-version":[{"id":8955,"href":"https:\/\/canott.com\/lt\/wp-json\/wp\/v2\/pages\/8949\/revisions\/8955"}],"wp:attachment":[{"href":"https:\/\/canott.com\/lt\/wp-json\/wp\/v2\/media?parent=8949"}],"curies":[{"name":"wp","href":"https:\/\/api.w.org\/{rel}","templated":true}]}}