{"id":8930,"date":"2025-04-17T12:25:49","date_gmt":"2025-04-17T12:25:49","guid":{"rendered":"https:\/\/canott.com\/grazinimo-politika"},"modified":"2026-02-18T09:16:08","modified_gmt":"2026-02-18T09:16:08","slug":"grazinimo-politika","status":"publish","type":"page","link":"https:\/\/canott.com\/lt\/grazinimo-politika","title":{"rendered":"Gr\u0105\u017einimo politika"},"content":{"rendered":"\n\n\t<section class=\"section\" id=\"section_1690320401\">\n\t\t<div class=\"section-bg fill\" >\n\t\t\t\t\t\t\t\t\t\n\t\t\t\n\n\t\t<\/div>\n\n\t\t\n\n\t\t<div class=\"section-content relative\">\n\t\t\t\n\n\t<div id=\"gap-1012876372\" class=\"gap-element clearfix\" style=\"display:block; height:auto;\">\n\t\t\n<style>\n#gap-1012876372 {\n  padding-top: 30px;\n}\n<\/style>\n\t<\/div>\n\t\n\n<div class=\"row\"  id=\"row-337639154\">\n\n\n\t<div id=\"col-1053617234\" class=\"col medium-4 small-12 large-4\"  >\n\t\t\t\t<div class=\"col-inner\"  >\n\t\t\t\n\t\t\t\n\n\t<div id=\"text-3589016820\" class=\"text\">\n\t\t\n\n<h1>Gr\u0105\u017einimo politika<\/h1>\n\t\t\n<style>\n#text-3589016820 {\n  font-size: 1.1rem;\n}\n<\/style>\n\t<\/div>\n\t\n\n\t\t<\/div>\n\t\t\t\t\t<\/div>\n\n\t\n\n\t<div id=\"col-1356129632\" class=\"col medium-8 small-12 large-8\"  >\n\t\t\t\t<div class=\"col-inner\"  >\n\t\t\t\n\t\t\t\n\n<p data-start=\"1663\" data-end=\"1699\"><strong data-start=\"1663\" data-end=\"1699\">\u012esigaliojimo data: 2026 m. sausio 28 d.<\/strong><\/p>\n<p data-start=\"1701\" data-end=\"1848\">\u0160i Gr\u0105\u017einimo politika taikoma visiems pirkimams, atliktiems svetain\u0117je canott.com, ir turi b\u016bti skaitoma kartu su m\u016bs\u0173 <a href=\"https:\/\/canott.com\/lt\/paslaugu-teikimo-salygos\"><strong data-start=\"1749\" data-end=\"1763\">Taisykl\u0117mis ir s\u0105lygomis<\/strong><\/a> bei <a href=\"https:\/\/canott.com\/shipping-polic\"><strong data-start=\"1801\" data-end=\"1823\">Pristatymo politika<\/strong><\/a>.<\/p>\n<hr data-start=\"1850\" data-end=\"1853\">\n<h2 data-start=\"1855\" data-end=\"1878\">Pardav\u0117jo informacija<\/h2>\n<p data-start=\"1879\" data-end=\"1965\">Canott<br data-start=\"1924\" data-end=\"1927\">Lietuva<br data-start=\"1936\" data-end=\"1939\">El. pa\u0161tas: <a class=\"decorated-link cursor-pointer\" rel=\"noopener\" data-start=\"1948\" data-end=\"1963\"><strong data-start=\"1879\" data-end=\"1889\">info@canott.com<\/strong><\/a><\/p>\n<hr data-start=\"1967\" data-end=\"1970\">\n<h2 data-start=\"1972\" data-end=\"2015\">ES atsisakymo teis\u0117 (14 dien\u0173)<\/h2>\n<p data-start=\"2016\" data-end=\"2212\">Jei esate ES\/EEE vartotojas, turite teis\u0119 atsisakyti nuotoliniu b\u016bdu sudarytos pirkimo\u2013pardavimo sutarties per 14 dien\u0173, nenurodydami prie\u017easties. Atsisakymo terminas baigiasi po 14 dien\u0173 nuo dienos, kai j\u016bs arba j\u016bs\u0173 nurodytas tre\u010diasis asmuo (i\u0161skyrus ve\u017e\u0117j\u0105) fakti\u0161kai gauna prekes.<\/p>\n<p data-start=\"2214\" data-end=\"2340\">Jei u\u017esakymas pristatomas keliomis siuntomis, atsisakymo terminas pradedamas skai\u010diuoti nuo paskutin\u0117s siuntos gavimo dienos.<\/p>\n<h3 data-start=\"2342\" data-end=\"2385\">Kaip pasinaudoti atsisakymo teise<\/h3>\n<p data-start=\"2386\" data-end=\"2469\">Nor\u0117dami pasinaudoti atsisakymo teise, turite per 14 dien\u0173 nuo preki\u0173 gavimo dienos informuoti mus el. pa\u0161tu: <strong data-start=\"2437\" data-end=\"2456\"><a class=\"decorated-link cursor-pointer\" rel=\"noopener\" data-start=\"2439\" data-end=\"2454\">info@canott.com<\/a><\/strong><br><br> Lai\u0161ke nurodykite:<br><br><\/p>\n<ul data-start=\"2470\" data-end=\"2530\">\n<li data-start=\"2470\" data-end=\"2496\">\n<p data-start=\"2472\" data-end=\"2496\">savo u\u017esakymo numer\u012f;<\/p>\n<\/li>\n<li data-start=\"2497\" data-end=\"2530\">\n<p data-start=\"2499\" data-end=\"2530\">prek\u0119 (-es), kuri\u0105 (-ias) norite gr\u0105\u017einti.<\/p>\n<\/li>\n<li data-start=\"2497\" data-end=\"2530\">Atsisakymo parei\u0161kimas gali b\u016bti pateiktas bet kokia ai\u0161kia forma.<br data-start=\"925\" data-end=\"928\">Gav\u0119 j\u016bs\u0173 prane\u0161im\u0105 apie atsisakym\u0105, patvirtinsime jo gavim\u0105 el. pa\u0161tu.<\/li>\n<\/ul>\n<h3 data-start=\"2532\" data-end=\"2559\">Pinig\u0173 gr\u0105\u017einimas atsisakymo atveju<\/h3>\n<p data-start=\"2560\" data-end=\"2601\">Jei atsisakote sutarties per 14 dien\u0173 laikotarp\u012f:<\/p>\n<ul data-start=\"2602\" data-end=\"2719\">\n<li data-start=\"2602\" data-end=\"2644\">\n<p data-start=\"2604\" data-end=\"2644\">gr\u0105\u017einsime vis\u0105 u\u017e prekes sumok\u0117t\u0105 sum\u0105;<\/p>\n<\/li>\n<li data-start=\"2645\" data-end=\"2719\">\n<p data-start=\"2647\" data-end=\"2719\">taip pat gr\u0105\u017einsime standartinio (pigiausio si\u016blomo) pristatymo i\u0161laidas, jei jos buvo taikomos.<\/p>\n<\/li>\n<\/ul>\n<p data-start=\"2721\" data-end=\"2845\">Papildomos i\u0161laidos, atsiradusios d\u0117l pasirinkto brangesnio nei standartinis pristatymo b\u016bdo, n\u0117ra gr\u0105\u017einamos.<\/p>\n<div>Pinigai bus gr\u0105\u017einti ne v\u0117liau kaip per 14 dien\u0173 nuo dienos, kai gausime j\u016bs\u0173 prane\u0161im\u0105 apie atsisakym\u0105.<\/div>\n<div> <\/div>\n<div>Ta\u010diau galime sulaikyti pinig\u0173 gr\u0105\u017einim\u0105 iki tol, kol gausime gr\u0105\u017eintas prekes arba kol pateiksite \u012frodym\u0105, kad jas i\u0161siunt\u0117te, atsi\u017evelgiant \u012f tai, kuri aplinkyb\u0117 \u012fvyks anks\u010diau.<\/div>\n<div> <\/div>\n<h3 data-start=\"2847\" data-end=\"2884\">Gr\u0105\u017einimo siuntimo i\u0161laidos (atsisakymo atveju)<\/h3>\n<p data-start=\"2885\" data-end=\"2987\">Jei ai\u0161kiai nenurodyta kitaip, tiesiogines preki\u0173 gr\u0105\u017einimo i\u0161laidas apmoka pirk\u0117jas.<\/p>\n<p data-start=\"2989\" data-end=\"3115\">Jei yra galimyb\u0117, galime pateikti gr\u0105\u017einimo siuntos etiket\u0119. Jei pasinaudojate m\u016bs\u0173 pateikta gr\u0105\u017einimo etikete, gr\u0105\u017einimo siuntimo i\u0161laidos gali b\u016bti i\u0161skai\u010diuotos i\u0161 gr\u0105\u017einamos sumos.<\/p>\n<hr data-start=\"3117\" data-end=\"3120\">\n<h2 data-start=\"3122\" data-end=\"3165\">2) Savanori\u0161ka 30 dien\u0173 gr\u0105\u017einimo politika<\/h2>\n<p data-start=\"3166\" data-end=\"3297\">Be \u012fstatymuose numatytos 14 dien\u0173 atsisakymo teis\u0117s, papildomai si\u016blome 30 dien\u0173 savanori\u0161k\u0105 gr\u0105\u017einimo laikotarp\u012f, skai\u010diuojam\u0105 nuo preki\u0173 gavimo dienos.<\/p>\n<p data-start=\"3299\" data-end=\"3332\">Kad gr\u0105\u017einimas b\u016bt\u0173 priimtas pagal \u0161i\u0105 savanori\u0161k\u0105 politik\u0105, prek\u0117 turi b\u016bti:<\/p>\n<ul data-start=\"3333\" data-end=\"3450\">\n<li data-start=\"3333\" data-end=\"3366\">\n<p data-start=\"3335\" data-end=\"3366\">nenaudota ir nepa\u017eeista;<\/p>\n<\/li>\n<li data-start=\"3367\" data-end=\"3450\">\n<p data-start=\"3369\" data-end=\"3450\">gr\u0105\u017einta originalioje pakuot\u0117je su visomis originaliomis etiket\u0117mis ir \u017eymomis.<\/p>\n<\/li>\n<\/ul>\n<p data-start=\"3452\" data-end=\"3628\">Kai kurioms prek\u0117ms gali b\u016bti taikomos kitokios gr\u0105\u017einimo s\u0105lygos (pavyzd\u017eiui, pagal individual\u0173 u\u017esakym\u0105 gaminamoms prek\u0117ms). Tokiais atvejais specialios s\u0105lygos bus ai\u0161kiai nurodytos prek\u0117s puslapyje prie\u0161 pirkim\u0105.<br> \u0160i savanori\u0161ka gr\u0105\u017einimo politika neturi \u012ftakos \u012fstatymuose numatytoms vartotoj\u0173 teis\u0117ms. <\/p>\n<hr data-start=\"3630\" data-end=\"3633\">\n<h2 data-start=\"3635\" data-end=\"3670\">3) Prek\u0117s, kurios negali b\u016bti gr\u0105\u017einamos<\/h2>\n<p data-start=\"3671\" data-end=\"3700\">Mes nepriimame gr\u0105\u017einim\u0173 \u0161iais atvejais:<\/p>\n<ul data-start=\"3701\" data-end=\"3831\">\n<li data-start=\"3701\" data-end=\"3738\">\n<p data-start=\"3703\" data-end=\"3738\">individualiai pagamintoms arba personalizuotoms prek\u0117ms;<\/p>\n<\/li>\n<li data-start=\"3739\" data-end=\"3763\">\n<p data-start=\"3741\" data-end=\"3763\">apatiniams drabu\u017eiams ir kojin\u0117ms, jei jie buvo i\u0161pakuoti po pristatymo d\u0117l higienos ir sveikatos apsaugos prie\u017eas\u010di\u0173;<\/p>\n<\/li>\n<li data-start=\"3764\" data-end=\"3831\">\n<p data-start=\"3766\" data-end=\"3831\">prek\u0117ms, kurios buvo naudojamos daugiau nei b\u016btina j\u0173 savyb\u0117ms ir funkcionalumui nustatyti, yra pa\u017eeistos arba gr\u0105\u017einamos be originali\u0173 etike\u010di\u0173 ar \u017eym\u0173.<\/p>\n<\/li>\n<\/ul>\n<p data-start=\"3833\" data-end=\"3982\">Jei konkreti prek\u0117 negali b\u016bti gr\u0105\u017einama d\u0117l gamintojo ar prek\u0117s kategorijos apribojim\u0173, \u0161i informacija bus ai\u0161kiai nurodyta prek\u0117s puslapyje prie\u0161 pirkim\u0105.<\/p>\n<hr data-start=\"3984\" data-end=\"3987\">\n<h2 data-start=\"3989\" data-end=\"4016\">4) Kaip prad\u0117ti gr\u0105\u017einim\u0105<\/h2>\n<p data-start=\"4017\" data-end=\"4083\">Nor\u0117dami prad\u0117ti gr\u0105\u017einim\u0105, para\u0161ykite mums el. pa\u0161tu <strong data-start=\"4051\" data-end=\"4070\"><a class=\"decorated-link cursor-pointer\" rel=\"noopener\" data-start=\"4053\" data-end=\"4068\">info@canott.com<\/a><\/strong> ir nurodykite:<\/p>\n<ul data-start=\"4084\" data-end=\"4195\">\n<li data-start=\"4084\" data-end=\"4106\">\n<p data-start=\"4086\" data-end=\"4106\">savo u\u017esakymo numer\u012f,<\/p>\n<\/li>\n<li data-start=\"4107\" data-end=\"4146\">\n<p data-start=\"4109\" data-end=\"4146\">prek\u0119 (-es), kuri\u0105 (-ias) norite gr\u0105\u017einti;<\/p>\n<\/li>\n<li data-start=\"4147\" data-end=\"4195\">\n<p data-start=\"4149\" data-end=\"4195\">gr\u0105\u017einimo prie\u017east\u012f (neprivaloma, bet naudinga).<\/p>\n<\/li>\n<\/ul>\n<p data-start=\"4197\" data-end=\"4249\">Patvirtinus j\u016bs\u0173 gr\u0105\u017einimo pra\u0161ym\u0105, pateiksime:<\/p>\n<ul data-start=\"4250\" data-end=\"4300\">\n<li data-start=\"4250\" data-end=\"4277\">\n<p data-start=\"4252\" data-end=\"4277\">gr\u0105\u017einimo adres\u0105;<\/p>\n<\/li>\n<li data-start=\"4278\" data-end=\"4300\">\n<p data-start=\"4280\" data-end=\"4300\">tolesnes gr\u0105\u017einimo instrukcijas.<\/p>\n<\/li>\n<\/ul>\n<p data-start=\"4302\" data-end=\"4360\">Jei taikoma, galime pateikti gr\u0105\u017einimo siuntos etiket\u0119.<br><\/p>\n<h3 data-start=\"4362\" data-end=\"4386\">Gr\u0105\u017einimo siuntimo i\u0161laidos<\/h3>\n<p data-start=\"4387\" data-end=\"4482\">Gr\u0105\u017einimo siuntimo i\u0161laidas paprastai apmoka pirk\u0117jas, nebent ai\u0161kiai nurodyta kitaip.<br>Jos gali b\u016bti lygios m\u016bs\u0173 standartinio pristatymo tarifams.<\/p>\n<p data-start=\"4484\" data-end=\"4499\">Galite pasirinkti vien\u0105 i\u0161 \u0161i\u0173 variant\u0173:<\/p>\n<ul data-start=\"4500\" data-end=\"4654\">\n<li data-start=\"4500\" data-end=\"4540\">\n<p data-start=\"4502\" data-end=\"4540\">savaranki\u0161kai organizuoti gr\u0105\u017einimo siunt\u0105; arba<\/p>\n<\/li>\n<li data-start=\"4541\" data-end=\"4654\">\n<p data-start=\"4543\" data-end=\"4654\">naudoti m\u016bs\u0173 pateikt\u0105 gr\u0105\u017einimo etiket\u0119 (jei ji suteikiama), tokiu atveju siuntimo i\u0161laidos gali b\u016bti i\u0161skai\u010diuotos i\u0161 gr\u0105\u017einamos sumos.<\/p>\n<\/li>\n<\/ul>\n<hr data-start=\"4656\" data-end=\"4659\">\n<h2 data-start=\"4661\" data-end=\"4674\">5) Pinig\u0173 gr\u0105\u017einimas<\/h2>\n<p data-start=\"4675\" data-end=\"4817\">Gr\u0105\u017einus prek\u0119 ir j\u0105 patikrinus, pinigai paprastai gr\u0105\u017einami per 3\u20137 darbo dienas \u012f t\u0105 pa\u010di\u0105 mok\u0117jimo priemon\u0119, kuri buvo naudota atsiskaitymui.<\/p>\n<p data-start=\"4819\" data-end=\"4921\">Atkreipiame d\u0117mes\u012f, kad bankas ar mok\u0117jimo paslaug\u0173 teik\u0117jas gali taikyti papildom\u0105 laik\u0105 l\u0117\u0161\u0173 \u012fskaitymui.<\/p>\n<h3 data-start=\"4923\" data-end=\"4943\">Kas yra gr\u0105\u017einama<\/h3>\n<ul data-start=\"4944\" data-end=\"5086\">\n<li data-start=\"4944\" data-end=\"4993\">\n<p data-start=\"4946\" data-end=\"4993\">Patvirtinto gr\u0105\u017einimo atveju gr\u0105\u017einama:<br>prek\u0117s kaina;<\/p>\n<\/li>\n<li data-start=\"4994\" data-end=\"5086\">\n<p data-start=\"4996\" data-end=\"5086\">ES atsisakymo teis\u0117s (14 dien\u0173) atveju papildomai gr\u0105\u017einamos:<br>standartinio (pigiausio si\u016blomo) pristatymo i\u0161laidos, jei jos buvo taikytos (\u017er. 1 skyri\u0173).<\/p>\n<\/li>\n<\/ul>\n<hr data-start=\"5088\" data-end=\"5091\">\n<h2 data-start=\"5093\" data-end=\"5108\">Keitimai<\/h2>\n<p data-start=\"5109\" data-end=\"5142\">Mes neatliekame tiesiogini\u0173 preki\u0173 keitim\u0173.<\/p>\n<p data-start=\"5144\" data-end=\"5251\">Jei norite gauti kit\u0105 dyd\u012f ar kit\u0105 prek\u0119, pra\u0161ome gr\u0105\u017einti \u012fsigyt\u0105 prek\u0119 pagal m\u016bs\u0173 Gr\u0105\u017einimo politik\u0105 ir pateikti nauj\u0105 u\u017esakym\u0105.<\/p>\n<hr data-start=\"5253\" data-end=\"5256\">\n<h2 data-start=\"5258\" data-end=\"5299\">7) Neatsiimtos siuntos \/ Nepavyk\u0119s pristatymas<\/h2>\n<p data-start=\"5300\" data-end=\"5338\">Jei siunta mums gr\u0105\u017einama d\u0117l to, kad:<\/p>\n<ul data-start=\"5339\" data-end=\"5481\">\n<li data-start=\"5339\" data-end=\"5420\">\n<p data-start=\"5341\" data-end=\"5420\">ji nebuvo atsiimta i\u0161 atsi\u0117mimo punkto per ve\u017e\u0117jo nustatyt\u0105 termin\u0105, arba<\/p>\n<\/li>\n<li data-start=\"5421\" data-end=\"5481\">\n<p data-start=\"5423\" data-end=\"5481\">buvo nurodytas neteisingas ar nei\u0161samus pristatymo adresas,<\/p>\n<\/li>\n<\/ul>\n<p data-start=\"5483\" data-end=\"5601\">gav\u0119 gr\u0105\u017eint\u0105 siunt\u0105 galime gr\u0105\u017einti sumok\u0117t\u0105 sum\u0105, at\u0117mus faktines pristatymo ir gr\u0105\u017einimo i\u0161laidas bei kitas tiesiogines i\u0161laidas, patirtas d\u0117l neatsiimtos ar neteisingai adresuotos siuntos.<\/p>\n<p data-start=\"5603\" data-end=\"5673\">Jei pageidaujate prek\u0119 gauti pakartotinai, tur\u0117site pateikti nauj\u0105 u\u017esakym\u0105.<\/p>\n<p data-start=\"5675\" data-end=\"5742\">Daugiau informacijos pateikiama m\u016bs\u0173 <strong data-start=\"5722\" data-end=\"5741\">Pristatymo politikoje.<\/strong><\/p>\n<hr data-start=\"5744\" data-end=\"5747\">\n<h2 data-start=\"5749\" data-end=\"5790\">8) Pa\u017eeistos, su tr\u016bkumais ar neteisingos prek\u0117s<\/h2>\n<p data-start=\"5791\" data-end=\"5910\">Jei gavote pa\u017eeist\u0105, su tr\u016bkumais ar ne t\u0105 prek\u0119, pra\u0161ome kuo grei\u010diau susisiekti su mumis el. pa\u0161tu <strong data-start=\"5858\" data-end=\"5877\"><a class=\"decorated-link cursor-pointer\" rel=\"noopener\" data-start=\"5860\" data-end=\"5875\">info@canott.com<\/a><\/strong> ir pateikti:<\/p>\n<ul data-start=\"5911\" data-end=\"5977\">\n<li data-start=\"5911\" data-end=\"5937\">\n<p data-start=\"5913\" data-end=\"5937\">savo u\u017esakymo numer\u012f;<\/p>\n<\/li>\n<li data-start=\"5938\" data-end=\"5977\">\n<p data-start=\"5940\" data-end=\"5977\">prek\u0117s ir jos pakuot\u0117s nuotraukas.<\/p>\n<\/li>\n<\/ul>\n<p data-start=\"5979\" data-end=\"6097\">I\u0161nagrin\u0117j\u0119 situacij\u0105, pasi\u016blysime tinkam\u0105 sprendim\u0105 \u2013 pakeitim\u0105, taisym\u0105, kainos suma\u017einim\u0105 arba pinig\u0173 gr\u0105\u017einim\u0105 \u2013 vadovaudamiesi galiojan\u010diais Europos S\u0105jungos vartotoj\u0173 apsaugos teis\u0117s aktais.<\/p>\n\n\t\t<\/div>\n\t\t\t\t\t<\/div>\n\n\t\n\n<\/div>\n\n\t\t<\/div>\n\n\t\t\n<style>\n#section_1690320401 {\n  padding-top: 30px;\n  padding-bottom: 30px;\n}\n<\/style>\n\t<\/section>\n\t\n\n","protected":false},"excerpt":{"rendered":"","protected":false},"author":1,"featured_media":0,"parent":0,"menu_order":0,"comment_status":"closed","ping_status":"closed","template":"","meta":{"footnotes":""},"class_list":["post-8930","page","type-page","status-publish","hentry"],"_links":{"self":[{"href":"https:\/\/canott.com\/lt\/wp-json\/wp\/v2\/pages\/8930","targetHints":{"allow":["GET"]}}],"collection":[{"href":"https:\/\/canott.com\/lt\/wp-json\/wp\/v2\/pages"}],"about":[{"href":"https:\/\/canott.com\/lt\/wp-json\/wp\/v2\/types\/page"}],"author":[{"embeddable":true,"href":"https:\/\/canott.com\/lt\/wp-json\/wp\/v2\/users\/1"}],"replies":[{"embeddable":true,"href":"https:\/\/canott.com\/lt\/wp-json\/wp\/v2\/comments?post=8930"}],"version-history":[{"count":4,"href":"https:\/\/canott.com\/lt\/wp-json\/wp\/v2\/pages\/8930\/revisions"}],"predecessor-version":[{"id":8937,"href":"https:\/\/canott.com\/lt\/wp-json\/wp\/v2\/pages\/8930\/revisions\/8937"}],"wp:attachment":[{"href":"https:\/\/canott.com\/lt\/wp-json\/wp\/v2\/media?parent=8930"}],"curies":[{"name":"wp","href":"https:\/\/api.w.org\/{rel}","templated":true}]}}