{"id":8900,"date":"2025-04-14T12:09:29","date_gmt":"2025-04-14T12:09:29","guid":{"rendered":"https:\/\/canott.com\/kontaktai"},"modified":"2026-02-15T15:34:12","modified_gmt":"2026-02-15T15:34:12","slug":"kontaktai","status":"publish","type":"page","link":"https:\/\/canott.com\/lt\/kontaktai","title":{"rendered":"Kontaktai"},"content":{"rendered":"\n\n\t<section class=\"section dark\" id=\"section_895133282\">\n\t\t<div class=\"section-bg fill\" >\n\t\t\t<img loading=\"lazy\" decoding=\"async\" width=\"1040\" height=\"1120\" src=\"https:\/\/canott.com\/wp-content\/uploads\/2025\/05\/The-Candledust-breeze-2.png\" class=\"bg attachment- size-\" alt=\"\" title=\"\">\t\t\t\t\t\t<div class=\"section-bg-overlay absolute fill\"><\/div>\n\t\t\t\n\n\t\t<\/div>\n\n\t\t\n\n\t\t<div class=\"section-content relative\">\n\t\t\t\n\n<div class=\"row\"  id=\"row-1550521099\">\n\n\n\t<div id=\"col-1685489530\" class=\"col small-12 large-12\"  >\n\t\t\t\t<div class=\"col-inner\"  >\n\t\t\t\n\t\t\t\n\n\t<div id=\"gap-554401892\" class=\"gap-element clearfix\" style=\"display:block; height:auto;\">\n\t\t\n<style>\n#gap-554401892 {\n  padding-top: 30px;\n}\n<\/style>\n\t<\/div>\n\t\n\n\t<div id=\"text-2169863841\" class=\"text\">\n\t\t\n\n<h1>Susisiekite su CANOTT<\/h1>\n\t\t\n<style>\n#text-2169863841 {\n  font-size: 1.6rem;\n  text-align: center;\n}\n<\/style>\n\t<\/div>\n\t\n\n\t\t<\/div>\n\t\t\t\t\t<\/div>\n\n\t\n\n<\/div>\n\n\t\t<\/div>\n\n\t\t\n<style>\n#section_895133282 {\n  padding-top: 30px;\n  padding-bottom: 30px;\n  min-height: 350px;\n}\n#section_895133282 .section-bg-overlay {\n  background-color: rgba(0, 0, 0, 0.116);\n}\n#section_895133282 .section-bg img {\n  object-position: 25% 91%;\n}\n<\/style>\n\t<\/section>\n\t\n\n\t<section class=\"section\" id=\"section_119055633\">\n\t\t<div class=\"section-bg fill\" >\n\t\t\t\t\t\t\t\t\t\n\t\t\t\n\n\t\t<\/div>\n\n\t\t\n\n\t\t<div class=\"section-content relative\">\n\t\t\t\n\n<div class=\"row\"  id=\"row-2046915399\">\n\n\n\t<div id=\"col-1774305915\" class=\"col medium-6 small-12 large-6\"  >\n\t\t\t\t<div class=\"col-inner\"  >\n\t\t\t\n\t\t\t\n\n\t<div id=\"text-2364084157\" class=\"text\">\n\t\t\n\n<h2 data-start=\"184\" data-end=\"210\"><strong data-start=\"187\" data-end=\"210\">Mielai jums pad\u0117sime.<\/strong><\/h2>\n<p data-start=\"212\" data-end=\"353\">Turite klausim\u0173 apie m\u016bs\u0173 produktus, u\u017esakym\u0105 ar k\u0105 nors kita?<br data-start=\"277\" data-end=\"280\">M\u016bs\u0173 komanda per\u017ei\u016br\u0117s j\u016bs\u0173 \u017einut\u0119 ir netrukus su jumis susisieks.<\/p>\n<p data-start=\"212\" data-end=\"353\">Atsakymus \u012f da\u017enai u\u017eduodamus klausimus taip pat galite rasti m\u016bs\u0173 <a href=\"https:\/\/canott.com\/faq\"><strong data-start=\"1178\" data-end=\"1185\">DUK<\/strong><\/a> skiltyje.<\/p>\n<h2 data-start=\"453\" data-end=\"482\"><strong data-start=\"456\" data-end=\"482\">Klient\u0173 aptarnavimo valandos<\/strong><\/h2>\n<p data-start=\"484\" data-end=\"548\">Pirmadienis\u2013penktadienis: 8:00\u201317:00 (EET\/EEST)<br data-start=\"521\" data-end=\"524\">Atsakome per 24 valandas<\/p>\n<hr data-start=\"550\" data-end=\"553\">\n<p data-start=\"555\" data-end=\"619\"><strong data-start=\"555\" data-end=\"572\">Pirmenyb\u0119 teikiate el. pa\u0161tui?<\/strong><br data-start=\"572\" data-end=\"575\">Taip pat galite susisiekti su mumis el. pa\u0161tu <strong data-start=\"600\" data-end=\"619\"><a class=\"decorated-link cursor-pointer\" rel=\"noopener\" data-start=\"602\" data-end=\"617\">info@canott.com<\/a><\/strong><\/p>\n<p> <\/p>\n\t\t\n<style>\n#text-2364084157 {\n  font-size: 1.1rem;\n  line-height: 1.7;\n}\n<\/style>\n\t<\/div>\n\t\n\n\t\t<\/div>\n\t\t\t\t\t<\/div>\n\n\t\n\n\t<div id=\"col-360037360\" class=\"col medium-6 small-12 large-6\"  >\n\t\t\t\t<div class=\"col-inner\"  >\n\t\t\t\n\t\t\t\n\n<style id=\"wpforms-css-vars-217\">\n\t\t\t\t#wpforms-217 {\n\t\t\t\t--wpforms-container-padding: 0px;\n--wpforms-container-border-width: 1px;\n--wpforms-container-border-radius: 3px;\n--wpforms-background-color: rgba(0, 0, 0, 0);\n--wpforms-field-size-input-height: 43px;\n--wpforms-field-size-input-spacing: 15px;\n--wpforms-field-size-font-size: 16px;\n--wpforms-field-size-line-height: 19px;\n--wpforms-field-size-padding-h: 14px;\n--wpforms-field-size-checkbox-size: 16px;\n--wpforms-field-size-sublabel-spacing: 5px;\n--wpforms-field-size-icon-size: 1;\n--wpforms-label-size-font-size: 16px;\n--wpforms-label-size-line-height: 19px;\n--wpforms-label-size-sublabel-font-size: 14px;\n--wpforms-label-size-sublabel-line-height: 17px;\n--wpforms-button-size-font-size: 17px;\n--wpforms-button-size-height: 41px;\n--wpforms-button-size-padding-h: 15px;\n--wpforms-button-size-margin-top: 10px;\n--wpforms-container-shadow-size-box-shadow: none;\n\t\t\t}\n\t\t\t<\/style><div class=\"wpforms-container wpforms-container-full wpforms-render-modern\" id=\"wpforms-217\"><form id=\"wpforms-form-217\" class=\"wpforms-validate wpforms-form wpforms-ajax-form\" data-formid=\"217\" method=\"post\" enctype=\"multipart\/form-data\" action=\"\/lt\/wp-json\/wp\/v2\/pages\/8900\" data-token=\"72f8fb2557c5deb200c84d41e7be5774\" data-token-time=\"1776312132\"><noscript class=\"wpforms-error-noscript\">Please enable JavaScript in your browser to complete this form.<\/noscript><div id=\"wpforms-error-noscript\" style=\"display: none;\">Please enable JavaScript in your browser to complete this form.<\/div><div class=\"wpforms-field-container\"><div id=\"wpforms-217-field_1-container\" class=\"wpforms-field wpforms-field-name\" data-field-id=\"1\"><label class=\"wpforms-field-label wpforms-label-hide\" for=\"wpforms-217-field_1\" aria-hidden=\"false\">Vardas ir pavard\u0117 <span class=\"wpforms-required-label\" aria-hidden=\"true\">*<\/span><\/label><input type=\"text\" id=\"wpforms-217-field_1\" class=\"wpforms-field-large wpforms-field-required\" name=\"wpforms[fields][1]\" placeholder=\"Vardas ir pavard\u0117\" aria-errormessage=\"wpforms-217-field_1-error\" required><\/div><div id=\"wpforms-217-field_2-container\" class=\"wpforms-field wpforms-field-email\" data-field-id=\"2\"><label class=\"wpforms-field-label wpforms-label-hide\" for=\"wpforms-217-field_2\" aria-hidden=\"false\">El. pa\u0161tas <span class=\"wpforms-required-label\" aria-hidden=\"true\">*<\/span><\/label><input type=\"email\" id=\"wpforms-217-field_2\" class=\"wpforms-field-large wpforms-field-required\" name=\"wpforms[fields][2]\" placeholder=\"El. pa\u0161tas\" spellcheck=\"false\" aria-errormessage=\"wpforms-217-field_2-error\" required><\/div>\t\t<div id=\"wpforms-217-field_4-container\"\n\t\t\tclass=\"wpforms-field wpforms-field-text\"\n\t\t\tdata-field-type=\"text\"\n\t\t\tdata-field-id=\"4\"\n\t\t\t>\n\t\t\t<label class=\"wpforms-field-label\" for=\"wpforms-217-field_4\" >pa\u0161tas El. ir<\/label>\n\t\t\t<input type=\"text\" id=\"wpforms-217-field_4\" class=\"wpforms-field-medium\" name=\"wpforms[fields][4]\" >\n\t\t<\/div>\n\t\t<div id=\"wpforms-217-field_3-container\" class=\"wpforms-field wpforms-field-textarea\" data-field-id=\"3\"><label class=\"wpforms-field-label wpforms-label-hide\" for=\"wpforms-217-field_3\" aria-hidden=\"false\">\u017dinut\u0117<\/label><textarea id=\"wpforms-217-field_3\" class=\"wpforms-field-medium\" name=\"wpforms[fields][3]\" placeholder=\"Kuo galime Jums pad\u0117ti?\" aria-errormessage=\"wpforms-217-field_3-error\" aria-describedby=\"wpforms-217-field_3-description\" ><\/textarea><div id=\"wpforms-217-field_3-description\" class=\"wpforms-field-description\">Jei klausimas susij\u0119s su u\u017esakymu, nurodykite u\u017esakymo numer\u012f.<\/div><\/div><script>\n\t\t\t\t( function() {\n\t\t\t\t\tconst style = document.createElement( 'style' );\n\t\t\t\t\tstyle.appendChild( document.createTextNode( '#wpforms-217-field_4-container { position: absolute !important; overflow: hidden !important; display: inline !important; height: 1px !important; width: 1px !important; z-index: -1000 !important; padding: 0 !important; } #wpforms-217-field_4-container input { visibility: hidden; } #wpforms-conversational-form-page #wpforms-217-field_4-container label { counter-increment: none; }' ) );\n\t\t\t\t\tdocument.head.appendChild( style );\n\t\t\t\t\tdocument.currentScript?.remove();\n\t\t\t\t} )();\n\t\t\t<\/script><\/div><!-- .wpforms-field-container --><div class=\"wpforms-submit-container\" ><input type=\"hidden\" name=\"wpforms[id]\" value=\"217\"><input type=\"hidden\" name=\"page_title\" value=\"\"><input type=\"hidden\" name=\"page_url\" value=\"https:\/\/canott.com\/lt\/wp-json\/wp\/v2\/pages\/8900\"><input type=\"hidden\" name=\"url_referer\" value=\"\"><button type=\"submit\" name=\"wpforms[submit]\" id=\"wpforms-submit-217\" class=\"wpforms-submit\" data-alt-text=\"Siun\u010diama...\" data-submit-text=\"Si\u0173sti \u017einut\u0119\" aria-live=\"assertive\" value=\"wpforms-submit\">Si\u0173sti \u017einut\u0119<\/button><img loading=\"lazy\" decoding=\"async\" src=\"https:\/\/canott.com\/wp-content\/plugins\/wpforms-lite\/assets\/images\/submit-spin.svg\" class=\"wpforms-submit-spinner\" style=\"display: none;\" width=\"26\" height=\"26\" alt=\"Loading\" title=\"\"><\/div><\/form><\/div>  <!-- .wpforms-container -->\n\n\t\t<\/div>\n\t\t\t\t\t<\/div>\n\n\t\n\n<\/div>\n\n\t\t<\/div>\n\n\t\t\n<style>\n#section_119055633 {\n  padding-top: 30px;\n  padding-bottom: 30px;\n}\n<\/style>\n\t<\/section>\n\t\n\n","protected":false},"excerpt":{"rendered":"","protected":false},"author":1,"featured_media":0,"parent":0,"menu_order":0,"comment_status":"closed","ping_status":"closed","template":"","meta":{"footnotes":""},"class_list":["post-8900","page","type-page","status-publish","hentry"],"_links":{"self":[{"href":"https:\/\/canott.com\/lt\/wp-json\/wp\/v2\/pages\/8900","targetHints":{"allow":["GET"]}}],"collection":[{"href":"https:\/\/canott.com\/lt\/wp-json\/wp\/v2\/pages"}],"about":[{"href":"https:\/\/canott.com\/lt\/wp-json\/wp\/v2\/types\/page"}],"author":[{"embeddable":true,"href":"https:\/\/canott.com\/lt\/wp-json\/wp\/v2\/users\/1"}],"replies":[{"embeddable":true,"href":"https:\/\/canott.com\/lt\/wp-json\/wp\/v2\/comments?post=8900"}],"version-history":[{"count":2,"href":"https:\/\/canott.com\/lt\/wp-json\/wp\/v2\/pages\/8900\/revisions"}],"predecessor-version":[{"id":8902,"href":"https:\/\/canott.com\/lt\/wp-json\/wp\/v2\/pages\/8900\/revisions\/8902"}],"wp:attachment":[{"href":"https:\/\/canott.com\/lt\/wp-json\/wp\/v2\/media?parent=8900"}],"curies":[{"name":"wp","href":"https:\/\/api.w.org\/{rel}","templated":true}]}}