{"id":8884,"date":"2025-04-14T12:09:09","date_gmt":"2025-04-14T12:09:09","guid":{"rendered":"https:\/\/canott.com\/apie"},"modified":"2026-02-15T15:32:23","modified_gmt":"2026-02-15T15:32:23","slug":"apie","status":"publish","type":"page","link":"https:\/\/canott.com\/lt\/apie","title":{"rendered":"Apie"},"content":{"rendered":"\n\n\t<section class=\"section dark\" id=\"section_145782703\">\n\t\t<div class=\"section-bg fill\" >\n\t\t\t<img loading=\"lazy\" decoding=\"async\" width=\"2362\" height=\"2362\" src=\"https:\/\/canott.com\/wp-content\/uploads\/2025\/08\/ceramic-wall-light-curve-dark-brown-duplicate-b55b6d91.jpg\" class=\"bg attachment- size-\" alt=\"\" title=\"\">\t\t\t\t\t\t<div class=\"section-bg-overlay absolute fill\"><\/div>\n\t\t\t\n\n\t\t<\/div>\n\n\t\t\n\n\t\t<div class=\"section-content relative\">\n\t\t\t\n\n<div class=\"row\"  id=\"row-944856406\">\n\n\n\t<div id=\"col-397145178\" class=\"col small-12 large-12\"  >\n\t\t\t\t<div class=\"col-inner\"  >\n\t\t\t\n\t\t\t\n\n\t<div id=\"gap-1667838812\" class=\"gap-element clearfix\" style=\"display:block; height:auto;\">\n\t\t\n<style>\n#gap-1667838812 {\n  padding-top: 30px;\n}\n<\/style>\n\t<\/div>\n\t\n\n\t<div id=\"text-3269806317\" class=\"text\">\n\t\t\n\n<h1>Apie CANOTT<\/h1>\n\t\t\n<style>\n#text-3269806317 {\n  font-size: 1.6rem;\n  text-align: center;\n}\n<\/style>\n\t<\/div>\n\t\n\n\t\t<\/div>\n\t\t\t\t\t<\/div>\n\n\t\n\n<\/div>\n\n\t\t<\/div>\n\n\t\t\n<style>\n#section_145782703 {\n  padding-top: 30px;\n  padding-bottom: 30px;\n  min-height: 350px;\n}\n#section_145782703 .section-bg-overlay {\n  background-color: rgba(6, 6, 6, 0.012);\n}\n#section_145782703 .section-bg img {\n  object-position: 100% 92%;\n}\n<\/style>\n\t<\/section>\n\t\n\n\t<section class=\"section\" id=\"section_1565584181\">\n\t\t<div class=\"section-bg fill\" >\n\t\t\t\t\t\t\t\t\t\n\t\t\t\n\n\t\t<\/div>\n\n\t\t\n\n\t\t<div class=\"section-content relative\">\n\t\t\t\n\n<div class=\"row\"  id=\"row-1632989797\">\n\n\n\t<div id=\"col-675126012\" class=\"col small-12 large-12\"  >\n\t\t\t\t<div class=\"col-inner\"  >\n\t\t\t\n\t\t\t\n\n\t<div id=\"gap-1951749983\" class=\"gap-element clearfix\" style=\"display:block; height:auto;\">\n\t\t\n<style>\n#gap-1951749983 {\n  padding-top: 30px;\n}\n<\/style>\n\t<\/div>\n\t\n\n\t<div id=\"stack-52652142\" class=\"stack stack-row justify-between items-stretch\">\n\t\t\n\n\t<div id=\"text-3128009220\" class=\"text\">\n\t\t\n\n<h2>Tai n\u0117ra dar viena parduotuv\u0117. Ir ne dar vienas daikt\u0173 perteklius.<\/h3>\n\t\t\n<style>\n#text-3128009220 {\n  font-size: 1.25rem;\n  line-height: 1.25;\n  text-align: left;\n}\n@media (min-width:550px) {\n  #text-3128009220 {\n    font-size: 1.35rem;\n    line-height: 1.3;\n  }\n}\n@media (min-width:850px) {\n  #text-3128009220 {\n    font-size: 1.6rem;\n  }\n}\n<\/style>\n\t<\/div>\n\t\n\n\t\t\n<style>\n#stack-52652142 > * {\n  --stack-gap: 0rem;\n}\n<\/style>\n\t<\/div>\n\t\n\n\t\t<\/div>\n\t\t\t\t\t<\/div>\n\n\t\n\n<\/div>\n<div class=\"row row-large\"  id=\"row-2117402292\">\n\n\n\t<div id=\"col-1464643845\" class=\"col medium-6 small-12 large-6\"  >\n\t\t\t\t<div class=\"col-inner\"  >\n\t\t\t\n\t\t\t\n\n\t<div id=\"text-2084754007\" class=\"text\">\n\t\t\n\n<p data-start=\"393\" data-end=\"585\">\n<p data-start=\"393\" data-end=\"585\">CANOTT gim\u0117 i\u0161 noro pasi\u016blyti tai, kas yra tikra.<br data-start=\"439\" data-end=\"442\">Ne masin\u0117s gamybos produktus i\u0161 anonimini\u0173 fabrik\u0173.<br data-start=\"491\" data-end=\"494\">Ne tuos pa\u010dius prek\u0117s \u017eenklus, u\u017epl\u016bdusius pasaulines platformas \u2013 da\u017enai gaminamus toli nuo viet\u0173, kuriomis jie did\u017eiuojasi.<\/p>\n<p data-start=\"587\" data-end=\"736\"><strong>\u010cia rasite tai, kas mus i\u0161skiria.<\/strong><br data-start=\"622\" data-end=\"625\">Kruop\u0161\u010diai atrinkt\u0105, nesenstan\u010di\u0173 nam\u0173 ir kasdienyb\u0117s objekt\u0173 kolekcij\u0105 \u2013 daiktus, kuriuos patys naudojame, vertiname ir kuriais tikime.<\/p>\n<p data-start=\"738\" data-end=\"984\"><strong data-start=\"738\" data-end=\"788\">Bendradarbiaujame tik su patikimais partneriais<\/strong> \u2013 nepriklausomais Europos k\u016br\u0117jais, kuri\u0173 darbe svarbus s\u0105moningumas, atsakomyb\u0117 ir gilus dizaino poj\u016btis.<br data-start=\"888\" data-end=\"891\">Tai daiktai, sukurti ilgam \u2013 i\u0161 nat\u016brali\u0173, tvari\u0173 ir atsakingai atrinkt\u0173 med\u017eiag\u0173.<\/p>\n\t\t\n<style>\n#text-2084754007 {\n  font-size: 1rem;\n  text-align: left;\n}\n@media (min-width:550px) {\n  #text-2084754007 {\n    font-size: 1rem;\n  }\n}\n@media (min-width:850px) {\n  #text-2084754007 {\n    font-size: 1.1rem;\n  }\n}\n<\/style>\n\t<\/div>\n\t\n\n\t\t<\/div>\n\t\t\t\t\t<\/div>\n\n\t\n\n\t<div id=\"col-264151234\" class=\"col medium-6 small-12 large-6\"  >\n\t\t\t\t<div class=\"col-inner\"  >\n\t\t\t\n\t\t\t\n\n\t<div id=\"text-4233588510\" class=\"text\">\n\t\t\n\n<p data-start=\"738\" data-end=\"984\">\n<p data-start=\"986\" data-end=\"1172\">Daugumos m\u016bs\u0173 produkt\u0173 nerasite masin\u0117se prekybos platformose. Ir b\u016btent toks ir yra m\u016bs\u0173 tikslas.<br data-start=\"1076\" data-end=\"1079\">Tikime ma\u017eiau, bet prasmingiau \u2013 apgalvotais pasirinkimais, l\u0117tesniu tempu ir tikra kokybe.<\/p>\n<p data-start=\"1174\" data-end=\"1268\"><strong>Be kompromis\u0173. Be triuk\u0161mo.<\/strong> Tik prasmingas dizainas, kuriamas \u017emoni\u0173, vertinan\u010di\u0173 ilgaam\u017ei\u0161kum\u0105 labiau nei trumpalaikes madas.<\/p>\n<p data-start=\"1270\" data-end=\"1373\">Tiems, kurie renkasi gyventi s\u0105moningai, rinktis atsakingai ir apsupti save tuo, kas kuria <strong>vert\u0119.<\/strong><\/p>\n\t\t\n<style>\n#text-4233588510 {\n  font-size: 1rem;\n  text-align: left;\n}\n@media (min-width:550px) {\n  #text-4233588510 {\n    font-size: 1rem;\n  }\n}\n@media (min-width:850px) {\n  #text-4233588510 {\n    font-size: 1.1rem;\n  }\n}\n<\/style>\n\t<\/div>\n\t\n<a href=\"https:\/\/canott.com\/lt\/parduotuve\" class=\"button secondary lowercase\" >\n\t\t<span>Kolekcijos<\/span>\n\t<i class=\"icon-angle-right\" aria-hidden=\"true\"><\/i><\/a>\n\n\n\n\t\t<\/div>\n\t\t\t\t\t<\/div>\n\n\t\n\n<\/div>\n\n\t\t<\/div>\n\n\t\t\n<style>\n#section_1565584181 {\n  padding-top: 50px;\n  padding-bottom: 50px;\n}\n<\/style>\n\t<\/section>\n\t\n\n\n<p><\/p>\n","protected":false},"excerpt":{"rendered":"","protected":false},"author":1,"featured_media":0,"parent":0,"menu_order":0,"comment_status":"closed","ping_status":"closed","template":"","meta":{"footnotes":""},"class_list":["post-8884","page","type-page","status-publish","hentry"],"_links":{"self":[{"href":"https:\/\/canott.com\/lt\/wp-json\/wp\/v2\/pages\/8884","targetHints":{"allow":["GET"]}}],"collection":[{"href":"https:\/\/canott.com\/lt\/wp-json\/wp\/v2\/pages"}],"about":[{"href":"https:\/\/canott.com\/lt\/wp-json\/wp\/v2\/types\/page"}],"author":[{"embeddable":true,"href":"https:\/\/canott.com\/lt\/wp-json\/wp\/v2\/users\/1"}],"replies":[{"embeddable":true,"href":"https:\/\/canott.com\/lt\/wp-json\/wp\/v2\/comments?post=8884"}],"version-history":[{"count":14,"href":"https:\/\/canott.com\/lt\/wp-json\/wp\/v2\/pages\/8884\/revisions"}],"predecessor-version":[{"id":8898,"href":"https:\/\/canott.com\/lt\/wp-json\/wp\/v2\/pages\/8884\/revisions\/8898"}],"wp:attachment":[{"href":"https:\/\/canott.com\/lt\/wp-json\/wp\/v2\/media?parent=8884"}],"curies":[{"name":"wp","href":"https:\/\/api.w.org\/{rel}","templated":true}]}}