{"id":8800,"date":"2025-04-17T12:22:02","date_gmt":"2025-04-17T12:22:02","guid":{"rendered":"https:\/\/canott.com\/paslaugu-teikimo-salygos"},"modified":"2026-02-19T06:37:34","modified_gmt":"2026-02-19T06:37:34","slug":"paslaugu-teikimo-salygos","status":"publish","type":"page","link":"https:\/\/canott.com\/lt\/paslaugu-teikimo-salygos","title":{"rendered":"Pirkimo s\u0105lygos"},"content":{"rendered":"\n\n\t<section class=\"section\" id=\"section_1656307001\">\n\t\t<div class=\"section-bg fill\" >\n\t\t\t\t\t\t\t\t\t\n\t\t\t\n\n\t\t<\/div>\n\n\t\t\n\n\t\t<div class=\"section-content relative\">\n\t\t\t\n\n\t<div id=\"gap-1813523493\" class=\"gap-element clearfix\" style=\"display:block; height:auto;\">\n\t\t\n<style>\n#gap-1813523493 {\n  padding-top: 30px;\n}\n<\/style>\n\t<\/div>\n\t\n\n<div class=\"row\"  id=\"row-1249963105\">\n\n\n\t<div id=\"col-517862206\" class=\"col medium-4 small-12 large-4\"  >\n\t\t\t\t<div class=\"col-inner\"  >\n\t\t\t\n\t\t\t\n\n\t<div id=\"text-71185931\" class=\"text\">\n\t\t\n\n<h1>Taisykl\u0117s ir s\u0105lygos<\/h1>\n\t\t\n<style>\n#text-71185931 {\n  font-size: 1rem;\n}\n@media (min-width:550px) {\n  #text-71185931 {\n    font-size: 1.1rem;\n  }\n}\n<\/style>\n\t<\/div>\n\t\n\n\t\t<\/div>\n\t\t\t\t\t<\/div>\n\n\t\n\n\t<div id=\"col-1786292558\" class=\"col medium-8 small-12 large-8\"  >\n\t\t\t\t<div class=\"col-inner\"  >\n\t\t\t\n\t\t\t\n\n<p data-start=\"1833\" data-end=\"1869\"><strong data-start=\"1833\" data-end=\"1869\">\u012esigaliojimo data: 2026 m. sausio 28 d.<\/strong><\/p>\n<p data-start=\"1871\" data-end=\"1958\">\u0160ios Taisykl\u0117s ir s\u0105lygos taikomos visiems pirkimams, atliekamiems svetain\u0117je <strong data-start=\"1923\" data-end=\"1937\">canott.com<\/strong> (toliau \u2013 \u201emes\u201c, \u201em\u016bs\u0173\u201c).<\/p>\n<p data-start=\"1960\" data-end=\"2143\">Naudodamiesi svetaine ir (arba) pateikdami u\u017esakym\u0105, j\u016bs sutinkate su m\u016bs\u0173<a href=\"https:\/\/canott.com\/lt\/pristatymo-politika\"> <strong data-start=\"2042\" data-end=\"2061\">Pristatymo<\/strong><\/a> ir <strong data-start=\"2066\" data-end=\"2083\"><a href=\"https:\/\/canott.com\/lt\/grazinimo-politika\">Gr\u0105\u017einimo politika<\/a><\/strong> (toliau \u2013 \u201ePolitikos\u201c), kurios yra neatskiriama \u0161i\u0173 Taisykli\u0173 dalis.<\/p>\n<hr data-start=\"2145\" data-end=\"2148\">\n<h2 data-start=\"2150\" data-end=\"2173\">Pardav\u0117jo informacija<\/h2>\n<p data-start=\"2174\" data-end=\"2260\"><strong data-start=\"2174\" data-end=\"2184\">Canott<\/strong><br data-start=\"2219\" data-end=\"2222\">Lithuania<br data-start=\"2231\" data-end=\"2234\">El. pa\u0161tas: <strong data-start=\"2241\" data-end=\"2260\"><a class=\"decorated-link cursor-pointer\" rel=\"noopener\" data-start=\"2243\" data-end=\"2258\">info@canott.com<\/a><\/strong><\/p>\n<hr data-start=\"2262\" data-end=\"2265\">\n<h2 data-start=\"2267\" data-end=\"2297\">1) Produktai ir informacija<\/h2>\n<p data-start=\"2298\" data-end=\"2481\">Si\u016blome kruop\u0161\u010diai atrinktus produktus i\u0161 <strong data-start=\"2340\" data-end=\"2359\">Europos preki\u0173 \u017eenkl\u0173<\/strong>. D\u0117l nat\u016brali\u0173 med\u017eiag\u0173 naudojimo ir (arba) rank\u0173 darbo gamybos prek\u0117s gali \u0161iek tiek skirtis nuo nuotrauk\u0173 ir apra\u0161ym\u0173. <\/p>\n<p data-start=\"2483\" data-end=\"2537\">Produkt\u0173 nuotraukos yra tik iliustracinio pob\u016bd\u017eio.<\/p>\n<hr data-start=\"2539\" data-end=\"2542\">\n<h2 data-start=\"2544\" data-end=\"2589\">2) U\u017esakymo pateikimas ir sutarties sudarymas<\/h2>\n<p data-start=\"2590\" data-end=\"2665\">Pateik\u0119 u\u017esakym\u0105, gausite <strong data-start=\"2636\" data-end=\"2664\">u\u017esakymo patvirtinimo el. lai\u0161k\u0105<\/strong>.<\/p>\n<p data-start=\"2667\" data-end=\"2771\">Pirkimo\u2013pardavimo sutartis laikoma sudaryta, kai patvirtiname u\u017esakymo i\u0161siuntim\u0105 arba kitu ai\u0161kiu b\u016bdu patvirtiname u\u017esakymo pri\u0117mim\u0105.<\/p>\n<p data-start=\"2773\" data-end=\"2982\">Pasiliekame teis\u0119 tam tikrais atvejais atsisakyti vykdyti arba at\u0161aukti u\u017esakym\u0105 (pavyzd\u017eiui, \u012ftarus suk\u010diavim\u0105, d\u0117l atsarg\u0173 ar kainodaros klaid\u0173, ar pristatymo apribojim\u0173). Jei mok\u0117jimas jau buvo atliktas, jis bus <strong data-start=\"2969\" data-end=\"2981\">gr\u0105\u017eintas<\/strong>. <\/p>\n<hr data-start=\"2984\" data-end=\"2987\">\n<h2 data-start=\"2989\" data-end=\"3029\">3) Pristatymo teritorija ir s\u0105lygos<\/h2>\n<p data-start=\"3030\" data-end=\"3075\">\u0160iuo metu pristatome \u012f \u0161ias \u0161alis:<\/p>\n<p data-start=\"3077\" data-end=\"3160\">Lietuva (LT), Latvija (LV), Estija (EE).<\/p>\n<p data-start=\"3162\" data-end=\"3342\">Pristatymo b\u016bdai, siunt\u0173 sekimas, numatomi pristatymo terminai ir u\u017esakymai, sudaryti i\u0161 keli\u0173 siunt\u0173 (kai prek\u0117s yra i\u0161 skirting\u0173 preki\u0173 \u017eenkl\u0173), i\u0161samiau apra\u0161yti m\u016bs\u0173 <strong data-start=\"3322\" data-end=\"3341\">Pristatymo politikoje.<\/strong><\/p>\n<p data-start=\"3344\" data-end=\"3566\">Svetain\u0117je nurodyti pristatymo terminai yra <strong data-start=\"3384\" data-end=\"3413\">orientaciniai ir n\u0117ra laikomi garantuotais terminais<\/strong>. I\u0161skirtiniais atvejais (pavyzd\u017eiui, esant didelei paklausai, tiek\u0117j\u0173 v\u0117lavimams ar piko sezonams),pristatymas gali u\u017etrukti ilgiau \u2013 iki 21 darbo dienos nuo i\u0161siuntimo dienos. <\/p>\n<p data-start=\"3568\" data-end=\"3627\">Jei \u012fvyks reik\u0161mingas v\u0117lavimas, jus informuosime el. pa\u0161tu.<\/p>\n<hr data-start=\"3629\" data-end=\"3632\">\n<h2 data-start=\"3634\" data-end=\"3669\">4) Kainos, valiuta ir mok\u0117jimai<\/h2>\n<p data-start=\"3670\" data-end=\"3796\">Visos kainos nurodytos <strong data-start=\"3694\" data-end=\"3705\">eurais (EUR)<\/strong>, nebent ai\u0161kiai nurodyta kitaip.<br data-start=\"3730\" data-end=\"3733\">Jei taikoma, visi mokes\u010diai apskai\u010diuojami atsiskaitymo metu.<\/p>\n<p data-start=\"3798\" data-end=\"3912\">Mok\u0117jimai saugiai apdorojami per <strong data-start=\"3834\" data-end=\"3844\">Stripe<\/strong> ir (arba) <strong data-start=\"3852\" data-end=\"3862\">PayPal<\/strong>.<br data-start=\"3863\" data-end=\"3866\">Mes nesaugome j\u016bs\u0173 mok\u0117jimo kortel\u0117s duomen\u0173.<\/p>\n<hr data-start=\"3914\" data-end=\"3917\">\n<h2 data-start=\"3919\" data-end=\"3940\">5) Pristatymo mokes\u010diai<\/h2>\n<p data-start=\"3941\" data-end=\"4011\">Pristatymo mokestis taikomas u\u017e vis\u0105 u\u017esakym\u0105 (ne u\u017e atskir\u0105 prek\u0119) ir priklauso nuo pristatymo \u0161alies:<\/p>\n<ul data-start=\"4013\" data-end=\"4094\">\n<li data-start=\"4013\" data-end=\"4054\">\n<p data-start=\"4015\" data-end=\"4054\"><strong data-start=\"4015\" data-end=\"4046\">Lietuva, Latvija, Estija:<\/strong> 3,99 \u20ac<\/p>\n<\/li>\n<\/ul>\n<p data-start=\"4096\" data-end=\"4163\"><strong data-start=\"4096\" data-end=\"4122\">Nemokamas standartinis pristatymas<\/strong> taikomas u\u017esakymams, kuri\u0173 vert\u0117 vir\u0161ija 99 \u20ac.<\/p>\n<p data-start=\"4165\" data-end=\"4222\">Daugiau informacijos rasite m\u016bs\u0173 <strong data-start=\"4202\" data-end=\"4221\">Pristatymo politikoje<\/strong>.<\/p>\n<hr data-start=\"4224\" data-end=\"4227\">\n<h2 data-start=\"4229\" data-end=\"4278\">6) Gr\u0105\u017einimas, pinig\u0173 gr\u0105\u017einimas ir ES atsisakymo teis\u0117<\/h2>\n<p data-start=\"4279\" data-end=\"4337\">Gr\u0105\u017einim\u0105 ir pinig\u0173 gr\u0105\u017einim\u0105 reglamentuoja m\u016bs\u0173 <strong data-start=\"4319\" data-end=\"4336\">Gr\u0105\u017einimo politika<\/strong>.<\/p>\n<p data-start=\"4339\" data-end=\"4492\">Jei esate ES\/EEE vartotojas, turite 14 dien\u0173 atsisakymo teis\u0119 nuotoliniams pirkimams, i\u0161skyrus \u012fstatymuose numatytas i\u0161imtis (pvz., higienos prekes ar individualiai pritaikytas prekes).<\/p>\n<hr data-start=\"4494\" data-end=\"4497\">\n<h2 data-start=\"4499\" data-end=\"4543\">7) Adreso tikslumas ir neatsiimtos siuntos<\/h2>\n<p data-start=\"4544\" data-end=\"4665\">J\u016bs esate atsakingi u\u017e <strong data-start=\"4578\" data-end=\"4607\">tiksl\u0173 pristatymo duomen\u0173<\/strong> pateikim\u0105 ir u\u017e siuntos atsi\u0117mim\u0105 per ve\u017e\u0117jo nustatyt\u0105 termin\u0105.<\/p>\n<p data-start=\"4667\" data-end=\"4875\">Jei siunta gr\u0105\u017einama d\u0117l neteisingo ar nepilno adreso, arba d\u0117l to, kad ji nebuvo atsiimta laiku, pinig\u0173 gr\u0105\u017einimo ar pakartotinio siuntimo tvarka apra\u0161yta m\u016bs\u0173 <strong data-start=\"4833\" data-end=\"4852\">Pristatymo politikoje<\/strong> ir <strong data-start=\"4857\" data-end=\"4874\">Gr\u0105\u017einimo politikoje<\/strong>.<\/p>\n<hr data-start=\"4877\" data-end=\"4880\">\n<h2 data-start=\"4882\" data-end=\"4925\">8) Pa\u017eeistos, sugedusios ar neteisingos prek\u0117s<\/h2>\n<p data-start=\"4926\" data-end=\"5105\">Jei j\u016bs\u0173 u\u017esakymas pristatomas pa\u017eeistas, su tr\u016bkumais arba gavote ne t\u0105 prek\u0119, kuo grei\u010diau susisiekite su <strong data-start=\"4994\" data-end=\"5013\"><a class=\"decorated-link cursor-pointer\" rel=\"noopener\" data-start=\"4996\" data-end=\"5011\">info@canott.com<\/a><\/strong> ir nurodykite u\u017esakymo numer\u012f bei prek\u0117s ir jos pakuot\u0117s nuotraukas.<\/p>\n<p data-start=\"5107\" data-end=\"5249\">Pasi\u016blysime tinkam\u0105 sprendim\u0105, pvz., <strong data-start=\"5158\" data-end=\"5200\">pakeitim\u0105, dalin\u012f pinig\u0173 gr\u0105\u017einim\u0105 arba visos sumos gr\u0105\u017einim\u0105<\/strong>, vadovaudamiesi ES vartotoj\u0173 apsaugos \u012fstatymais.<\/p>\n<hr data-start=\"5251\" data-end=\"5254\">\n<h2 data-start=\"5256\" data-end=\"5273\">9) Atsakomyb\u0117<\/h2>\n<p data-start=\"5274\" data-end=\"5448\">Mes neatsakome u\u017e v\u0117lavimus ar \u012fsipareigojim\u0173 nevykdym\u0105, atsiradusius d\u0117l aplinkybi\u0173, kuri\u0173 negalime pagr\u012fstai kontroliuoti (pvz., ve\u017e\u0117j\u0173 sutrikim\u0173, streik\u0173, ekstremali\u0173 oro s\u0105lyg\u0173 ar tiek\u0117j\u0173 problem\u0173).<\/p>\n<p data-start=\"5450\" data-end=\"5541\">N\u0117 viena \u0161i\u0173 S\u0105lyg\u0173 nuostata neriboja vartotoj\u0173 teisi\u0173, kuri\u0173 pagal galiojan\u010dius \u012fstatymus negalima atsisakyti ar apriboti.<\/p>\n<hr data-start=\"5543\" data-end=\"5546\">\n<h2 data-start=\"5548\" data-end=\"5579\">10) \u0160i\u0173 s\u0105lyg\u0173 pakeitimai<\/h2>\n<p data-start=\"5580\" data-end=\"5624\">Mes pasiliekame teis\u0119 periodi\u0161kai atnaujinti \u0161ias S\u0105lygas.<\/p>\n<p data-start=\"5626\" data-end=\"5719\">U\u017esakymo pateikimo metu svetain\u0117je galiojusi S\u0105lyg\u0173 versija bus taikoma konkre\u010diam u\u017esakymui.<\/p>\n<hr data-start=\"5721\" data-end=\"5724\">\n<h2 data-start=\"5726\" data-end=\"5783\">11) Skundai ir gin\u010d\u0173 sprendimas (Lietuva \/ ES)<\/h2>\n<p data-start=\"5784\" data-end=\"5856\">Jei turite skund\u0105, pirmiausia susisiekite su mumis el. pa\u0161tu <strong data-start=\"5836\" data-end=\"5855\"><a class=\"decorated-link cursor-pointer\" rel=\"noopener\" data-start=\"5838\" data-end=\"5853\">info@canott.com<\/a><\/strong>.<\/p>\n<p data-start=\"5858\" data-end=\"6051\">Jei esate vartotojas ir negalime i\u0161spr\u0119sti gin\u010do, galite kreiptis \u012f Valstybin\u0119 vartotoj\u0173 teisi\u0173 apsaugos tarnyb\u0105 (VVTAT) d\u0117l neteisminio vartotoj\u0173 gin\u010d\u0173 sprendimo.<\/p>\n<p data-start=\"6053\" data-end=\"6213\">\u0160ios S\u0105lygos reglamentuojamos <strong data-start=\"6097\" data-end=\"6122\">Lietuvos Respublikos<\/strong> \u012fstatymais.<br data-start=\"6123\" data-end=\"6126\">Vartotojai i\u0161laiko visas privalomas teises pagal galiojan\u010dius <strong data-start=\"6181\" data-end=\"6212\">ES vartotoj\u0173 apsaugos \u012fstatymus<\/strong>.<\/p>\n<p data-start=\"6215\" data-end=\"6309\"> <\/p>\n\n\t\t<\/div>\n\t\t\t\t\t<\/div>\n\n\t\n\n<\/div>\n\n\t\t<\/div>\n\n\t\t\n<style>\n#section_1656307001 {\n  padding-top: 30px;\n  padding-bottom: 30px;\n}\n<\/style>\n\t<\/section>\n\t\n\n\n<p><\/p>\n","protected":false},"excerpt":{"rendered":"","protected":false},"author":1,"featured_media":0,"parent":0,"menu_order":0,"comment_status":"closed","ping_status":"closed","template":"","meta":{"footnotes":""},"class_list":["post-8800","page","type-page","status-publish","hentry"],"_links":{"self":[{"href":"https:\/\/canott.com\/lt\/wp-json\/wp\/v2\/pages\/8800","targetHints":{"allow":["GET"]}}],"collection":[{"href":"https:\/\/canott.com\/lt\/wp-json\/wp\/v2\/pages"}],"about":[{"href":"https:\/\/canott.com\/lt\/wp-json\/wp\/v2\/types\/page"}],"author":[{"embeddable":true,"href":"https:\/\/canott.com\/lt\/wp-json\/wp\/v2\/users\/1"}],"replies":[{"embeddable":true,"href":"https:\/\/canott.com\/lt\/wp-json\/wp\/v2\/comments?post=8800"}],"version-history":[{"count":8,"href":"https:\/\/canott.com\/lt\/wp-json\/wp\/v2\/pages\/8800\/revisions"}],"predecessor-version":[{"id":8951,"href":"https:\/\/canott.com\/lt\/wp-json\/wp\/v2\/pages\/8800\/revisions\/8951"}],"wp:attachment":[{"href":"https:\/\/canott.com\/lt\/wp-json\/wp\/v2\/media?parent=8800"}],"curies":[{"name":"wp","href":"https:\/\/api.w.org\/{rel}","templated":true}]}}